{"id":41128,"date":"2025-02-11T16:48:35","date_gmt":"2025-02-11T14:48:35","guid":{"rendered":"https:\/\/hookahshop.lt\/?post_type=product&#038;p=41128"},"modified":"2026-04-20T23:29:41","modified_gmt":"2026-04-20T20:29:41","slug":"stikline-vandens-pypke-hanuman-25cm","status":"publish","type":"product","link":"https:\/\/hookahshop.lt\/et\/toode\/klaas-veetoru-hanuman-25cm\/","title":{"rendered":"Klaasist veetoru Hanuman 25cm"},"content":{"rendered":"<h2>Klaasist veetoru Hanuman 25cm<\/h2>\n<p>Mugav Black Leafi klaastoru on vastupidav ja sellel on kickhole kork \u2013 mis teeb puhastamise palju lihtsamaks. Veetoru on suure mahutavusega.<\/p>\n<p><strong>Spetsifikatsioonid:<\/strong><sub><br \/>\n<\/sub>K\u00f5rgus: 25 cm<br \/>\nVarre l\u00e4bim\u00f5\u00f5t: 3,8 cm<sub><br \/>\n<\/sub>Toru pikkus: 14,5 cm<br \/>\nV\u00e4rv: l\u00e4bipaistev<sub><br \/>\n<\/sub>Materjal: borosilikaatklaas<\/p>\n<p>Kas teil on k\u00fcsimusi? v\u00f5ta meiega \u00fchendust\u00a0<a href=\"https:\/\/hookahshop.lt\/et\/kontaktid\/\">kontaktide leht<\/a>\u00a0v\u00f5i saatke meile e-kiri aadressil\u00a0<a href=\"https:\/\/facebook.com\/HookahShop.lt\/\" target=\"_blank\" rel=\"noopener\">Facebooki konto<\/a>\u00a0ja vastame teie taotlusele samal p\u00e4eval.<\/p>","protected":false},"excerpt":{"rendered":"<p>Klaasist veepiip Hanuman 25cm Mugav klaasist piip firmalt &quot;Black Leaf&quot; on vastupidav ja sellel on avaga kork, mis muudab puhastamise v\u00e4ga lihtsaks. Veepiibul on suur mahutavus. Spetsifikatsioonid: K\u00f5rgus: 25cm Varre l\u00e4bim\u00f5\u00f5t: 3,8cm Toru pikkus: 14,5cm V\u00e4rvus: L\u00e4bipaistev Materjal: Borosilikaatklaas Kas teil on k\u00fcsimusi? V\u00f5tke meiega \u00fchendust kontaktide lehel v\u00f5i kirjutage meile Facebookis ja me vastame teie k\u00fcsimusele [\u2026]<\/p>","protected":false},"featured_media":41240,"comment_status":"open","ping_status":"closed","template":"","meta":[],"_links":{"self":[{"href":"https:\/\/hookahshop.lt\/et\/wp-json\/wp\/v2\/product\/41128"}],"collection":[{"href":"https:\/\/hookahshop.lt\/et\/wp-json\/wp\/v2\/product"}],"about":[{"href":"https:\/\/hookahshop.lt\/et\/wp-json\/wp\/v2\/types\/product"}],"replies":[{"embeddable":true,"href":"https:\/\/hookahshop.lt\/et\/wp-json\/wp\/v2\/comments?post=41128"}],"version-history":[{"count":3,"href":"https:\/\/hookahshop.lt\/et\/wp-json\/wp\/v2\/product\/41128\/revisions"}],"predecessor-version":[{"id":45195,"href":"https:\/\/hookahshop.lt\/et\/wp-json\/wp\/v2\/product\/41128\/revisions\/45195"}],"wp:featuredmedia":[{"embeddable":true,"href":"https:\/\/hookahshop.lt\/et\/wp-json\/wp\/v2\/media\/41240"}],"wp:attachment":[{"href":"https:\/\/hookahshop.lt\/et\/wp-json\/wp\/v2\/media?parent=41128"}],"curies":[{"name":"wp","href":"https:\/\/api.w.org\/{rel}","templated":true}]}}