{"id":41142,"date":"2025-02-11T16:58:54","date_gmt":"2025-02-11T14:58:54","guid":{"rendered":"https:\/\/hookahshop.lt\/?post_type=product&#038;p=41142"},"modified":"2026-04-19T23:30:23","modified_gmt":"2026-04-19T20:30:23","slug":"stikline-vandens-pypke-golden-leaf-35cm","status":"publish","type":"product","link":"https:\/\/hookahshop.lt\/et\/toode\/klaas-veetoru-kuldne-leht-35cm\/","title":{"rendered":"Klaasist veetoru Golden Leaf 35cm"},"content":{"rendered":"<h2>Klaasist veetoru Golden Leaf 35cm<\/h2>\n<p>Mugav klaasist piip, millel on j\u00e4\u00e4kamber, mis tagab suitsu jahutamise. T\u00e4nu v\u00f5imsale \u00f5huvarustusele kuumeneb see korralikult l\u00e4bi ja h\u00f5lbustab ka puhastamist.<\/p>\n<p><strong>Spetsifikatsioonid:<\/strong><sub><br \/>\n<\/sub>K\u00f5rgus: 35 cm<br \/>\nVarre l\u00e4bim\u00f5\u00f5t: 13,5\/5cm<sub><br \/>\n<\/sub>Toru pikkus: 18,8\/14,5cm<br \/>\nV\u00e4rv: valge<sub><br \/>\n<\/sub>Materjal: borosilikaatklaas<\/p>\n<p>Kas teil on k\u00fcsimusi? v\u00f5ta meiega \u00fchendust\u00a0<a href=\"https:\/\/hookahshop.lt\/et\/kontaktid\/\">kontaktide leht<\/a>\u00a0v\u00f5i saatke meile e-kiri aadressil\u00a0<a href=\"https:\/\/facebook.com\/HookahShop.lt\/\" target=\"_blank\" rel=\"noopener\">Facebooki konto<\/a>\u00a0ja vastame teie taotlusele samal p\u00e4eval.<\/p>","protected":false},"excerpt":{"rendered":"<p>Stiklin\u0117 vandens pypk\u0117 Golden Leaf 35cm Patogi stiklo pypk\u0117, kuri turi ledo kamer\u0105, kuri u\u017etikrina d\u016bm\u0173 au\u0161inim\u0105. Tinkamai \u012fkaista d\u0117l galingo oro tiekimo d\u0117l \u201ckickhole\u201d ki\u0161tuko, kuris taip pat palengvina valym\u0105. Specifikacijos: Auk\u0161tis: 35cm Stiebo skersmuo: 13,5\/5cm Vamzdelio ilgis: 18,8\/14,5cm Spalva: Balta Med\u017eiaga: Borosilikatinis stiklas Turite klausim\u0173? Susisiekite su mumis\u00a0kontakt\u0173 puslapyje\u00a0arba para\u0161ykite mums \u012f\u00a0Facebook paskyr\u0105\u00a0ir [&hellip;]<\/p>","protected":false},"featured_media":41243,"comment_status":"open","ping_status":"closed","template":"","meta":[],"_links":{"self":[{"href":"https:\/\/hookahshop.lt\/et\/wp-json\/wp\/v2\/product\/41142"}],"collection":[{"href":"https:\/\/hookahshop.lt\/et\/wp-json\/wp\/v2\/product"}],"about":[{"href":"https:\/\/hookahshop.lt\/et\/wp-json\/wp\/v2\/types\/product"}],"replies":[{"embeddable":true,"href":"https:\/\/hookahshop.lt\/et\/wp-json\/wp\/v2\/comments?post=41142"}],"version-history":[{"count":5,"href":"https:\/\/hookahshop.lt\/et\/wp-json\/wp\/v2\/product\/41142\/revisions"}],"predecessor-version":[{"id":45292,"href":"https:\/\/hookahshop.lt\/et\/wp-json\/wp\/v2\/product\/41142\/revisions\/45292"}],"wp:featuredmedia":[{"embeddable":true,"href":"https:\/\/hookahshop.lt\/et\/wp-json\/wp\/v2\/media\/41243"}],"wp:attachment":[{"href":"https:\/\/hookahshop.lt\/et\/wp-json\/wp\/v2\/media?parent=41142"}],"curies":[{"name":"wp","href":"https:\/\/api.w.org\/{rel}","templated":true}]}}