{"id":41145,"date":"2025-02-11T17:01:39","date_gmt":"2025-02-11T15:01:39","guid":{"rendered":"https:\/\/hookahshop.lt\/?post_type=product&#038;p=41145"},"modified":"2026-04-19T23:30:23","modified_gmt":"2026-04-19T20:30:23","slug":"stikline-vandens-pypke-ice-black-40cm","status":"publish","type":"product","link":"https:\/\/hookahshop.lt\/et\/toode\/klaas-veetoru-jaa-must-40cm\/","title":{"rendered":"Klaasist veetoru Ice Black 40cm"},"content":{"rendered":"<h2>Klaasist veetoru Ice Black 40cm<\/h2>\n<p>Sellel tugeval veetorul on tugevdatud Down-Pipe&#039;i hoidik ja difuusor. Kui suits t\u00f5useb, l\u00e4bib see 4-hoovalise perkolaatori. See tagab optimaalse jahutuse ja filtreerimise.<\/p>\n<p><strong>Spetsifikatsioonid:<\/strong><sub><br \/>\n<\/sub>K\u00f5rgus: 40 cm<br \/>\nVarre l\u00e4bim\u00f5\u00f5t: 13,4\/5,1cm<sub><br \/>\n<\/sub>Toru pikkus: 18,8\/14,5cm<br \/>\nV\u00e4rvus must<sub><br \/>\n<\/sub>Materjal: borosilikaatklaas<\/p>\n<p>Kas teil on k\u00fcsimusi? v\u00f5ta meiega \u00fchendust\u00a0<a href=\"https:\/\/hookahshop.lt\/et\/kontaktid\/\">kontaktide leht<\/a>\u00a0v\u00f5i saatke meile e-kiri aadressil\u00a0<a href=\"https:\/\/facebook.com\/HookahShop.lt\/\" target=\"_blank\" rel=\"noopener\">Facebooki konto<\/a>\u00a0ja vastame teie taotlusele samal p\u00e4eval.<\/p>","protected":false},"excerpt":{"rendered":"<p>Klaasist veepiip Ice Black 40cm See vastupidav veepiip on varustatud tugevdatud &quot;Down-Pipe&quot; hoidiku ja hajutiga. T\u00f5ustes l\u00e4bib suits nelja hoovaga perkolaatori. See tagab optimaalse jahutuse ja filtreerimise. Spetsifikatsioonid: K\u00f5rgus: 40cm Varre l\u00e4bim\u00f5\u00f5t: 13,4\/5,1cm Toru pikkus: 18,8\/14,5cm V\u00e4rvus: Must Materjal: Borosilikaatklaas Kas teil on k\u00fcsimusi? V\u00f5tke meiega \u00fchendust kontaktide lehel v\u00f5i kirjutage meile Facebookis ja me vastame [\u2026]<\/p>","protected":false},"featured_media":41248,"comment_status":"open","ping_status":"closed","template":"","meta":[],"_links":{"self":[{"href":"https:\/\/hookahshop.lt\/et\/wp-json\/wp\/v2\/product\/41145"}],"collection":[{"href":"https:\/\/hookahshop.lt\/et\/wp-json\/wp\/v2\/product"}],"about":[{"href":"https:\/\/hookahshop.lt\/et\/wp-json\/wp\/v2\/types\/product"}],"replies":[{"embeddable":true,"href":"https:\/\/hookahshop.lt\/et\/wp-json\/wp\/v2\/comments?post=41145"}],"version-history":[{"count":4,"href":"https:\/\/hookahshop.lt\/et\/wp-json\/wp\/v2\/product\/41145\/revisions"}],"predecessor-version":[{"id":45604,"href":"https:\/\/hookahshop.lt\/et\/wp-json\/wp\/v2\/product\/41145\/revisions\/45604"}],"wp:featuredmedia":[{"embeddable":true,"href":"https:\/\/hookahshop.lt\/et\/wp-json\/wp\/v2\/media\/41248"}],"wp:attachment":[{"href":"https:\/\/hookahshop.lt\/et\/wp-json\/wp\/v2\/media?parent=41145"}],"curies":[{"name":"wp","href":"https:\/\/api.w.org\/{rel}","templated":true}]}}