{"id":41148,"date":"2025-02-11T17:08:24","date_gmt":"2025-02-11T15:08:24","guid":{"rendered":"https:\/\/hookahshop.lt\/?post_type=product&#038;p=41148"},"modified":"2026-04-15T23:29:38","modified_gmt":"2026-04-15T20:29:38","slug":"stikline-vandens-pypke-hieroglyphen-35cm","status":"publish","type":"product","link":"https:\/\/hookahshop.lt\/et\/toode\/klaas-veetoru-hierogluufid-35cm\/","title":{"rendered":"Klaasist veetoru Hierogl\u00fc\u00fcfid 35cm"},"content":{"rendered":"<h2>Klaasist veetoru Hierogl\u00fc\u00fcfid 35cm<\/h2>\n<p>Mugav Black Leafi klaastoru on vastupidav ja sellel on kickhole kork \u2013 mis teeb puhastamise palju lihtsamaks. Veetoru on suure mahutavusega.<\/p>\n<p><strong>Spetsifikatsioonid:<\/strong><sub><br \/>\n<\/sub>K\u00f5rgus: 35 cm<br \/>\nVarre l\u00e4bim\u00f5\u00f5t: 14\/5,1cm<sub><br \/>\n<\/sub>Toru pikkus: 18,8\/14,5cm<br \/>\nV\u00e4rvus must<sub><br \/>\n<\/sub>Materjal: borosilikaatklaas<\/p>\n<p>Kas teil on k\u00fcsimusi? v\u00f5ta meiega \u00fchendust\u00a0<a href=\"https:\/\/hookahshop.lt\/et\/kontaktid\/\">kontaktide leht<\/a>\u00a0v\u00f5i saatke meile e-kiri aadressil\u00a0<a href=\"https:\/\/facebook.com\/HookahShop.lt\/\" target=\"_blank\" rel=\"noopener\">Facebooki konto<\/a>\u00a0ja vastame teie taotlusele samal p\u00e4eval.<\/p>","protected":false},"excerpt":{"rendered":"<p>Klaasist veepiip Hieroglyphen 35cm Mugav klaasist piip firmalt &quot;Black Leaf&quot; on vastupidav ja sellel on avaga kork, mis muudab puhastamise v\u00e4ga lihtsaks. Veepiibul on suur mahutavus. Spetsifikatsioonid: K\u00f5rgus: 35cm Varre l\u00e4bim\u00f5\u00f5t: 14\/5,1cm Toru pikkus: 18,8\/14,5cm V\u00e4rvus: Must Materjal: Borosilikaatklaas Kas teil on k\u00fcsimusi? V\u00f5tke meiega \u00fchendust kontaktide lehel v\u00f5i kirjutage meile Facebookis ja me vastame teie k\u00fcsimusele [\u2026]<\/p>","protected":false},"featured_media":41251,"comment_status":"open","ping_status":"closed","template":"","meta":[],"_links":{"self":[{"href":"https:\/\/hookahshop.lt\/et\/wp-json\/wp\/v2\/product\/41148"}],"collection":[{"href":"https:\/\/hookahshop.lt\/et\/wp-json\/wp\/v2\/product"}],"about":[{"href":"https:\/\/hookahshop.lt\/et\/wp-json\/wp\/v2\/types\/product"}],"replies":[{"embeddable":true,"href":"https:\/\/hookahshop.lt\/et\/wp-json\/wp\/v2\/comments?post=41148"}],"version-history":[{"count":4,"href":"https:\/\/hookahshop.lt\/et\/wp-json\/wp\/v2\/product\/41148\/revisions"}],"predecessor-version":[{"id":45712,"href":"https:\/\/hookahshop.lt\/et\/wp-json\/wp\/v2\/product\/41148\/revisions\/45712"}],"wp:featuredmedia":[{"embeddable":true,"href":"https:\/\/hookahshop.lt\/et\/wp-json\/wp\/v2\/media\/41251"}],"wp:attachment":[{"href":"https:\/\/hookahshop.lt\/et\/wp-json\/wp\/v2\/media?parent=41148"}],"curies":[{"name":"wp","href":"https:\/\/api.w.org\/{rel}","templated":true}]}}