{"id":41154,"date":"2025-02-11T17:14:30","date_gmt":"2025-02-11T15:14:30","guid":{"rendered":"https:\/\/hookahshop.lt\/?post_type=product&#038;p=41154"},"modified":"2026-04-15T23:29:38","modified_gmt":"2026-04-15T20:29:38","slug":"stikline-vandens-pypke-black-leaf-fire-34cm","status":"publish","type":"product","link":"https:\/\/hookahshop.lt\/et\/toode\/klaas-veetoru-must-leht-tuli-34cm\/","title":{"rendered":"Klaasist veetoru BLACK LEAF Fire 34cm"},"content":{"rendered":"<h2>Klaasist veetoru BLACK LEAF Fire 34cm<\/h2>\n<p>Sellel Black Leafi mugaval klaastorul on j\u00e4\u00e4kamber, mis tagab suitsujahutuse. See soojeneb korralikult t\u00e4nu v\u00f5imsale \u00f5huvarustusele t\u00e4nu kickhole pistikule, mis muudab ka puhastamise lihtsamaks.<\/p>\n<p><strong>Spetsifikatsioonid:<\/strong><sub><br \/>\n<\/sub>K\u00f5rgus: 34 cm<br \/>\nVarre l\u00e4bim\u00f5\u00f5t: 13\/5,1cm<sub><br \/>\n<\/sub>Toru pikkus: 18,8\/14,5cm<br \/>\nV\u00e4rv: selge\/punane<sub><br \/>\n<\/sub>Materjal: borosilikaatklaas<\/p>\n<p>Kas teil on k\u00fcsimusi? v\u00f5ta meiega \u00fchendust\u00a0<a href=\"https:\/\/hookahshop.lt\/et\/kontaktid\/\">kontaktide leht<\/a>\u00a0v\u00f5i saatke meile e-kiri aadressil\u00a0<a href=\"https:\/\/facebook.com\/HookahShop.lt\/\" target=\"_blank\" rel=\"noopener\">Facebooki konto<\/a>\u00a0ja vastame teie taotlusele samal p\u00e4eval.<\/p>","protected":false},"excerpt":{"rendered":"<p>Klaasist veepiip BLACK LEAF Fire 34cm See mugav Black Leafi klaasist piip on varustatud j\u00e4\u00e4kambriga, mis tagab suitsu jahutamise. T\u00e4nu v\u00f5imsale \u00f5huvarustusele kuumeneb see korralikult l\u00e4bi t\u00e4nu \u201ekickhole\u201c korgile, mis lihtsustab ka puhastamist. Spetsifikatsioonid: K\u00f5rgus: 34cm Varre l\u00e4bim\u00f5\u00f5t: 13\/5,1cm Toru pikkus: 18,8\/14,5cm V\u00e4rvus: L\u00e4bipaistev\/punane Materjal: Borosilikaatklaas Kas teil on k\u00fcsimusi? V\u00f5tke meiega \u00fchendust kontaktide lehel v\u00f5i [\u2026]<\/p>","protected":false},"featured_media":41261,"comment_status":"open","ping_status":"closed","template":"","meta":[],"_links":{"self":[{"href":"https:\/\/hookahshop.lt\/et\/wp-json\/wp\/v2\/product\/41154"}],"collection":[{"href":"https:\/\/hookahshop.lt\/et\/wp-json\/wp\/v2\/product"}],"about":[{"href":"https:\/\/hookahshop.lt\/et\/wp-json\/wp\/v2\/types\/product"}],"replies":[{"embeddable":true,"href":"https:\/\/hookahshop.lt\/et\/wp-json\/wp\/v2\/comments?post=41154"}],"version-history":[{"count":3,"href":"https:\/\/hookahshop.lt\/et\/wp-json\/wp\/v2\/product\/41154\/revisions"}],"predecessor-version":[{"id":45193,"href":"https:\/\/hookahshop.lt\/et\/wp-json\/wp\/v2\/product\/41154\/revisions\/45193"}],"wp:featuredmedia":[{"embeddable":true,"href":"https:\/\/hookahshop.lt\/et\/wp-json\/wp\/v2\/media\/41261"}],"wp:attachment":[{"href":"https:\/\/hookahshop.lt\/et\/wp-json\/wp\/v2\/media?parent=41154"}],"curies":[{"name":"wp","href":"https:\/\/api.w.org\/{rel}","templated":true}]}}