{"id":41169,"date":"2025-02-11T17:24:10","date_gmt":"2025-02-11T15:24:10","guid":{"rendered":"https:\/\/hookahshop.lt\/?post_type=product&#038;p=41169"},"modified":"2026-04-05T23:29:42","modified_gmt":"2026-04-05T20:29:42","slug":"stikline-vandens-pypke-black-leaf-broccoli-40cm","status":"publish","type":"product","link":"https:\/\/hookahshop.lt\/et\/toode\/klaas-veetoru-must-leht-brokkoli-40cm\/","title":{"rendered":"Klaasist veetoru MUST LEHT Brokkoli 40cm"},"content":{"rendered":"<h2>Klaasist veetoru MUST LEHT Brokkoli 40cm<\/h2>\n<p>Mugav perkolaatoriga klaastoru firmalt Black Leaf. \u00d5hku ja vett sisse hingates keerutate perkolaatorit j\u00f5uliselt. See jahutab suitsu ja filtreerib selle samal ajal. Perkolaatori funktsioon, suitsujahutus. Sellel veetorul on kickhole kork \u2013 mis teeb puhastamise palju lihtsamaks. Veetoru on suure mahutavusega.<\/p>\n<p><strong>Spetsifikatsioonid:<\/strong><sub><br \/>\n<\/sub>K\u00f5rgus: 40 cm<br \/>\nVarre l\u00e4bim\u00f5\u00f5t: 5 cm<sub><br \/>\n<\/sub>V\u00e4rv: selge\/roheline<sub><br \/>\n<\/sub>Toru pikkus: 18,8 cm<sub><br \/>\n<\/sub>Materjal: borosilikaatklaas<\/p>\n<p>Kas teil on k\u00fcsimusi? v\u00f5ta meiega \u00fchendust\u00a0<a href=\"https:\/\/hookahshop.lt\/et\/kontaktid\/\">kontaktide leht<\/a>\u00a0v\u00f5i saatke meile e-kiri aadressil\u00a0<a href=\"https:\/\/facebook.com\/HookahShop.lt\/\" target=\"_blank\" rel=\"noopener\">Facebooki konto<\/a>\u00a0ja vastame teie taotlusele samal p\u00e4eval.<\/p>","protected":false},"excerpt":{"rendered":"<p>Klaasist veepiip BLACK LEAF Broccoli 40cm Mugav klaaspiip Black Leafilt perkolaatoriga. \u00d5hu ja vee sissehingamisel p\u00f6\u00f6rleb perkolaator tugevalt. See jahutab suitsu ja filtreerib seda samal ajal. Perkolaatori funktsioon, suitsu jahutamine. Sellel veepiibul on ava kork - see muudab puhastamise palju lihtsamaks. Veepiibul on suur mahutavus. Spetsifikatsioonid: K\u00f5rgus: 40cm Varre l\u00e4bim\u00f5\u00f5t: [\u2026]<\/p>","protected":false},"featured_media":41273,"comment_status":"open","ping_status":"closed","template":"","meta":[],"_links":{"self":[{"href":"https:\/\/hookahshop.lt\/et\/wp-json\/wp\/v2\/product\/41169"}],"collection":[{"href":"https:\/\/hookahshop.lt\/et\/wp-json\/wp\/v2\/product"}],"about":[{"href":"https:\/\/hookahshop.lt\/et\/wp-json\/wp\/v2\/types\/product"}],"replies":[{"embeddable":true,"href":"https:\/\/hookahshop.lt\/et\/wp-json\/wp\/v2\/comments?post=41169"}],"version-history":[{"count":3,"href":"https:\/\/hookahshop.lt\/et\/wp-json\/wp\/v2\/product\/41169\/revisions"}],"predecessor-version":[{"id":42576,"href":"https:\/\/hookahshop.lt\/et\/wp-json\/wp\/v2\/product\/41169\/revisions\/42576"}],"wp:featuredmedia":[{"embeddable":true,"href":"https:\/\/hookahshop.lt\/et\/wp-json\/wp\/v2\/media\/41273"}],"wp:attachment":[{"href":"https:\/\/hookahshop.lt\/et\/wp-json\/wp\/v2\/media?parent=41169"}],"curies":[{"name":"wp","href":"https:\/\/api.w.org\/{rel}","templated":true}]}}