{"id":41177,"date":"2025-02-11T17:30:50","date_gmt":"2025-02-11T15:30:50","guid":{"rendered":"https:\/\/hookahshop.lt\/?post_type=product&#038;p=41177"},"modified":"2026-04-18T23:29:32","modified_gmt":"2026-04-18T20:29:32","slug":"smulkintuvas-metalinis-grey-58mm","status":"publish","type":"product","link":"https:\/\/hookahshop.lt\/et\/toode\/purustaja-metall-hall-58mm\/","title":{"rendered":"Metallipurustaja Hall 58mm"},"content":{"rendered":"<h2>Metallipurustaja Hall 58mm<\/h2>\n<p>Neljaosaline rombikujuliste hammaste ja s\u00f5elaga alumiiniumblender, millel on \u00fcmarate nurkadega alumine kamber ja kaabits. Kaas on kindlalt magnetiga kinni. Nailonist tihendusr\u00f5ngas tagab kulumisvaba lihvimise.<\/p>\n<p><strong>Spetsifikatsioonid:<\/strong><sub><br \/>\n<\/sub>K\u00f5rgus: 5,8 cm<br \/>\nVarre l\u00e4bim\u00f5\u00f5t: 6,2\/5,8cm<sub><br \/>\n<\/sub>V\u00e4rv: hall<sub><br \/>\n<\/sub>Materjal: Alumiinium<\/p>\n<p>Kas teil on k\u00fcsimusi? v\u00f5ta meiega \u00fchendust\u00a0<a href=\"https:\/\/hookahshop.lt\/et\/kontaktid\/\">kontaktide leht<\/a>\u00a0v\u00f5i saatke meile e-kiri aadressil\u00a0<a href=\"https:\/\/facebook.com\/HookahShop.lt\/\" target=\"_blank\" rel=\"noopener\">Facebooki konto<\/a>\u00a0ja vastame teie taotlusele samal p\u00e4eval.<\/p>","protected":false},"excerpt":{"rendered":"<p>Metallist purusti Hall 58mm Neljaosaline alumiiniumist purusti teemantkujuliste hammaste ja s\u00f5elaga, \u00fcmarate nurkadega alumise kambri ja kaabitsaga. Kaas hoiab kindlalt magneti. Nailonist tihendusr\u00f5ngas tagab h\u00f5\u00f5rdumisvaba jahvatamise. Spetsifikatsioonid: K\u00f5rgus: 5,8 cm V\u00f5lli l\u00e4bim\u00f5\u00f5t: 6,2\/5,8 cm V\u00e4rvus: Hall Materjal: Alumiinium Kas teil on k\u00fcsimusi? V\u00f5tke meiega \u00fchendust kontaktide lehel v\u00f5i kirjutage meile Facebookis ja me vastame teie [\u2026]<\/p>","protected":false},"featured_media":41277,"comment_status":"open","ping_status":"closed","template":"","meta":[],"_links":{"self":[{"href":"https:\/\/hookahshop.lt\/et\/wp-json\/wp\/v2\/product\/41177"}],"collection":[{"href":"https:\/\/hookahshop.lt\/et\/wp-json\/wp\/v2\/product"}],"about":[{"href":"https:\/\/hookahshop.lt\/et\/wp-json\/wp\/v2\/types\/product"}],"replies":[{"embeddable":true,"href":"https:\/\/hookahshop.lt\/et\/wp-json\/wp\/v2\/comments?post=41177"}],"version-history":[{"count":3,"href":"https:\/\/hookahshop.lt\/et\/wp-json\/wp\/v2\/product\/41177\/revisions"}],"predecessor-version":[{"id":43342,"href":"https:\/\/hookahshop.lt\/et\/wp-json\/wp\/v2\/product\/41177\/revisions\/43342"}],"wp:featuredmedia":[{"embeddable":true,"href":"https:\/\/hookahshop.lt\/et\/wp-json\/wp\/v2\/media\/41277"}],"wp:attachment":[{"href":"https:\/\/hookahshop.lt\/et\/wp-json\/wp\/v2\/media?parent=41177"}],"curies":[{"name":"wp","href":"https:\/\/api.w.org\/{rel}","templated":true}]}}