{"id":41184,"date":"2025-02-11T17:42:25","date_gmt":"2025-02-11T15:42:25","guid":{"rendered":"https:\/\/hookahshop.lt\/?post_type=product&#038;p=41184"},"modified":"2026-04-17T16:33:49","modified_gmt":"2026-04-17T13:33:49","slug":"smulkintuvas-aliuminis-grey-40mm","status":"publish","type":"product","link":"https:\/\/hookahshop.lt\/et\/toode\/purustaja-alumiinium-hall-40mm\/","title":{"rendered":"Alumiiniumpurustaja Hall 40mm"},"content":{"rendered":"<h2>Alumiiniumpurustaja Hall 40mm<\/h2>\n<p>CNC-l\u00f5igatud alumiiniumhakkur rombikujuliste hammaste ja magnetkattega. Korpus: alumine kamber, veski.<\/p>\n<p><strong>Spetsifikatsioonid:<\/strong><br \/>\nK\u00f5rgus: 16 mm<br \/>\nL\u00e4bim\u00f5\u00f5t: 4\/3,7 cm<br \/>\nV\u00e4rvus must<br \/>\nMaterjal: Alumiinium<\/p>\n<p>Kas teil on k\u00fcsimusi? v\u00f5ta meiega \u00fchendust\u00a0<a href=\"https:\/\/hookahshop.lt\/et\/kontaktid\/\">kontaktide leht<\/a>\u00a0v\u00f5i saatke meile e-kiri aadressil\u00a0<a href=\"https:\/\/facebook.com\/HookahShop.lt\/\" target=\"_blank\" rel=\"noopener\">Facebooki konto<\/a>\u00a0ja vastame teie taotlusele samal p\u00e4eval.<\/p>","protected":false},"excerpt":{"rendered":"<p>Alumiiniumpurustaja Hall 40mm CNC l\u00f5ikega alumiiniumpurustaja teemantkujuliste hammaste ja magnetilise kaanega. Korpus: alumine kamber, veski. Spetsifikatsioonid: K\u00f5rgus: 16mm L\u00e4bim\u00f5\u00f5t: 4\/3,7cm V\u00e4rvus: Must Materjal: Alumiinium Kas teil on k\u00fcsimusi? V\u00f5tke meiega \u00fchendust kontaktide lehel v\u00f5i kirjutage meile Facebookis ja me vastame teie p\u00e4ringule samal p\u00e4eval.<\/p>","protected":false},"featured_media":41283,"comment_status":"open","ping_status":"closed","template":"","meta":[],"_links":{"self":[{"href":"https:\/\/hookahshop.lt\/et\/wp-json\/wp\/v2\/product\/41184"}],"collection":[{"href":"https:\/\/hookahshop.lt\/et\/wp-json\/wp\/v2\/product"}],"about":[{"href":"https:\/\/hookahshop.lt\/et\/wp-json\/wp\/v2\/types\/product"}],"replies":[{"embeddable":true,"href":"https:\/\/hookahshop.lt\/et\/wp-json\/wp\/v2\/comments?post=41184"}],"version-history":[{"count":6,"href":"https:\/\/hookahshop.lt\/et\/wp-json\/wp\/v2\/product\/41184\/revisions"}],"predecessor-version":[{"id":43506,"href":"https:\/\/hookahshop.lt\/et\/wp-json\/wp\/v2\/product\/41184\/revisions\/43506"}],"wp:featuredmedia":[{"embeddable":true,"href":"https:\/\/hookahshop.lt\/et\/wp-json\/wp\/v2\/media\/41283"}],"wp:attachment":[{"href":"https:\/\/hookahshop.lt\/et\/wp-json\/wp\/v2\/media?parent=41184"}],"curies":[{"name":"wp","href":"https:\/\/api.w.org\/{rel}","templated":true}]}}