{"id":41187,"date":"2025-02-11T17:46:27","date_gmt":"2025-02-11T15:46:27","guid":{"rendered":"https:\/\/hookahshop.lt\/?post_type=product&#038;p=41187"},"modified":"2026-04-14T23:29:46","modified_gmt":"2026-04-14T20:29:46","slug":"stikline-vandens-pypke-anonymous-cylinder-25cm","status":"publish","type":"product","link":"https:\/\/hookahshop.lt\/et\/toode\/klaas-veetoru-anonuumne-silinder-25cm\/","title":{"rendered":"Klaasist veetoru Anon\u00fc\u00fcmne Silinder 25cm"},"content":{"rendered":"<h2>Klaasist veetoru Anon\u00fc\u00fcmne Silinder 25cm<\/h2>\n<p>V\u00e4ike anon\u00fc\u00fcmse maski disainiga klaasist bong, suurep\u00e4rane l\u00f6\u00f6kaugu ja j\u00e4\u00e4s\u00e4lgud.<\/p>\n<p><strong>Spetsifikatsioonid:<\/strong><sub><br \/>\n<\/sub>K\u00f5rgus: 21 cm<br \/>\nVarre l\u00e4bim\u00f5\u00f5t: 4 cm<br \/>\nToru pikkus: 14,5 cm<br \/>\nV\u00e4rv: l\u00e4bipaistev<sub><br \/>\n<\/sub>Materjal: borosilikaatklaas<\/p>\n<p>Kas teil on k\u00fcsimusi? v\u00f5ta meiega \u00fchendust\u00a0<a href=\"https:\/\/hookahshop.lt\/et\/kontaktid\/\">kontaktide leht<\/a>\u00a0v\u00f5i saatke meile e-kiri aadressil\u00a0<a href=\"https:\/\/facebook.com\/HookahShop.lt\/\" target=\"_blank\" rel=\"noopener\">Facebooki konto<\/a>\u00a0ja vastame teie taotlusele samal p\u00e4eval.<\/p>","protected":false},"excerpt":{"rendered":"<p>Klaasist veepiip Anonymous Silinder 25cm V\u00e4ike klaasist bong Anonymous maski disainiga, suure ava ja j\u00e4\u00e4piludega. Spetsifikatsioonid: K\u00f5rgus: 21cm Varre l\u00e4bim\u00f5\u00f5t: 4cm Toru pikkus: 14,5cm V\u00e4rvus: L\u00e4bipaistev Materjal: Borosilikaatklaas Kas teil on k\u00fcsimusi? V\u00f5tke meiega \u00fchendust kontaktide lehel v\u00f5i kirjutage meile Facebookis ja me vastame teie k\u00fcsimusele samal p\u00e4eval.<\/p>","protected":false},"featured_media":41285,"comment_status":"open","ping_status":"closed","template":"","meta":[],"_links":{"self":[{"href":"https:\/\/hookahshop.lt\/et\/wp-json\/wp\/v2\/product\/41187"}],"collection":[{"href":"https:\/\/hookahshop.lt\/et\/wp-json\/wp\/v2\/product"}],"about":[{"href":"https:\/\/hookahshop.lt\/et\/wp-json\/wp\/v2\/types\/product"}],"replies":[{"embeddable":true,"href":"https:\/\/hookahshop.lt\/et\/wp-json\/wp\/v2\/comments?post=41187"}],"version-history":[{"count":5,"href":"https:\/\/hookahshop.lt\/et\/wp-json\/wp\/v2\/product\/41187\/revisions"}],"predecessor-version":[{"id":45192,"href":"https:\/\/hookahshop.lt\/et\/wp-json\/wp\/v2\/product\/41187\/revisions\/45192"}],"wp:featuredmedia":[{"embeddable":true,"href":"https:\/\/hookahshop.lt\/et\/wp-json\/wp\/v2\/media\/41285"}],"wp:attachment":[{"href":"https:\/\/hookahshop.lt\/et\/wp-json\/wp\/v2\/media?parent=41187"}],"curies":[{"name":"wp","href":"https:\/\/api.w.org\/{rel}","templated":true}]}}