{"id":41198,"date":"2025-02-11T17:52:18","date_gmt":"2025-02-11T15:52:18","guid":{"rendered":"https:\/\/hookahshop.lt\/?post_type=product&#038;p=41198"},"modified":"2026-04-17T16:33:49","modified_gmt":"2026-04-17T13:33:49","slug":"tinkliukas-black-leaf-12mm","status":"publish","type":"product","link":"https:\/\/hookahshop.lt\/et\/toode\/vork-must-leht-12mm\/","title":{"rendered":"V\u00f5rgusilm MUST LEHT 12mm"},"content":{"rendered":"<h2>V\u00f5rgusilm MUST LEHT 12mm<\/h2>\n<p>Kvaliteetne roostevabast terasest v\u00f5rk l\u00e4bim\u00f5\u00f5duga 15mm.<\/p>\n<p>Kas teil on k\u00fcsimusi? v\u00f5ta meiega \u00fchendust\u00a0<a href=\"https:\/\/hookahshop.lt\/et\/kontaktid\/\">kontaktide leht<\/a>\u00a0v\u00f5i saatke meile e-kiri aadressil\u00a0<a href=\"https:\/\/facebook.com\/HookahShop.lt\/\" target=\"_blank\" rel=\"noopener\">Facebooki konto<\/a>\u00a0ja vastame teie taotlusele samal p\u00e4eval.<\/p>","protected":false},"excerpt":{"rendered":"<p>V\u00f5rk BLACK LEAF 12mm Kvaliteetne roostevabast terasest v\u00f5rk l\u00e4bim\u00f5\u00f5duga 15mm. Kas teil on k\u00fcsimusi? V\u00f5tke meiega \u00fchendust kontaktide lehel v\u00f5i kirjutage meile Facebookis ja me vastame teie p\u00e4ringule samal p\u00e4eval.<\/p>","protected":false},"featured_media":41288,"comment_status":"open","ping_status":"closed","template":"","meta":[],"_links":{"self":[{"href":"https:\/\/hookahshop.lt\/et\/wp-json\/wp\/v2\/product\/41198"}],"collection":[{"href":"https:\/\/hookahshop.lt\/et\/wp-json\/wp\/v2\/product"}],"about":[{"href":"https:\/\/hookahshop.lt\/et\/wp-json\/wp\/v2\/types\/product"}],"replies":[{"embeddable":true,"href":"https:\/\/hookahshop.lt\/et\/wp-json\/wp\/v2\/comments?post=41198"}],"version-history":[{"count":3,"href":"https:\/\/hookahshop.lt\/et\/wp-json\/wp\/v2\/product\/41198\/revisions"}],"predecessor-version":[{"id":44644,"href":"https:\/\/hookahshop.lt\/et\/wp-json\/wp\/v2\/product\/41198\/revisions\/44644"}],"wp:featuredmedia":[{"embeddable":true,"href":"https:\/\/hookahshop.lt\/et\/wp-json\/wp\/v2\/media\/41288"}],"wp:attachment":[{"href":"https:\/\/hookahshop.lt\/et\/wp-json\/wp\/v2\/media?parent=41198"}],"curies":[{"name":"wp","href":"https:\/\/api.w.org\/{rel}","templated":true}]}}