{"id":41201,"date":"2025-02-11T17:54:33","date_gmt":"2025-02-11T15:54:33","guid":{"rendered":"https:\/\/hookahshop.lt\/?post_type=product&#038;p=41201"},"modified":"2026-04-14T23:29:46","modified_gmt":"2026-04-14T20:29:46","slug":"tinkliukai-black-leaf-blue-12mm-3vnt","status":"publish","type":"product","link":"https:\/\/hookahshop.lt\/et\/toode\/vorgud-must-lehe-sinine-12mm-3tk\/","title":{"rendered":"V\u00f5rgud BLACK LEAF Blue 12mm 3tk"},"content":{"rendered":"<h2>V\u00f5rgud BLACK LEAF Blue 12mm 3tk<\/h2>\n<p>Kvaliteetne roostevabast terasest v\u00f5rk l\u00e4bim\u00f5\u00f5duga 12mm.<\/p>\n<p>Kogus karbis: 3tk.<\/p>\n<p>Kas teil on k\u00fcsimusi? v\u00f5ta meiega \u00fchendust\u00a0<a href=\"https:\/\/hookahshop.lt\/et\/kontaktid\/\">kontaktide leht<\/a>\u00a0v\u00f5i saatke meile e-kiri aadressil\u00a0<a href=\"https:\/\/facebook.com\/HookahShop.lt\/\" target=\"_blank\" rel=\"noopener\">Facebooki konto<\/a>\u00a0ja vastame teie taotlusele samal p\u00e4eval.<\/p>","protected":false},"excerpt":{"rendered":"<p>V\u00f5rgud BLACK LEAF Blue 12mm 3tk Kvaliteetsed roostevabast terasest v\u00f5rgud l\u00e4bim\u00f5\u00f5duga 12mm. Kogus karbis: 3tk. Kas teil on k\u00fcsimusi? V\u00f5tke meiega \u00fchendust kontaktide lehel v\u00f5i kirjutage meile Facebookis ja me vastame teie p\u00e4ringule samal p\u00e4eval.<\/p>","protected":false},"featured_media":41290,"comment_status":"open","ping_status":"closed","template":"","meta":[],"_links":{"self":[{"href":"https:\/\/hookahshop.lt\/et\/wp-json\/wp\/v2\/product\/41201"}],"collection":[{"href":"https:\/\/hookahshop.lt\/et\/wp-json\/wp\/v2\/product"}],"about":[{"href":"https:\/\/hookahshop.lt\/et\/wp-json\/wp\/v2\/types\/product"}],"replies":[{"embeddable":true,"href":"https:\/\/hookahshop.lt\/et\/wp-json\/wp\/v2\/comments?post=41201"}],"version-history":[{"count":6,"href":"https:\/\/hookahshop.lt\/et\/wp-json\/wp\/v2\/product\/41201\/revisions"}],"predecessor-version":[{"id":45291,"href":"https:\/\/hookahshop.lt\/et\/wp-json\/wp\/v2\/product\/41201\/revisions\/45291"}],"wp:featuredmedia":[{"embeddable":true,"href":"https:\/\/hookahshop.lt\/et\/wp-json\/wp\/v2\/media\/41290"}],"wp:attachment":[{"href":"https:\/\/hookahshop.lt\/et\/wp-json\/wp\/v2\/media?parent=41201"}],"curies":[{"name":"wp","href":"https:\/\/api.w.org\/{rel}","templated":true}]}}