{"id":41399,"date":"2025-03-06T15:16:10","date_gmt":"2025-03-06T13:16:10","guid":{"rendered":"https:\/\/hookahshop.lt\/?post_type=product&#038;p=41399"},"modified":"2026-04-06T23:29:39","modified_gmt":"2026-04-06T20:29:39","slug":"elektroninis-kaljanas-enso-shisha","status":"publish","type":"product","link":"https:\/\/hookahshop.lt\/et\/toode\/elektrooniline-vesipiip-enso-shisha\/","title":{"rendered":"Elektrooniline vesipiip ENSO Shisha"},"content":{"rendered":"<h2>Elektrooniline vesipiip ENSO Shisha<\/h2>\n<p>See on t\u00e4iesti uut t\u00fc\u00fcpi transporditav elektrooniline vesipiip (nimetatakse ka Weeshaks). Seadmel on magnetvooliku pistik. Vee filtreerimiss\u00fcsteemi kasutades v\u00f5ib see kontsentraate aurustada. Vesipiibul on k\u00fcttere\u017eiim, nii et see ei vaja s\u00fctt.<br \/>\nTubakakonteineri maht: 15-25 g<\/p>\n<p><strong>Spetsifikatsioon:<\/strong><br \/>\nAku: 5000 mAh<br \/>\nT\u00f6\u00f6aeg: kuni 2 tundi \u2013 laadimine v\u00f5tab aega umbes 3h 30min.<br \/>\nKolb: ~ 0,2 l<br \/>\nM\u00f5\u00f5dud: 33 x 12 cm<br \/>\nKaal: 2,5 kg<br \/>\nVooliku\u00fchendus: magnetiline<sub><br \/>\n<\/sub>Voolik: silikoon<\/p>\n<p><strong>Materjalid:<\/strong><br \/>\nTugev tsingisulamist korpus<br \/>\nKlaasist kolb<br \/>\nPortselanist kuumakamber<br \/>\nPortselanist tass<br \/>\nAlumiiniumist \u00fchekordne tubakakonteiner<br \/>\nRoostevabast terasest huulik<br \/>\nVegan nahast rihm<\/p>\n<p><strong>Varustus:<\/strong><br \/>\n1x Enso vesipiip<br \/>\n1x USB-C laadimiskaabel<br \/>\n1x aku<br \/>\n1x Euroopa pistikuadapter<br \/>\n2x metallkorgid<br \/>\n10x \u00fchekordsed topsid<br \/>\n2x korduvkasutatavad tassid<br \/>\n5x silikoonist huulik<br \/>\n1x silikoonist huuliku kate<br \/>\n1x voolik<br \/>\n1x puhastusventiil<br \/>\n1x tihend<br \/>\nx1 puhastuskomplekt<\/p>\n<p><strong>Garantiiperiood:<\/strong><br \/>\n12 kuud.<\/p>\n<p>Kas teil on k\u00fcsimusi? v\u00f5ta meiega \u00fchendust\u00a0<a href=\"https:\/\/hookahshop.lt\/et\/kontaktid\/\">kontaktide leht<\/a>\u00a0v\u00f5i saatke meile e-kiri aadressil\u00a0<a href=\"https:\/\/facebook.com\/HookahShop.lt\/\" target=\"_blank\" rel=\"noopener\">Facebooki konto<\/a>\u00a0ja vastame teie taotlusele samal p\u00e4eval.<\/p>","protected":false},"excerpt":{"rendered":"<p>Elektrooniline vesipiip ENSO Shisha See on t\u00e4iesti uut t\u00fc\u00fcpi kaasaskantav elektrooniline vesipiip (nimetatakse ka Weeshaks). Seadmel on magnetiline vooliku\u00fchendus. Veefiltris\u00fcsteemi abil saab see kontsentraate aurustada. Vesipiibul on k\u00fcttere\u017eiim, seega ei vaja see s\u00fctt. Tubakakonteineri maht: 15\u201325 g Spetsifikatsioon: Aku: 5000 mAh T\u00f6\u00f6aeg: kuni 2 tundi - laadimine v\u00f5tab aega umbes 3 tundi [\u2026]<\/p>","protected":false},"featured_media":41406,"comment_status":"open","ping_status":"closed","template":"","meta":[],"_links":{"self":[{"href":"https:\/\/hookahshop.lt\/et\/wp-json\/wp\/v2\/product\/41399"}],"collection":[{"href":"https:\/\/hookahshop.lt\/et\/wp-json\/wp\/v2\/product"}],"about":[{"href":"https:\/\/hookahshop.lt\/et\/wp-json\/wp\/v2\/types\/product"}],"replies":[{"embeddable":true,"href":"https:\/\/hookahshop.lt\/et\/wp-json\/wp\/v2\/comments?post=41399"}],"version-history":[{"count":11,"href":"https:\/\/hookahshop.lt\/et\/wp-json\/wp\/v2\/product\/41399\/revisions"}],"predecessor-version":[{"id":41768,"href":"https:\/\/hookahshop.lt\/et\/wp-json\/wp\/v2\/product\/41399\/revisions\/41768"}],"wp:featuredmedia":[{"embeddable":true,"href":"https:\/\/hookahshop.lt\/et\/wp-json\/wp\/v2\/media\/41406"}],"wp:attachment":[{"href":"https:\/\/hookahshop.lt\/et\/wp-json\/wp\/v2\/media?parent=41399"}],"curies":[{"name":"wp","href":"https:\/\/api.w.org\/{rel}","templated":true}]}}