{"id":41469,"date":"2025-03-15T16:27:51","date_gmt":"2025-03-15T14:27:51","guid":{"rendered":"https:\/\/hookahshop.lt\/?post_type=product&#038;p=41469"},"modified":"2026-04-15T23:29:39","modified_gmt":"2026-04-15T20:29:39","slug":"karscio-kamera-ghost","status":"publish","type":"product","link":"https:\/\/hookahshop.lt\/et\/toode\/kuum-kaamera-kummitus\/","title":{"rendered":"Soojuskaamera GHOST"},"content":{"rendered":"<h2><strong>Soojuskaamera GHOST<\/strong><\/h2>\n<p>T\u00e4nu tootmises kasutatud kvaliteetsetele materjalidele s\u00e4ilitab GHOST oma v\u00e4limuse ja kestab kaua. Spetsiaalsed sooned v\u00e4hendavad tassi libisemist.<\/p>\n<p><strong>Spetsifikatsioonid:<\/strong><sub><br \/>\n<\/sub>P\u00f5hja l\u00e4bim\u00f5\u00f5t: ~7 cm<br \/>\nPealmine l\u00e4bim\u00f5\u00f5t (v\u00e4limine): 6 cm<br \/>\nPealmine l\u00e4bim\u00f5\u00f5t (sisemine): 5 cm<br \/>\nMaterjal: roostevaba teras<br \/>\nKaal: ~200 g<\/p>\n<p>Kas teil on k\u00fcsimusi? v\u00f5ta meiega \u00fchendust\u00a0<a href=\"https:\/\/hookahshop.lt\/et\/kontaktid\/\">kontaktide leht<\/a>\u00a0v\u00f5i saatke meile e-kiri aadressil\u00a0<a href=\"https:\/\/facebook.com\/HookahShop.lt\/\" target=\"_blank\" rel=\"noopener\">Facebooki konto<\/a>\u00a0ja vastame teie taotlusele samal p\u00e4eval.<\/p>","protected":false},"excerpt":{"rendered":"<p>Kuumkamber GHOST T\u00e4nu tootmises kasutatud kvaliteetsele materjalile s\u00e4ilitab GHOST oma v\u00e4limuse ja kestab kaua. Spetsiaalsed s\u00e4lgud v\u00e4hendavad tassi libisemist. Spetsifikatsioonid: P\u00f5hja l\u00e4bim\u00f5\u00f5t: ~7 cm \u00dclemine l\u00e4bim\u00f5\u00f5t (v\u00e4limine): 6 cm \u00dclemine l\u00e4bim\u00f5\u00f5t (sisemine): 5 cm Materjal: roostevaba teras Kaal: ~200 g Kas teil on k\u00fcsimusi? V\u00f5tke meiega \u00fchendust kontaktide lehel v\u00f5i kirjutage meile Facebookis ja me vastame teie [\u2026]<\/p>","protected":false},"featured_media":41471,"comment_status":"open","ping_status":"closed","template":"","meta":[],"_links":{"self":[{"href":"https:\/\/hookahshop.lt\/et\/wp-json\/wp\/v2\/product\/41469"}],"collection":[{"href":"https:\/\/hookahshop.lt\/et\/wp-json\/wp\/v2\/product"}],"about":[{"href":"https:\/\/hookahshop.lt\/et\/wp-json\/wp\/v2\/types\/product"}],"replies":[{"embeddable":true,"href":"https:\/\/hookahshop.lt\/et\/wp-json\/wp\/v2\/comments?post=41469"}],"version-history":[{"count":3,"href":"https:\/\/hookahshop.lt\/et\/wp-json\/wp\/v2\/product\/41469\/revisions"}],"predecessor-version":[{"id":41616,"href":"https:\/\/hookahshop.lt\/et\/wp-json\/wp\/v2\/product\/41469\/revisions\/41616"}],"wp:featuredmedia":[{"embeddable":true,"href":"https:\/\/hookahshop.lt\/et\/wp-json\/wp\/v2\/media\/41471"}],"wp:attachment":[{"href":"https:\/\/hookahshop.lt\/et\/wp-json\/wp\/v2\/media?parent=41469"}],"curies":[{"name":"wp","href":"https:\/\/api.w.org\/{rel}","templated":true}]}}