{"id":41478,"date":"2025-03-15T17:12:36","date_gmt":"2025-03-15T15:12:36","guid":{"rendered":"https:\/\/hookahshop.lt\/?post_type=product&#038;p=41478"},"modified":"2026-05-14T23:30:05","modified_gmt":"2026-05-14T20:30:05","slug":"yla-kaljano-tabakui-na-grani","status":"publish","type":"product","link":"https:\/\/hookahshop.lt\/et\/toode\/vesipiibu-tubakas-grani-peal\/","title":{"rendered":"Yla vesipiibu tubakas NA GRANI"},"content":{"rendered":"<h2>Yla vesipiibu tubakas NA GRANI<\/h2>\n<p>Valmistatud kvaliteetsest roostevabast terasest, originaaldisain as\u00fcmmeetrilise freesiga, mis ei lase t\u00e4pil laualt maha veereda. Koosneb k\u00e4epidemest ja labast endast ning t\u00e4nu oma kompaktsele suurusele on see mugav reisimiseks ning mahub ideaalselt seljakotti v\u00f5i isegi taskusse. Aksessuaar sobib suurep\u00e4raselt igap\u00e4evaseks kasutamiseks ja sobib h\u00e4sti ka kingituseks vesipiibu armastajatele. M\u00fc\u00fcakse kaubam\u00e4rgiga puidust karbis.<\/p>\n<p><strong>Spetsifikatsioonid:<\/strong><sub><br \/>\n<\/sub>Pikkus: 10 cm<sub><br \/>\n<\/sub>Materjal: roostevaba teras<\/p>\n<p>Kas teil on k\u00fcsimusi? v\u00f5ta meiega \u00fchendust\u00a0<a href=\"https:\/\/hookahshop.lt\/et\/kontaktid\/\">kontaktide leht<\/a>\u00a0v\u00f5i saatke meile e-kiri aadressil\u00a0<a href=\"https:\/\/facebook.com\/HookahShop.lt\/\" target=\"_blank\" rel=\"noopener\">Facebooki konto<\/a>\u00a0ja vastame teie taotlusele samal p\u00e4eval.<\/p>","protected":false},"excerpt":{"rendered":"<p>Vesipiibu tubaka-naas NA GRANI Valmistatud kvaliteetsest roostevabast terasest, originaalse disainiga ja as\u00fcmmeetrilise freesiga, mis hoiab \u00e4ra n\u00f5ela laualt maha veeremise. See koosneb k\u00e4epidemest ja n\u00f5elast endast ning oma kompaktse suuruse t\u00f5ttu on see mugav reisimiseks, mahub ideaalselt seljakotti v\u00f5i isegi taskusse. Aksessuaar sobib suurep\u00e4raselt igap\u00e4evaseks kasutamiseks ja on ka heaks kingituseks vesipiibu armastajatele. [\u2026]<\/p>","protected":false},"featured_media":41503,"comment_status":"open","ping_status":"closed","template":"","meta":[],"_links":{"self":[{"href":"https:\/\/hookahshop.lt\/et\/wp-json\/wp\/v2\/product\/41478"}],"collection":[{"href":"https:\/\/hookahshop.lt\/et\/wp-json\/wp\/v2\/product"}],"about":[{"href":"https:\/\/hookahshop.lt\/et\/wp-json\/wp\/v2\/types\/product"}],"replies":[{"embeddable":true,"href":"https:\/\/hookahshop.lt\/et\/wp-json\/wp\/v2\/comments?post=41478"}],"version-history":[{"count":2,"href":"https:\/\/hookahshop.lt\/et\/wp-json\/wp\/v2\/product\/41478\/revisions"}],"predecessor-version":[{"id":41619,"href":"https:\/\/hookahshop.lt\/et\/wp-json\/wp\/v2\/product\/41478\/revisions\/41619"}],"wp:featuredmedia":[{"embeddable":true,"href":"https:\/\/hookahshop.lt\/et\/wp-json\/wp\/v2\/media\/41503"}],"wp:attachment":[{"href":"https:\/\/hookahshop.lt\/et\/wp-json\/wp\/v2\/media?parent=41478"}],"curies":[{"name":"wp","href":"https:\/\/api.w.org\/{rel}","templated":true}]}}