{"id":41508,"date":"2025-03-15T18:58:07","date_gmt":"2025-03-15T16:58:07","guid":{"rendered":"https:\/\/hookahshop.lt\/?post_type=product&#038;p=41508"},"modified":"2026-04-22T23:30:07","modified_gmt":"2026-04-22T20:30:07","slug":"kolba-kaljanui-vg-craft-ice-effect-smoke","status":"publish","type":"product","link":"https:\/\/hookahshop.lt\/et\/toode\/vesipiibu-kolb-vg-kasitoo-jaa-efekt-suits\/","title":{"rendered":"Vesipiibu kolb VG Craft Ice Effect Smoke"},"content":{"rendered":"<h2><strong>Vesipiibu kolb VG Craft Ice Effect Smoke<\/strong><\/h2>\n<p>Seda iseloomustab \u00f5hukese j\u00e4\u00e4kihi m\u00f5ju, mis muudab selle v\u00e4limuse veelgi ilmekamaks. Suitsukolb on suitsuv\u00e4rvi, mis sarnaneb Crafti mudeliga.<\/p>\n<p><strong>Spetsifikatsioonid:<\/strong><sub><br \/>\n<\/sub>K\u00f5rgus: 24,9 cm<br \/>\nKaal: ~1750 g<br \/>\nV\u00e4lisl\u00e4bim\u00f5\u00f5t: 7 cm<br \/>\nSisel\u00e4bim\u00f5\u00f5t: 4,6 cm<br \/>\nToote materjal: klaas<\/p>\n<p>Kas teil on k\u00fcsimusi? v\u00f5ta meiega \u00fchendust\u00a0<a href=\"https:\/\/hookahshop.lt\/et\/kontaktid\/\">kontaktide leht<\/a>\u00a0v\u00f5i saatke meile e-kiri aadressil\u00a0<a href=\"https:\/\/facebook.com\/HookahShop.lt\/\" target=\"_blank\" rel=\"noopener\">Facebooki konto<\/a>\u00a0ja vastame teie taotlusele samal p\u00e4eval.<\/p>\n<p><strong>\u00a0<\/strong><\/p>","protected":false},"excerpt":{"rendered":"<p>Vesipiibu termos VG Craft Ice Effect Smoke Seda iseloomustab \u00f5hukese j\u00e4\u00e4kihi efekt, mis muudab selle v\u00e4limuse veelgi ilmekamaks. Suitsutermos on suitsuse v\u00e4rvusega, sarnaselt &quot;Craft&quot; mudeliga. Spetsifikatsioonid: K\u00f5rgus: 24,9 cm Kaal: ~1750 g V\u00e4lisl\u00e4bim\u00f5\u00f5t: 7 cm Sisel\u00e4bim\u00f5\u00f5t: 4,6 cm Toote materjal: klaas Kas teil on k\u00fcsimusi? V\u00f5tke meiega \u00fchendust kontaktide lehel v\u00f5i kirjutage meile Facebookis ja [\u2026]<\/p>","protected":false},"featured_media":41509,"comment_status":"open","ping_status":"closed","template":"","meta":[],"_links":{"self":[{"href":"https:\/\/hookahshop.lt\/et\/wp-json\/wp\/v2\/product\/41508"}],"collection":[{"href":"https:\/\/hookahshop.lt\/et\/wp-json\/wp\/v2\/product"}],"about":[{"href":"https:\/\/hookahshop.lt\/et\/wp-json\/wp\/v2\/types\/product"}],"replies":[{"embeddable":true,"href":"https:\/\/hookahshop.lt\/et\/wp-json\/wp\/v2\/comments?post=41508"}],"version-history":[{"count":4,"href":"https:\/\/hookahshop.lt\/et\/wp-json\/wp\/v2\/product\/41508\/revisions"}],"predecessor-version":[{"id":43080,"href":"https:\/\/hookahshop.lt\/et\/wp-json\/wp\/v2\/product\/41508\/revisions\/43080"}],"wp:featuredmedia":[{"embeddable":true,"href":"https:\/\/hookahshop.lt\/et\/wp-json\/wp\/v2\/media\/41509"}],"wp:attachment":[{"href":"https:\/\/hookahshop.lt\/et\/wp-json\/wp\/v2\/media?parent=41508"}],"curies":[{"name":"wp","href":"https:\/\/api.w.org\/{rel}","templated":true}]}}