{"id":41518,"date":"2025-03-15T19:15:02","date_gmt":"2025-03-15T17:15:02","guid":{"rendered":"https:\/\/hookahshop.lt\/?post_type=product&#038;p=41518"},"modified":"2026-04-15T23:29:39","modified_gmt":"2026-04-15T20:29:39","slug":"karscio-kamera-darkside-d-heater","status":"publish","type":"product","link":"https:\/\/hookahshop.lt\/et\/toode\/darkside-d-heater-kaamera\/","title":{"rendered":"Soojuskamber DARKSIDE D k\u00fcttekeha"},"content":{"rendered":"<h2><strong>Soojuskamber DARKSIDE D k\u00fcttekeha<\/strong><\/h2>\n<p>Valmistatud kvaliteetsest alumiiniumist mati viimistlusega. Kasutatud materjalid muudavad kuumutuskambri kergesti kuumemaks, mis on suurep\u00e4rane algajatele kasutajatele, kuid sessiooni intensiivsuse suurendamiseks v\u00f5ite lisada rohkem s\u00fctt.<\/p>\n<p><strong>Spetsifikatsioonid:<\/strong><sub><br \/>\n<\/sub>K\u00f5rgus: 3 cm<br \/>\nL\u00e4bim\u00f5\u00f5t (v\u00e4limine): 7,5 cm<br \/>\nL\u00e4bim\u00f5\u00f5t (sisemine): 6 cm<br \/>\nKaal: 80 g<br \/>\nMaterjal: alumiinium<\/p>\n<p>Kas teil on k\u00fcsimusi? v\u00f5ta meiega \u00fchendust\u00a0<a href=\"https:\/\/hookahshop.lt\/et\/kontaktid\/\">kontaktide leht<\/a>\u00a0v\u00f5i saatke meile e-kiri aadressil\u00a0<a href=\"https:\/\/facebook.com\/HookahShop.lt\/\" target=\"_blank\" rel=\"noopener\">Facebooki konto<\/a>\u00a0ja vastame teie taotlusele samal p\u00e4eval.<\/p>","protected":false},"excerpt":{"rendered":"<p>Kar\u0161\u010dio kamera DARKSIDE D Heater Pagaminta i\u0161 auk\u0161tos kokyb\u0117s aliuminio su matine danga. D\u0117l naudojam\u0173 med\u017eiag\u0173 kar\u0161\u010dio kamera lengvai \u012fkaista, o tai puikiai tinka pirm\u0105 kart\u0105 besinaudojantiems, ta\u010diau galite prid\u0117ti daugiau anglies, kad padidintum\u0117te seanso intensyvum\u0105. Specifikacijos: Auk\u0161tis: 3 \u00a0cm Skersmuo (i\u0161or\u0117): 7,5 cm Skersmuo (vidus): 6 cm Svoris: 80 g Med\u017eiaga: aliuminis Turite klausim\u0173? [&hellip;]<\/p>","protected":false},"featured_media":41519,"comment_status":"open","ping_status":"closed","template":"","meta":[],"_links":{"self":[{"href":"https:\/\/hookahshop.lt\/et\/wp-json\/wp\/v2\/product\/41518"}],"collection":[{"href":"https:\/\/hookahshop.lt\/et\/wp-json\/wp\/v2\/product"}],"about":[{"href":"https:\/\/hookahshop.lt\/et\/wp-json\/wp\/v2\/types\/product"}],"replies":[{"embeddable":true,"href":"https:\/\/hookahshop.lt\/et\/wp-json\/wp\/v2\/comments?post=41518"}],"version-history":[{"count":6,"href":"https:\/\/hookahshop.lt\/et\/wp-json\/wp\/v2\/product\/41518\/revisions"}],"predecessor-version":[{"id":45579,"href":"https:\/\/hookahshop.lt\/et\/wp-json\/wp\/v2\/product\/41518\/revisions\/45579"}],"wp:featuredmedia":[{"embeddable":true,"href":"https:\/\/hookahshop.lt\/et\/wp-json\/wp\/v2\/media\/41519"}],"wp:attachment":[{"href":"https:\/\/hookahshop.lt\/et\/wp-json\/wp\/v2\/media?parent=41518"}],"curies":[{"name":"wp","href":"https:\/\/api.w.org\/{rel}","templated":true}]}}