{"id":41524,"date":"2025-03-15T19:11:06","date_gmt":"2025-03-15T17:11:06","guid":{"rendered":"https:\/\/hookahshop.lt\/?post_type=product&#038;p=41524"},"modified":"2026-04-13T16:24:13","modified_gmt":"2026-04-13T13:24:13","slug":"sakute-yla-smoke","status":"publish","type":"product","link":"https:\/\/hookahshop.lt\/et\/toode\/sakute-yla-suitsu\/","title":{"rendered":"Kahvel awl Smoke"},"content":{"rendered":"<h2><strong>Kahvel awl Smoke<\/strong><\/h2>\n<p>Muudab tubaka sisestamise lihtsamaks ja tagab mugava kasutamise. See on valmistatud tugevast terasest, mis muudab selle \u00e4\u00e4rmiselt vastupidavaks ja t\u00f6\u00f6kindlaks. V\u00e4ikeste m\u00f5\u00f5tmete t\u00f5ttu istub see ideaalselt teie k\u00e4tte. Kahvli-ikke kombinatsioon paistab silma uuendusliku disaini ja k\u00f5rgklassi materjalidega.<\/p>\n<p><strong>Spetsifikatsioonid:<\/strong><sub><br \/>\n<\/sub>Materjal: roostevaba teras<sub><br \/>\n<\/sub>Pikkus: 16 cm<\/p>\n<p>Kas teil on k\u00fcsimusi? v\u00f5ta meiega \u00fchendust\u00a0<a href=\"https:\/\/hookahshop.lt\/et\/kontaktid\/\">kontaktide leht<\/a>\u00a0v\u00f5i saatke meile e-kiri aadressil\u00a0<a href=\"https:\/\/facebook.com\/HookahShop.lt\/\" target=\"_blank\" rel=\"noopener\">Facebooki konto<\/a>\u00a0ja vastame teie taotlusele samal p\u00e4eval.<\/p>","protected":false},"excerpt":{"rendered":"<p>Kahvel-nael Suits Lihtsustab tubaka sisestamist ja tagab mugava kasutamise. See on valmistatud tugevast terasest, mis muudab selle \u00e4\u00e4rmiselt vastupidavaks ja t\u00f6\u00f6kindlaks. Oma v\u00e4ikeste m\u00f5\u00f5tmete t\u00f5ttu sobib see ideaalselt k\u00e4tte. Kahvli-naela kombinatsiooni iseloomustab uuenduslik disain ja kvaliteetsed materjalid. Spetsifikatsioonid: Materjal: roostevaba teras Pikkus: 16 cm Kas teil on k\u00fcsimusi? V\u00f5tke meiega \u00fchendust kontaktide lehel v\u00f5i kirjutage meile Facebookis ja me vastame [\u2026]<\/p>","protected":false},"featured_media":41525,"comment_status":"open","ping_status":"closed","template":"","meta":[],"_links":{"self":[{"href":"https:\/\/hookahshop.lt\/et\/wp-json\/wp\/v2\/product\/41524"}],"collection":[{"href":"https:\/\/hookahshop.lt\/et\/wp-json\/wp\/v2\/product"}],"about":[{"href":"https:\/\/hookahshop.lt\/et\/wp-json\/wp\/v2\/types\/product"}],"replies":[{"embeddable":true,"href":"https:\/\/hookahshop.lt\/et\/wp-json\/wp\/v2\/comments?post=41524"}],"version-history":[{"count":3,"href":"https:\/\/hookahshop.lt\/et\/wp-json\/wp\/v2\/product\/41524\/revisions"}],"predecessor-version":[{"id":43281,"href":"https:\/\/hookahshop.lt\/et\/wp-json\/wp\/v2\/product\/41524\/revisions\/43281"}],"wp:featuredmedia":[{"embeddable":true,"href":"https:\/\/hookahshop.lt\/et\/wp-json\/wp\/v2\/media\/41525"}],"wp:attachment":[{"href":"https:\/\/hookahshop.lt\/et\/wp-json\/wp\/v2\/media?parent=41524"}],"curies":[{"name":"wp","href":"https:\/\/api.w.org\/{rel}","templated":true}]}}