{"id":41528,"date":"2025-03-15T19:13:41","date_gmt":"2025-03-15T17:13:41","guid":{"rendered":"https:\/\/hookahshop.lt\/?post_type=product&#038;p=41528"},"modified":"2026-04-15T23:29:39","modified_gmt":"2026-04-15T20:29:39","slug":"taurele-kaljanui-oblako-solo-classic-yellow","status":"publish","type":"product","link":"https:\/\/hookahshop.lt\/et\/toode\/vesipiibu-tass-pilv-soolo-klassika-kollane\/","title":{"rendered":"Vesipiibu tass OBLAKO Solo Classic Kollane"},"content":{"rendered":"<h2>Vesipiibu tass OBLAKO Solo Classic Kollane<\/h2>\n<p>V\u00e4ike vorm on optimeeritud l\u00fchikeste seansside jaoks, mist\u00f5ttu on see ideaalne valik \u00fcksikute rituaalide jaoks. Kuid vaatamata v\u00e4ikesele kujule mahub Oblaki Solo tassi ainult 5-8 grammi tubakat. See pole mitte ainult \u00f6konoomne, vaid tagab ka 35\u201345-minutilise seansi.<\/p>\n<p><strong>Spetsifikatsioonid:<\/strong><sub><br \/>\n<\/sub>K\u00f5rgus: 5 cm<sub><br \/>\n<\/sub>L\u00e4bim\u00f5\u00f5t: 6,5 cm<sub><br \/>\n<\/sub>Aukude arv: 5 tk.<sub><br \/>\n<\/sub>Materjal: savi<\/p>\n<p>Kas teil on k\u00fcsimusi? v\u00f5ta meiega \u00fchendust\u00a0<a href=\"https:\/\/hookahshop.lt\/et\/kontaktid\/\">kontaktide leht<\/a>\u00a0v\u00f5i saatke meile e-kiri aadressil\u00a0<a href=\"https:\/\/facebook.com\/HookahShop.lt\/\" target=\"_blank\" rel=\"noopener\">Facebooki konto<\/a>\u00a0ja vastame teie taotlusele samal p\u00e4eval.<\/p>","protected":false},"excerpt":{"rendered":"<p>Vesipiibukauss OBLAKO Solo Classic Yellow V\u00e4ike kuju on optimeeritud l\u00fchikesteks seanssideks, mist\u00f5ttu on see ideaalne valik individuaalseteks rituaalideks. Vaatamata v\u00e4ikesele kujule mahutab Oblak Solo kauss vaid 5-8 grammi tubakat. See pole mitte ainult \u00f6konoomne, vaid tagab ka 35-45-minutilise seansi. Spetsifikatsioonid: K\u00f5rgus: 5 cm L\u00e4bim\u00f5\u00f5t: 6,5 cm Aukude arv: 5 tk Materjal: savi Kas teil on k\u00fcsimusi? [\u2026]<\/p>","protected":false},"featured_media":41579,"comment_status":"open","ping_status":"closed","template":"","meta":[],"_links":{"self":[{"href":"https:\/\/hookahshop.lt\/et\/wp-json\/wp\/v2\/product\/41528"}],"collection":[{"href":"https:\/\/hookahshop.lt\/et\/wp-json\/wp\/v2\/product"}],"about":[{"href":"https:\/\/hookahshop.lt\/et\/wp-json\/wp\/v2\/types\/product"}],"replies":[{"embeddable":true,"href":"https:\/\/hookahshop.lt\/et\/wp-json\/wp\/v2\/comments?post=41528"}],"version-history":[{"count":4,"href":"https:\/\/hookahshop.lt\/et\/wp-json\/wp\/v2\/product\/41528\/revisions"}],"predecessor-version":[{"id":43316,"href":"https:\/\/hookahshop.lt\/et\/wp-json\/wp\/v2\/product\/41528\/revisions\/43316"}],"wp:featuredmedia":[{"embeddable":true,"href":"https:\/\/hookahshop.lt\/et\/wp-json\/wp\/v2\/media\/41579"}],"wp:attachment":[{"href":"https:\/\/hookahshop.lt\/et\/wp-json\/wp\/v2\/media?parent=41528"}],"curies":[{"name":"wp","href":"https:\/\/api.w.org\/{rel}","templated":true}]}}