{"id":41540,"date":"2025-03-15T19:25:26","date_gmt":"2025-03-15T17:25:26","guid":{"rendered":"https:\/\/hookahshop.lt\/?post_type=product&#038;p=41540"},"modified":"2026-04-19T23:30:23","modified_gmt":"2026-04-19T20:30:23","slug":"kaljanas-darkside-orion-obsidian-black","status":"publish","type":"product","link":"https:\/\/hookahshop.lt\/et\/toode\/vesipiibu-tume-orion-obsidiaan-must\/","title":{"rendered":"Vesipiip DARKSIDE Orion Obsidian Black"},"content":{"rendered":"<h2><strong>Vesipiip DARKSIDE Orion Obsidian Black<\/strong><\/h2>\n<p>\u00dchendab uuendusliku disaini, kvaliteetse osade t\u00f6\u00f6tlemise ja klassikalise traditsioonilise atraktiivsuse. See t\u00e4hendab, et sellel mudelil ei ole hajutit, seega on vesipiibu kasutamisel t\u00f5mme klassikaline (takistusega raskem).<\/p>\n<p><strong>Spetsifikatsioonid:<\/strong><sub><br \/>\n<\/sub>Vesipiibu k\u00f5rgus: 52 cm<br \/>\nKaal: 3 kg<sub><br \/>\n<\/sub>Materjal: roostevaba teras ja pol\u00fcatsetaal<sub><br \/>\n<\/sub>Vooliku\u00fchendus: magnetiline<sub><br \/>\n<\/sub>Vesipiibu t\u00f5mbamine: klassikaline raske (ilma hajutita)<\/p>\n<p>Kas teil on k\u00fcsimusi? v\u00f5ta meiega \u00fchendust\u00a0<a href=\"https:\/\/hookahshop.lt\/et\/kontaktid\/\">kontaktide leht<\/a>\u00a0v\u00f5i saatke meile e-kiri aadressil\u00a0<a href=\"https:\/\/facebook.com\/HookahShop.lt\/\" target=\"_blank\" rel=\"noopener\">Facebooki konto<\/a>\u00a0ja vastame teie taotlusele samal p\u00e4eval.<\/p>","protected":false},"excerpt":{"rendered":"<p>Vesipiip DARKSIDE Orion Obsidian Black \u00dchendab endas uuendusliku disaini, osade kvaliteetse t\u00f6\u00f6tlemise ja klassikalise traditsioonilise veoj\u00f5u. See t\u00e4hendab, et sellel mudelil puudub hajuti, seega on vesipiibu kasutades veoj\u00f5ud klassikaline (takistusega raskem). Spetsifikatsioonid: Vesipiibu k\u00f5rgus: 52 cm Kaal: 3 kg Materjal: roostevaba teras ja pol\u00fcatsetaal Vooliku\u00fchendus: magnetiline Vesipiibu veoj\u00f5ud: klassikaliselt tugev (ilma hajutita) Teil on [\u2026]<\/p>","protected":false},"featured_media":41541,"comment_status":"open","ping_status":"closed","template":"","meta":[],"_links":{"self":[{"href":"https:\/\/hookahshop.lt\/et\/wp-json\/wp\/v2\/product\/41540"}],"collection":[{"href":"https:\/\/hookahshop.lt\/et\/wp-json\/wp\/v2\/product"}],"about":[{"href":"https:\/\/hookahshop.lt\/et\/wp-json\/wp\/v2\/types\/product"}],"replies":[{"embeddable":true,"href":"https:\/\/hookahshop.lt\/et\/wp-json\/wp\/v2\/comments?post=41540"}],"version-history":[{"count":2,"href":"https:\/\/hookahshop.lt\/et\/wp-json\/wp\/v2\/product\/41540\/revisions"}],"predecessor-version":[{"id":41569,"href":"https:\/\/hookahshop.lt\/et\/wp-json\/wp\/v2\/product\/41540\/revisions\/41569"}],"wp:featuredmedia":[{"embeddable":true,"href":"https:\/\/hookahshop.lt\/et\/wp-json\/wp\/v2\/media\/41541"}],"wp:attachment":[{"href":"https:\/\/hookahshop.lt\/et\/wp-json\/wp\/v2\/media?parent=41540"}],"curies":[{"name":"wp","href":"https:\/\/api.w.org\/{rel}","templated":true}]}}