{"id":41544,"date":"2025-03-15T19:28:35","date_gmt":"2025-03-15T17:28:35","guid":{"rendered":"https:\/\/hookahshop.lt\/?post_type=product&#038;p=41544"},"modified":"2026-04-06T23:29:40","modified_gmt":"2026-04-06T20:29:40","slug":"kandiklis-kaljanui-arma-silver","status":"publish","type":"product","link":"https:\/\/hookahshop.lt\/et\/toode\/vesipiip-huulik-arma-hobe\/","title":{"rendered":"Vesipiibu huulik ARMA Silver"},"content":{"rendered":"<h2><strong>Vesipiibu huulik ARMA Silver<\/strong><\/h2>\n<p>Koosneb kahest osast. Komplekt sisaldab pistikut.<sub><br \/>\n<\/sub>Huulik + pistik ARMA on k\u00e4es mugav ja sobib erinevatele vesipiipidele.<\/p>\n<p><strong>Spetsifikatsioonid:<\/strong><sub><br \/>\n<\/sub>Materjal: alumiinium<sub><br \/>\n<\/sub>V\u00e4rvus: h\u00f5bedane<sub><br \/>\n<\/sub>Huuliku pikkus: 30 cm<sub><br \/>\n<\/sub>Sisemise huuliku l\u00e4bim\u00f5\u00f5t: 9 mm<\/p>\n<p>Kas teil on k\u00fcsimusi? v\u00f5ta meiega \u00fchendust\u00a0<a href=\"https:\/\/hookahshop.lt\/et\/kontaktid\/\">kontaktide leht<\/a>\u00a0v\u00f5i saatke meile e-kiri aadressil\u00a0<a href=\"https:\/\/facebook.com\/HookahShop.lt\/\" target=\"_blank\" rel=\"noopener\">Facebooki konto<\/a>\u00a0ja vastame teie taotlusele samal p\u00e4eval.<\/p>","protected":false},"excerpt":{"rendered":"<p>Vesipiibu suuotsik ARMA h\u00f5bedane Koosneb kahest osast. Komplekt sisaldab \u00fchendust. Suuotsik + \u00fchendustoru ARMA on k\u00e4es mugav ja sobib erinevatele vesipiipudele. Spetsifikatsioonid: Materjal: alumiinium V\u00e4rvus: h\u00f5bedane Suuotsiku pikkus: 30 cm Suuotsiku sisel\u00e4bim\u00f5\u00f5t: 9 mm Kas teil on k\u00fcsimusi? V\u00f5tke meiega \u00fchendust kontaktide lehel v\u00f5i kirjutage meile Facebookis ja me vastame teie p\u00e4ringule samal p\u00e4eval.<\/p>","protected":false},"featured_media":41545,"comment_status":"open","ping_status":"closed","template":"","meta":[],"_links":{"self":[{"href":"https:\/\/hookahshop.lt\/et\/wp-json\/wp\/v2\/product\/41544"}],"collection":[{"href":"https:\/\/hookahshop.lt\/et\/wp-json\/wp\/v2\/product"}],"about":[{"href":"https:\/\/hookahshop.lt\/et\/wp-json\/wp\/v2\/types\/product"}],"replies":[{"embeddable":true,"href":"https:\/\/hookahshop.lt\/et\/wp-json\/wp\/v2\/comments?post=41544"}],"version-history":[{"count":2,"href":"https:\/\/hookahshop.lt\/et\/wp-json\/wp\/v2\/product\/41544\/revisions"}],"predecessor-version":[{"id":41621,"href":"https:\/\/hookahshop.lt\/et\/wp-json\/wp\/v2\/product\/41544\/revisions\/41621"}],"wp:featuredmedia":[{"embeddable":true,"href":"https:\/\/hookahshop.lt\/et\/wp-json\/wp\/v2\/media\/41545"}],"wp:attachment":[{"href":"https:\/\/hookahshop.lt\/et\/wp-json\/wp\/v2\/media?parent=41544"}],"curies":[{"name":"wp","href":"https:\/\/api.w.org\/{rel}","templated":true}]}}