{"id":41556,"date":"2025-03-15T19:39:04","date_gmt":"2025-03-15T17:39:04","guid":{"rendered":"https:\/\/hookahshop.lt\/?post_type=product&#038;p=41556"},"modified":"2026-04-10T23:29:47","modified_gmt":"2026-04-10T20:29:47","slug":"kaljanas-aroma-hookah-golf-black","status":"publish","type":"product","link":"https:\/\/hookahshop.lt\/et\/toode\/vesipiibu-aroomi-vesipiibu-golfi-must\/","title":{"rendered":"Vesipiip AROMA HOOKAH Golf Black"},"content":{"rendered":"<h2>Vesipiip AROMA HOOKAH Golf Black<\/h2>\n<p>Sellel on usaldusv\u00e4\u00e4rne alus ja pol\u00fcketaalkate, mis tagab selle stabiilsuse ja vastupidavuse. Vesipiibu sisemised osad on valmistatud roostevabast terasest, mis mitte ainult ei anna sellele suurt tugevust, vaid kaitseb seda ka korrosiooni eest.<\/p>\n<p><strong>Spetsifikatsioonid:<\/strong><sub><br \/>\n<\/sub>Varre l\u00e4bim\u00f5\u00f5t: 1,6 cm<sub><br \/>\n<\/sub>K\u00f5rgus: 57 cm<br \/>\nHajuti: jah (kerge tuulet\u00f5mbus)<br \/>\nHajuti: eemaldatav (saab teha raske klassikalise t\u00f5mbe)<sub><br \/>\n<\/sub>Materjal: roostevaba teras<br \/>\nP\u00e4ritoluriik: Ukraina<\/p>\n<p><strong>Pakett sisaldab: vesipiipu, huulikut, voolikut.<br \/>\n<img decoding=\"async\" loading=\"lazy\" class=\"alignnone size-medium wp-image-38521\" src=\"https:\/\/hookahshop.lt\/wp-content\/uploads\/2020\/09\/stiebas-zarna-kandiklis-1-300x273.jpg\" alt=\"- hookahshop.lt\" width=\"300\" height=\"273\" srcset=\"https:\/\/hookahshop.lt\/wp-content\/uploads\/2020\/09\/stiebas-zarna-kandiklis-1-300x273.jpg 300w, https:\/\/hookahshop.lt\/wp-content\/uploads\/2020\/09\/stiebas-zarna-kandiklis-1-13x12.jpg 13w, https:\/\/hookahshop.lt\/wp-content\/uploads\/2020\/09\/stiebas-zarna-kandiklis-1-64x58.jpg 64w, https:\/\/hookahshop.lt\/wp-content\/uploads\/2020\/09\/stiebas-zarna-kandiklis-1.jpg 420w\" sizes=\"(max-width: 300px) 100vw, 300px\" title=\"\"><br \/>\n<\/strong><\/p>\n<p>Kas teil on k\u00fcsimusi? v\u00f5ta meiega \u00fchendust\u00a0<a href=\"https:\/\/hookahshop.lt\/et\/kontaktid\/\">kontaktide leht<\/a>\u00a0v\u00f5i saatke meile e-kiri aadressil\u00a0<a href=\"https:\/\/facebook.com\/HookahShop.lt\/\" target=\"_blank\" rel=\"noopener\">Facebooki konto<\/a>\u00a0ja vastame teie taotlusele samal p\u00e4eval.<\/p>","protected":false},"excerpt":{"rendered":"<p>Vesipiip AROMA HOOKAH Golf Black Sellel on usaldusv\u00e4\u00e4rne alus ja pol\u00fcketaalkate, mis tagavad stabiilsuse ja vastupidavuse. Vesipiibu sisemised osad on valmistatud roostevabast terasest, mis mitte ainult ei anna sellele suurt tugevust, vaid kaitseb ka korrosiooni eest. Spetsifikatsioonid: Varre l\u00e4bim\u00f5\u00f5t: 1,6 cm K\u00f5rgus: 57 cm Hajuti: jah (n\u00f5rk t\u00f5mme) Hajuti: eemaldatav (v\u00f5imalus teha tugev-klassikaline t\u00f5mme) [\u2026]<\/p>","protected":false},"featured_media":41557,"comment_status":"open","ping_status":"closed","template":"","meta":[],"_links":{"self":[{"href":"https:\/\/hookahshop.lt\/et\/wp-json\/wp\/v2\/product\/41556"}],"collection":[{"href":"https:\/\/hookahshop.lt\/et\/wp-json\/wp\/v2\/product"}],"about":[{"href":"https:\/\/hookahshop.lt\/et\/wp-json\/wp\/v2\/types\/product"}],"replies":[{"embeddable":true,"href":"https:\/\/hookahshop.lt\/et\/wp-json\/wp\/v2\/comments?post=41556"}],"version-history":[{"count":9,"href":"https:\/\/hookahshop.lt\/et\/wp-json\/wp\/v2\/product\/41556\/revisions"}],"predecessor-version":[{"id":45407,"href":"https:\/\/hookahshop.lt\/et\/wp-json\/wp\/v2\/product\/41556\/revisions\/45407"}],"wp:featuredmedia":[{"embeddable":true,"href":"https:\/\/hookahshop.lt\/et\/wp-json\/wp\/v2\/media\/41557"}],"wp:attachment":[{"href":"https:\/\/hookahshop.lt\/et\/wp-json\/wp\/v2\/media?parent=41556"}],"curies":[{"name":"wp","href":"https:\/\/api.w.org\/{rel}","templated":true}]}}