{"id":41634,"date":"2025-03-20T13:33:56","date_gmt":"2025-03-20T11:33:56","guid":{"rendered":"https:\/\/hookahshop.lt\/?post_type=product&#038;p=41634"},"modified":"2026-04-14T23:29:46","modified_gmt":"2026-04-14T20:29:46","slug":"kaljano-anglies-laikiklis-xl-black","status":"publish","type":"product","link":"https:\/\/hookahshop.lt\/et\/toode\/vesipiibu-susinikuhoidja-xl-must\/","title":{"rendered":"Vesipiibu s\u00f6ehoidja XL Must"},"content":{"rendered":"<h2>Vesipiibu s\u00f6ehoidja XL Must<\/h2>\n<p>See on loodud kivis\u00f6e turvaliseks hoidmiseks \u00fches kohas.<\/p>\n<p><strong>Spetsifikatsioonid:<\/strong><br \/>\nK\u00f5rgus: 42 cm<br \/>\nDiameeter (taldrik): ~16cm<\/p>\n<p>Kas teil on k\u00fcsimusi? v\u00f5ta meiega \u00fchendust\u00a0<a href=\"https:\/\/hookahshop.lt\/et\/kontaktid\/\">kontaktide leht<\/a>\u00a0v\u00f5i saatke meile e-kiri aadressil\u00a0<a href=\"https:\/\/facebook.com\/HookahShop.lt\/\" target=\"_blank\" rel=\"noopener\">Facebooki konto<\/a>\u00a0ja vastame teie taotlusele samal p\u00e4eval.<\/p>","protected":false},"excerpt":{"rendered":"<p>Vesipiibu s\u00f6ealus XL must See on loodud s\u00f6e turvaliseks hoidmiseks \u00fches kohas. Spetsifikatsioonid: K\u00f5rgus: 42 cm L\u00e4bim\u00f5\u00f5t (kauss): ~16cm Kas teil on k\u00fcsimusi? V\u00f5tke meiega \u00fchendust kontaktide lehel v\u00f5i kirjutage meile Facebookis ja me vastame teie p\u00e4ringule samal p\u00e4eval.<\/p>","protected":false},"featured_media":41649,"comment_status":"open","ping_status":"closed","template":"","meta":[],"_links":{"self":[{"href":"https:\/\/hookahshop.lt\/et\/wp-json\/wp\/v2\/product\/41634"}],"collection":[{"href":"https:\/\/hookahshop.lt\/et\/wp-json\/wp\/v2\/product"}],"about":[{"href":"https:\/\/hookahshop.lt\/et\/wp-json\/wp\/v2\/types\/product"}],"replies":[{"embeddable":true,"href":"https:\/\/hookahshop.lt\/et\/wp-json\/wp\/v2\/comments?post=41634"}],"version-history":[{"count":4,"href":"https:\/\/hookahshop.lt\/et\/wp-json\/wp\/v2\/product\/41634\/revisions"}],"predecessor-version":[{"id":44687,"href":"https:\/\/hookahshop.lt\/et\/wp-json\/wp\/v2\/product\/41634\/revisions\/44687"}],"wp:featuredmedia":[{"embeddable":true,"href":"https:\/\/hookahshop.lt\/et\/wp-json\/wp\/v2\/media\/41649"}],"wp:attachment":[{"href":"https:\/\/hookahshop.lt\/et\/wp-json\/wp\/v2\/media?parent=41634"}],"curies":[{"name":"wp","href":"https:\/\/api.w.org\/{rel}","templated":true}]}}