{"id":41714,"date":"2025-04-04T16:45:09","date_gmt":"2025-04-04T13:45:09","guid":{"rendered":"https:\/\/hookahshop.lt\/?post_type=product&#038;p=41714"},"modified":"2026-04-15T12:29:44","modified_gmt":"2026-04-15T09:29:44","slug":"taurele-kaljanui-alpha-turk-design-pro","status":"publish","type":"product","link":"https:\/\/hookahshop.lt\/et\/toode\/tass-vesipiip-alfa-turk-disain-pro\/","title":{"rendered":"Vesipiibu tass ALPHA Turk Design Pro Black"},"content":{"rendered":"<h2>Vesipiibu tass ALPHA Turk Design Pro Black<\/h2>\n<p>Veel stiilsem, veelgi vastupidavam, veelgi mugavam! Uus TURK Design PRO seeria, mida iseloomustab erakordselt ilus, kunstiline tekstuur, veelgi vastupidavam glasuur, mis talub isegi \u00e4kilisi temperatuurimuutusi. Sellel tassil on ka jalg, mis on kaetud silikooniga.<sub><br \/>\n<\/sub>Tubaka mahutavus: 18-25g (olenevalt kasutatavast pakkimisviisist ja tubaka t\u00fc\u00fcbist).<\/p>\n<p><strong>Spetsifikatsioon:<sub><br \/>\n<\/sub><\/strong>K\u00f5rgus: 8,5 cm<sub><br \/>\n<\/sub>L\u00e4bim\u00f5\u00f5t: 7,9 cm<sub><br \/>\n<\/sub>Aukude arv: 5 tk<\/p>\n<p><strong>Omadused:<sub><br \/>\n<\/sub><\/strong>T\u00fc\u00fcp: t\u00fcrgi<sub><br \/>\n<\/sub>Materjal: Saksa keraamika, glasuur<\/p>\n<p>Kas teil on k\u00fcsimusi? v\u00f5ta meiega \u00fchendust\u00a0<a href=\"https:\/\/hookahshop.lt\/et\/kontaktid\/\">kontaktide leht<\/a>\u00a0v\u00f5i saatke meile e-kiri aadressil\u00a0<a href=\"https:\/\/facebook.com\/HookahShop.lt\/\" target=\"_blank\" rel=\"noopener\">Facebooki konto<\/a>\u00a0ja vastame teie taotlusele samal p\u00e4eval.<\/p>","protected":false},"excerpt":{"rendered":"<p>Vesipiibutops ALPHA Turk Design Pro Black Veelgi stiilsem, veelgi vastupidavam, veelgi mugavam! Uus TURK Design PRO seeria, mida iseloomustab erakordselt ilus, kunstip\u00e4rane tekstuur ja veelgi vastupidavam glasuur, mis talub isegi j\u00e4rske temperatuurimuutusi. Sellel topsil on ka silikooniga kaetud jalg. Tubaka mahutavus: 18-25g (s\u00f5ltuvalt pakendamisviisist ja kasutatavast tubaka t\u00fc\u00fcbist). Spetsifikatsioon: K\u00f5rgus: [\u2026]<\/p>","protected":false},"featured_media":41724,"comment_status":"open","ping_status":"closed","template":"","meta":[],"_links":{"self":[{"href":"https:\/\/hookahshop.lt\/et\/wp-json\/wp\/v2\/product\/41714"}],"collection":[{"href":"https:\/\/hookahshop.lt\/et\/wp-json\/wp\/v2\/product"}],"about":[{"href":"https:\/\/hookahshop.lt\/et\/wp-json\/wp\/v2\/types\/product"}],"replies":[{"embeddable":true,"href":"https:\/\/hookahshop.lt\/et\/wp-json\/wp\/v2\/comments?post=41714"}],"version-history":[{"count":6,"href":"https:\/\/hookahshop.lt\/et\/wp-json\/wp\/v2\/product\/41714\/revisions"}],"predecessor-version":[{"id":43755,"href":"https:\/\/hookahshop.lt\/et\/wp-json\/wp\/v2\/product\/41714\/revisions\/43755"}],"wp:featuredmedia":[{"embeddable":true,"href":"https:\/\/hookahshop.lt\/et\/wp-json\/wp\/v2\/media\/41724"}],"wp:attachment":[{"href":"https:\/\/hookahshop.lt\/et\/wp-json\/wp\/v2\/media?parent=41714"}],"curies":[{"name":"wp","href":"https:\/\/api.w.org\/{rel}","templated":true}]}}