{"id":41861,"date":"2025-05-15T18:38:11","date_gmt":"2025-05-15T15:38:11","guid":{"rendered":"https:\/\/hookahshop.lt\/?post_type=product&#038;p=41861"},"modified":"2026-04-06T23:29:40","modified_gmt":"2026-04-06T20:29:40","slug":"anglys-kaljanui-crown-maxflow-26mm-1kg","status":"publish","type":"product","link":"https:\/\/hookahshop.lt\/et\/toode\/vesipiibu-susi-kroon-maxflow-26mm-1kg\/","title":{"rendered":"Vesipiibu s\u00fcsi CROWN MaxFlow 26mm 1kg"},"content":{"rendered":"<h2>Vesipiibu s\u00fcsi CROWN MaxFlow 26mm 1kg<\/h2>\n<p>Uus toode auguga. Auk on tehtud nii, et s\u00f6ed kuumeneksid paremini ja koguksid rohkem soojust. Keskel auguga s\u00fcsi eraldab 15% rohkem soojust. Valmistatud naturaalsest kookosp\u00e4hkli kestast. Madala tuhasisaldusega, ei muuda tubaka maitset, kuumus kestab umbes 1 tund.<\/p>\n<p><strong>Spetsifikatsioon:<\/strong><br \/>\n\u00dche s\u00fcsiniku m\u00f5\u00f5dud: 26x26x26mm.<br \/>\nKarbis on 64 s\u00fcsinikku.<br \/>\nS\u00f6e p\u00f5letamiseks vajate vesipiibu, turistide gaasipliidi vms jaoks elektrilist pliiti.<br \/>\nP\u00e4ritoluriik: Indoneesia<\/p>\n<p>Kas teil on k\u00fcsimusi? v\u00f5ta meiega \u00fchendust\u00a0<a href=\"https:\/\/hookahshop.lt\/et\/kontaktid\/\">kontaktide leht<\/a>\u00a0v\u00f5i saatke meile e-kiri aadressil\u00a0<a href=\"https:\/\/facebook.com\/HookahShop.lt\/\" target=\"_blank\" rel=\"noopener noreferrer\">Facebooki konto<\/a>\u00a0ja vastame teie taotlusele samal p\u00e4eval.<\/p>\n<p>&nbsp;<\/p>","protected":false},"excerpt":{"rendered":"<p>Vesipiibu s\u00fcsi CROWN MaxFlow 26mm 1kg Uus toode auguga. Auk on tehtud nii, et s\u00fcsi kuumeneks paremini ja akumuleeriks rohkem soojust. Keskel auguga s\u00fcsi eraldab 15% rohkem soojust. Valmistatud naturaalsest kookosp\u00e4hkli koorest. V\u00e4he tuhka, ei muuda tubaka maitset, kuumus kestab umbes 1 tund. Spetsifikatsioon: \u00dche s\u00f6e m\u00f5\u00f5tmed: 26x26x26mm. Karbis on 64 s\u00fctt. S\u00f6e s\u00fc\u00fctamiseks [\u2026]<\/p>","protected":false},"featured_media":41862,"comment_status":"open","ping_status":"closed","template":"","meta":[],"_links":{"self":[{"href":"https:\/\/hookahshop.lt\/et\/wp-json\/wp\/v2\/product\/41861"}],"collection":[{"href":"https:\/\/hookahshop.lt\/et\/wp-json\/wp\/v2\/product"}],"about":[{"href":"https:\/\/hookahshop.lt\/et\/wp-json\/wp\/v2\/types\/product"}],"replies":[{"embeddable":true,"href":"https:\/\/hookahshop.lt\/et\/wp-json\/wp\/v2\/comments?post=41861"}],"version-history":[{"count":4,"href":"https:\/\/hookahshop.lt\/et\/wp-json\/wp\/v2\/product\/41861\/revisions"}],"predecessor-version":[{"id":44595,"href":"https:\/\/hookahshop.lt\/et\/wp-json\/wp\/v2\/product\/41861\/revisions\/44595"}],"wp:featuredmedia":[{"embeddable":true,"href":"https:\/\/hookahshop.lt\/et\/wp-json\/wp\/v2\/media\/41862"}],"wp:attachment":[{"href":"https:\/\/hookahshop.lt\/et\/wp-json\/wp\/v2\/media?parent=41861"}],"curies":[{"name":"wp","href":"https:\/\/api.w.org\/{rel}","templated":true}]}}