{"id":41888,"date":"2025-05-16T15:59:46","date_gmt":"2025-05-16T12:59:46","guid":{"rendered":"https:\/\/hookahshop.lt\/?post_type=product&#038;p=41888"},"modified":"2026-04-15T23:29:39","modified_gmt":"2026-04-15T20:29:39","slug":"apsauginis-sietelis-kaljanui-embery-black","status":"publish","type":"product","link":"https:\/\/hookahshop.lt\/et\/toode\/vesipiibu-kaitsev-ekraan-musta-varvi\/","title":{"rendered":"Vesipiibu kaitseekraan EMBERY Black"},"content":{"rendered":"<h2>Vesipiibu kaitseekraan EMBERY Black<\/h2>\n<p>Tuulet\u00f5kke funktsiooniga. Madala v\u00f5rguga alumine osa j\u00e4\u00e4b avatuks ega kuumene \u00fcle, samas kui \u00fclemine osa on suletum, nii et kuumus p\u00fcsib s\u00f6epiirkonnas ja vesipiibu suitsetamisaeg pikeneb.<br \/>\nV\u00f5rk on valmistatud roostevabast terasest ja kaetud kulumiskindla pol\u00fcmeerv\u00e4rviga, mis on kuumuskindel.<br \/>\nSelle k\u00f5rgus muudab selle mugavaks enamiku turul pakutavate vesipiipude jaoks. See ei lase s\u00f6el kodus suitsetades kogemata teie v\u00e4\u00e4risesemeid p\u00f5letada.<\/p>\n<p><strong>Spetsifikatsioon:<\/strong><br \/>\nK\u00f5rgus: 20 cm<br \/>\nL\u00e4bim\u00f5\u00f5t: 10,5 cm<\/p>\n<p>&nbsp;<\/p>\n<p>Kas teil on k\u00fcsimusi? v\u00f5ta meiega \u00fchendust\u00a0<a href=\"https:\/\/hookahshop.lt\/et\/kontaktid\/\">kontaktide leht<\/a>\u00a0v\u00f5i saatke meile e-kiri aadressil\u00a0<a href=\"https:\/\/facebook.com\/HookahShop.lt\/\" target=\"_blank\" rel=\"noopener\">Facebooki konto<\/a>\u00a0ja vastame teie taotlusele samal p\u00e4eval.<\/p>","protected":false},"excerpt":{"rendered":"<p>Vesipiibu kaitseekraan EMBERY Black. Tuulet\u00f5kkefunktsiooniga. Madala v\u00f5rguga alumine osa j\u00e4\u00e4b avatuks ega kuumene \u00fcle, \u00fclemine osa on aga suletum, nii et kuumus p\u00fcsib s\u00f6epiirkonnas ja vesipiibu suitsetamisaeg pikeneb. V\u00f5rk on valmistatud roostevabast terasest ja kaetud kulumiskindla pol\u00fcmeerv\u00e4rviga, mis on kuumuskindel. T\u00e4nu oma k\u00f5rgusele sobib see mugavalt enamikule [\u2026]<\/p>","protected":false},"featured_media":41889,"comment_status":"open","ping_status":"closed","template":"","meta":[],"_links":{"self":[{"href":"https:\/\/hookahshop.lt\/et\/wp-json\/wp\/v2\/product\/41888"}],"collection":[{"href":"https:\/\/hookahshop.lt\/et\/wp-json\/wp\/v2\/product"}],"about":[{"href":"https:\/\/hookahshop.lt\/et\/wp-json\/wp\/v2\/types\/product"}],"replies":[{"embeddable":true,"href":"https:\/\/hookahshop.lt\/et\/wp-json\/wp\/v2\/comments?post=41888"}],"version-history":[{"count":4,"href":"https:\/\/hookahshop.lt\/et\/wp-json\/wp\/v2\/product\/41888\/revisions"}],"predecessor-version":[{"id":43901,"href":"https:\/\/hookahshop.lt\/et\/wp-json\/wp\/v2\/product\/41888\/revisions\/43901"}],"wp:featuredmedia":[{"embeddable":true,"href":"https:\/\/hookahshop.lt\/et\/wp-json\/wp\/v2\/media\/41889"}],"wp:attachment":[{"href":"https:\/\/hookahshop.lt\/et\/wp-json\/wp\/v2\/media?parent=41888"}],"curies":[{"name":"wp","href":"https:\/\/api.w.org\/{rel}","templated":true}]}}