{"id":41893,"date":"2025-05-16T16:30:06","date_gmt":"2025-05-16T13:30:06","guid":{"rendered":"https:\/\/hookahshop.lt\/?post_type=product&#038;p=41893"},"modified":"2026-04-15T23:29:39","modified_gmt":"2026-04-15T20:29:39","slug":"taurele-kaljanui-oblako-dusha-killer-white","status":"publish","type":"product","link":"https:\/\/hookahshop.lt\/et\/toode\/vesipiibu-pilv-dusha-tapja-valge\/","title":{"rendered":"Vesipiibu kauss OBLAKO Dusha Killer White"},"content":{"rendered":"<h2>Vesipiibu kauss OBLAKO Dusha Killer White<\/h2>\n<p>Klassikaline mudel &quot;OBLAKO&quot; on kaetud ainulaadse musta glasuuriga, mis sobib v\u00f5rdselt nii kergeks kui ka tugevamaks suitsutamiseks. See uus tass &quot;OBALAKO&quot; on piiratud v\u00e4ljaanne, mis antakse v\u00e4lja koos kaubam\u00e4rgiga &quot;DUSHA&quot;. Dusha Killer tass on p\u00f5letatud musta mati ja musta l\u00e4ikiva glasuuriga p\u00f5hjas ja l\u00e4ikiva musta glasuuriga peal. Toode kasutab ainult toidukvaliteediga glasuuri, mis ei kujuta endast ohtu inimeste tervisele.<\/p>\n<p>Vesipiibu segu maht: 23-28g.<\/p>\n<p><strong>Spetsifikatsioonid:<\/strong><br \/>\nK\u00f5rgus: 116 mm<br \/>\nL\u00e4bim\u00f5\u00f5t (v\u00e4limine): 74 mm<br \/>\nL\u00e4bim\u00f5\u00f5t (sisemine): 62 mm<br \/>\nS\u00fcgavus: 15 mm<br \/>\nAva l\u00e4bim\u00f5\u00f5t: 8 mm<br \/>\nAukude arv: 5<br \/>\nKaal: umbes 190 g.<\/p>\n<p>Kas teil on k\u00fcsimusi? v\u00f5ta meiega \u00fchendust\u00a0<a href=\"https:\/\/hookahshop.lt\/et\/kontaktid\/\">kontaktide leht<\/a>\u00a0v\u00f5i saatke meile e-kiri aadressil\u00a0<a href=\"https:\/\/facebook.com\/HookahShop.lt\/\" target=\"_blank\" rel=\"noopener noreferrer\">Facebooki konto<\/a>\u00a0ja vastame teie taotlusele samal p\u00e4eval.<\/p>","protected":false},"excerpt":{"rendered":"<p>Vesipiibutops OBLAKO Dusha Killer White Klassikaline mudel &quot;OBLAKO&quot; on kaetud ainulaadse musta glasuuriga, mis sobib v\u00f5rdselt nii kergetele kui ka tugevatele suitsetajatele. See uus tops &quot;OBALAKO&quot; on piiratud v\u00e4ljaanne, mis on v\u00e4lja antud koos kaubam\u00e4rgiga &quot;DUSHA&quot;. Dusha Killer tops on p\u00f5letatud altpoolt musta mati glasuuriga ja \u00fclevalt musta l\u00e4ikiva glasuuriga. Tootes on kasutatud ainult toidukvaliteediga glasuuri, [\u2026]<\/p>","protected":false},"featured_media":41897,"comment_status":"open","ping_status":"closed","template":"","meta":[],"_links":{"self":[{"href":"https:\/\/hookahshop.lt\/et\/wp-json\/wp\/v2\/product\/41893"}],"collection":[{"href":"https:\/\/hookahshop.lt\/et\/wp-json\/wp\/v2\/product"}],"about":[{"href":"https:\/\/hookahshop.lt\/et\/wp-json\/wp\/v2\/types\/product"}],"replies":[{"embeddable":true,"href":"https:\/\/hookahshop.lt\/et\/wp-json\/wp\/v2\/comments?post=41893"}],"version-history":[{"count":4,"href":"https:\/\/hookahshop.lt\/et\/wp-json\/wp\/v2\/product\/41893\/revisions"}],"predecessor-version":[{"id":43019,"href":"https:\/\/hookahshop.lt\/et\/wp-json\/wp\/v2\/product\/41893\/revisions\/43019"}],"wp:featuredmedia":[{"embeddable":true,"href":"https:\/\/hookahshop.lt\/et\/wp-json\/wp\/v2\/media\/41897"}],"wp:attachment":[{"href":"https:\/\/hookahshop.lt\/et\/wp-json\/wp\/v2\/media?parent=41893"}],"curies":[{"name":"wp","href":"https:\/\/api.w.org\/{rel}","templated":true}]}}