{"id":42114,"date":"2025-07-18T16:10:26","date_gmt":"2025-07-18T13:10:26","guid":{"rendered":"https:\/\/hookahshop.lt\/?post_type=product&#038;p=42114"},"modified":"2026-04-10T23:29:48","modified_gmt":"2026-04-10T20:29:48","slug":"jungtis-kaljanui-aladin-mvp460","status":"publish","type":"product","link":"https:\/\/hookahshop.lt\/et\/toode\/pistik-vesipiibu-aladin-mvp460\/","title":{"rendered":"Konksliitmik ALADIN MVP460"},"content":{"rendered":"<h2>Konksliitmik ALADIN MVP460<\/h2>\n<p>M\u00f5eldud lisavooliku \u00fchendamiseks ALADIN MVP vesipiibu mudelitega: MVP460. See \u00fchenduspesa on m\u00f5eldud lisavooliku \u00fchendamiseks ALADIN MVP460 vesipiibuga.<\/p>\n<p><strong>Spetsifikatsioon:<\/strong><br \/>\nMaterjal: roostevaba teras<br \/>\nTootmisriik: Saksamaa<\/p>\n<p>Kas teil on k\u00fcsimusi? v\u00f5ta meiega \u00fchendust\u00a0<a href=\"https:\/\/hookahshop.lt\/et\/kontaktid\/\">kontaktide leht<\/a>\u00a0v\u00f5i saatke meile e-kiri aadressil\u00a0<a href=\"https:\/\/facebook.com\/HookahShop.lt\/\" target=\"_blank\" rel=\"noopener noreferrer\">Facebooki konto<\/a>\u00a0ja vastame teie taotlusele samal p\u00e4eval.<\/p>","protected":false},"excerpt":{"rendered":"<p>Vesipiibu \u00fchenduspesa ALADIN MVP460 M\u00f5eldud lisavooliku \u00fchendamiseks vesipiibu ALADIN MVP mudelitega: MVP460. See \u00fchenduspesa on m\u00f5eldud lisavooliku \u00fchendamiseks vesipiibu ALADIN MVP460 k\u00fclge. Spetsifikatsioon: Materjal: roostevaba teras Tootjariik: Saksamaa Kas teil on k\u00fcsimusi? V\u00f5tke meiega \u00fchendust kontaktide lehel v\u00f5i kirjutage meile Facebookis ja me vastame teie p\u00e4ringule samal p\u00e4eval.<\/p>","protected":false},"featured_media":42153,"comment_status":"open","ping_status":"closed","template":"","meta":[],"_links":{"self":[{"href":"https:\/\/hookahshop.lt\/et\/wp-json\/wp\/v2\/product\/42114"}],"collection":[{"href":"https:\/\/hookahshop.lt\/et\/wp-json\/wp\/v2\/product"}],"about":[{"href":"https:\/\/hookahshop.lt\/et\/wp-json\/wp\/v2\/types\/product"}],"replies":[{"embeddable":true,"href":"https:\/\/hookahshop.lt\/et\/wp-json\/wp\/v2\/comments?post=42114"}],"version-history":[{"count":2,"href":"https:\/\/hookahshop.lt\/et\/wp-json\/wp\/v2\/product\/42114\/revisions"}],"predecessor-version":[{"id":42214,"href":"https:\/\/hookahshop.lt\/et\/wp-json\/wp\/v2\/product\/42114\/revisions\/42214"}],"wp:featuredmedia":[{"embeddable":true,"href":"https:\/\/hookahshop.lt\/et\/wp-json\/wp\/v2\/media\/42153"}],"wp:attachment":[{"href":"https:\/\/hookahshop.lt\/et\/wp-json\/wp\/v2\/media?parent=42114"}],"curies":[{"name":"wp","href":"https:\/\/api.w.org\/{rel}","templated":true}]}}