{"id":42124,"date":"2025-07-19T11:09:20","date_gmt":"2025-07-19T08:09:20","guid":{"rendered":"https:\/\/hookahshop.lt\/?post_type=product&#038;p=42124"},"modified":"2026-04-05T23:29:43","modified_gmt":"2026-04-05T20:29:43","slug":"jungtis-kaljanui-aladin-mvp-a-rocket","status":"publish","type":"product","link":"https:\/\/hookahshop.lt\/et\/toode\/pistik-vesipiibu-aladin-mvp-a-rocket\/","title":{"rendered":"Konksliitmik ALADIN MVP A Rocket"},"content":{"rendered":"<h2>Konksliitmik ALADIN MVP A Rocket<\/h2>\n<p>M\u00f5eldud lisavooliku \u00fchendamiseks ALADIN MVP vesipiibu mudelitega: MVP A36, A46, Rocket.<\/p>\n<p><strong>Spetsifikatsioon:<\/strong><br \/>\nMaterjal: roostevaba teras<br \/>\nTootmisriik: Saksamaa<\/p>\n<p>Kas teil on k\u00fcsimusi? v\u00f5ta meiega \u00fchendust\u00a0<a href=\"https:\/\/hookahshop.lt\/et\/kontaktid\/\">kontaktide leht<\/a>\u00a0v\u00f5i saatke meile e-kiri aadressil\u00a0<a href=\"https:\/\/facebook.com\/HookahShop.lt\/\" target=\"_blank\" rel=\"noopener noreferrer\">Facebooki konto<\/a>\u00a0ja vastame teie taotlusele samal p\u00e4eval.<\/p>","protected":false},"excerpt":{"rendered":"<p>Vesipiibu \u00fchendusliitmik ALADIN MVP A Rocket M\u00f5eldud lisavooliku \u00fchendamiseks ALADIN MVP vesipiibu mudelitega: MVP A36, A46, Rocket. Spetsifikatsioon: Materjal: roostevaba teras Tootjamaa: Saksamaa Kas teil on k\u00fcsimusi? V\u00f5tke meiega \u00fchendust kontaktide lehel v\u00f5i kirjutage meile Facebookis ja me vastame teie p\u00e4ringule samal p\u00e4eval.<\/p>","protected":false},"featured_media":42149,"comment_status":"open","ping_status":"closed","template":"","meta":[],"_links":{"self":[{"href":"https:\/\/hookahshop.lt\/et\/wp-json\/wp\/v2\/product\/42124"}],"collection":[{"href":"https:\/\/hookahshop.lt\/et\/wp-json\/wp\/v2\/product"}],"about":[{"href":"https:\/\/hookahshop.lt\/et\/wp-json\/wp\/v2\/types\/product"}],"replies":[{"embeddable":true,"href":"https:\/\/hookahshop.lt\/et\/wp-json\/wp\/v2\/comments?post=42124"}],"version-history":[{"count":2,"href":"https:\/\/hookahshop.lt\/et\/wp-json\/wp\/v2\/product\/42124\/revisions"}],"predecessor-version":[{"id":42145,"href":"https:\/\/hookahshop.lt\/et\/wp-json\/wp\/v2\/product\/42124\/revisions\/42145"}],"wp:featuredmedia":[{"embeddable":true,"href":"https:\/\/hookahshop.lt\/et\/wp-json\/wp\/v2\/media\/42149"}],"wp:attachment":[{"href":"https:\/\/hookahshop.lt\/et\/wp-json\/wp\/v2\/media?parent=42124"}],"curies":[{"name":"wp","href":"https:\/\/api.w.org\/{rel}","templated":true}]}}