{"id":42128,"date":"2025-07-19T11:17:19","date_gmt":"2025-07-19T08:17:19","guid":{"rendered":"https:\/\/hookahshop.lt\/?post_type=product&#038;p=42128"},"modified":"2026-04-10T23:29:48","modified_gmt":"2026-04-10T20:29:48","slug":"kaitlente-kaljano-anglims-smoke2u","status":"publish","type":"product","link":"https:\/\/hookahshop.lt\/et\/toode\/pliidiplaat-vesipiip-soed-smoke2u\/","title":{"rendered":"Pliidiplaat vesipiibu s\u00f6e jaoks SMOKE2U"},"content":{"rendered":"<h2>Pliidiplaat vesipiibu s\u00f6e jaoks SMOKE2U<\/h2>\n<div class=\"product_inf_options_box_odd_row_val\">See on ahi, millel on kaitserest loodusliku kookosp\u00e4hkli s\u00f6e k\u00fctmiseks. S\u00fcsi asetseb restil ohutult ja kaitseb k\u00fcttekeha. See tagab s\u00f6es\u00fc\u00fctaja eluea.<\/div>\n<div><\/div>\n<div class=\"product_inf_options_box_odd_row_val\"><strong>Spetsifikatsioon:<\/strong><br \/>\nMahutavus: kuni 10 vesipiibu s\u00fctt (26x26x26mm)<br \/>\nV\u00f5imsus: 1000W<br \/>\nToitejuhe: 1 m.<\/div>\n<div class=\"product_inf_options_box_odd_row_val\">\n<p>Temperatuur: reguleeritav<\/p>\n<div>S\u00f6e kuumutamise aeg: ~10min.<\/div>\n<div><\/div>\n<div>Kas teil on k\u00fcsimusi? v\u00f5ta meiega \u00fchendust\u00a0<a href=\"https:\/\/hookahshop.lt\/et\/kontaktid\/\">kontaktide leht<\/a>\u00a0v\u00f5i saatke meile e-kiri aadressil\u00a0<a href=\"https:\/\/facebook.com\/HookahShop.lt\/\" target=\"_blank\" rel=\"noopener noreferrer\">Facebooki konto<\/a>\u00a0ja vastame teie taotlusele samal p\u00e4eval.<\/div>\n<\/div>","protected":false},"excerpt":{"rendered":"<p>SMOKE2U Vesipiibu s\u00f6ep\u00f5leti See on kaitsva restiga pliidiplaat, mis on m\u00f5eldud loodusliku kookosp\u00e4hkli s\u00f6e kuumutamiseks. S\u00fcsi asetseb s\u00f6egrillil ohutult ja kaitseb k\u00fctteelementi. See tagab s\u00f6es\u00fc\u00fctaja eluea. Spetsifikatsioon: Mahutavus: kuni 10 vesipiibu s\u00fctt (26x26x26mm) V\u00f5imsus: 1000W Toitejuhe: 1 m Temperatuur: reguleeritav S\u00f6e kuumutamisaeg: ~10 min. Kas teil on k\u00fcsimusi? V\u00f5tke meiega \u00fchendust kontaktide lehel v\u00f5i [\u2026]<\/p>","protected":false},"featured_media":42157,"comment_status":"open","ping_status":"closed","template":"","meta":[],"_links":{"self":[{"href":"https:\/\/hookahshop.lt\/et\/wp-json\/wp\/v2\/product\/42128"}],"collection":[{"href":"https:\/\/hookahshop.lt\/et\/wp-json\/wp\/v2\/product"}],"about":[{"href":"https:\/\/hookahshop.lt\/et\/wp-json\/wp\/v2\/types\/product"}],"replies":[{"embeddable":true,"href":"https:\/\/hookahshop.lt\/et\/wp-json\/wp\/v2\/comments?post=42128"}],"version-history":[{"count":5,"href":"https:\/\/hookahshop.lt\/et\/wp-json\/wp\/v2\/product\/42128\/revisions"}],"predecessor-version":[{"id":44979,"href":"https:\/\/hookahshop.lt\/et\/wp-json\/wp\/v2\/product\/42128\/revisions\/44979"}],"wp:featuredmedia":[{"embeddable":true,"href":"https:\/\/hookahshop.lt\/et\/wp-json\/wp\/v2\/media\/42157"}],"wp:attachment":[{"href":"https:\/\/hookahshop.lt\/et\/wp-json\/wp\/v2\/media?parent=42128"}],"curies":[{"name":"wp","href":"https:\/\/api.w.org\/{rel}","templated":true}]}}