{"id":42132,"date":"2025-07-19T11:21:28","date_gmt":"2025-07-19T08:21:28","guid":{"rendered":"https:\/\/hookahshop.lt\/?post_type=product&#038;p=42132"},"modified":"2026-04-22T23:30:08","modified_gmt":"2026-04-22T20:30:08","slug":"savaime-uzsidegancios-kaljano-anglys-carbopol-35mm","status":"publish","type":"product","link":"https:\/\/hookahshop.lt\/et\/toode\/isesuttiv-vesipiip-susi-carbopol-35mm\/","title":{"rendered":"Ises\u00fcttiv vesipiibu kivis\u00fcsi CARBOPOL 35mm"},"content":{"rendered":"<h2>Ises\u00fcttiv vesipiibu kivis\u00fcsi CARBOPOL 35mm<\/h2>\n<p>\u00dcmmargused s\u00fcsinikud. \u00c4rge hoidke tahvelarvutit s\u00fc\u00fctamise ajal k\u00e4es. S\u00fc\u00fctage tahvelarvuti serv tiku v\u00f5i v\u00e4lgumihkliga, siis s\u00fcttib kogu tahvelarvuti pind.<\/p>\n<p><strong>Spetsifikatsioon:<\/strong><br \/>\nL\u00e4bim\u00f5\u00f5t: 35 mm<br \/>\nP\u00f5leb kuni 1 tund<br \/>\nSobib k\u00f5ikidele tassidele<\/p>\n<p>Hind on 1 rulli kohta (10 tabletti, tabletid)<\/p>\n<p>Kas teil on k\u00fcsimusi? v\u00f5ta meiega \u00fchendust\u00a0<a href=\"https:\/\/hookahshop.lt\/et\/kontaktid\/\">kontaktide leht<\/a>\u00a0v\u00f5i saatke meile e-kiri aadressil\u00a0<a href=\"https:\/\/facebook.com\/HookahShop.lt\/\" target=\"_blank\" rel=\"noopener\">Facebooki konto<\/a>\u00a0ja vastame teie taotlusele samal p\u00e4eval.<\/p>","protected":false},"excerpt":{"rendered":"<p>Ises\u00fcttivad vesipiibu s\u00f6ed CARBOPOL 35mm \u00dcmara kujuga s\u00f6ed. Tableti s\u00fc\u00fctamisel \u00e4rge hoidke seda k\u00e4es. S\u00fc\u00fcdake tableti serva tiku v\u00f5i tulemasinaga, seej\u00e4rel s\u00fcttib kogu tableti pind. Spetsifikatsioon: L\u00e4bim\u00f5\u00f5t: 35mm P\u00f5leb kuni 1 tund Sobib k\u00f5ikidele tassidele Hind on 1 rulli kohta (10 tk, tabletid) Kas teil on k\u00fcsimusi? V\u00f5tke meiega \u00fchendust kontaktide lehel v\u00f5i kirjutage meile Facebookis ja me vastame teie p\u00e4ringule [\u2026]<\/p>","protected":false},"featured_media":42160,"comment_status":"open","ping_status":"closed","template":"","meta":[],"_links":{"self":[{"href":"https:\/\/hookahshop.lt\/et\/wp-json\/wp\/v2\/product\/42132"}],"collection":[{"href":"https:\/\/hookahshop.lt\/et\/wp-json\/wp\/v2\/product"}],"about":[{"href":"https:\/\/hookahshop.lt\/et\/wp-json\/wp\/v2\/types\/product"}],"replies":[{"embeddable":true,"href":"https:\/\/hookahshop.lt\/et\/wp-json\/wp\/v2\/comments?post=42132"}],"version-history":[{"count":4,"href":"https:\/\/hookahshop.lt\/et\/wp-json\/wp\/v2\/product\/42132\/revisions"}],"predecessor-version":[{"id":45469,"href":"https:\/\/hookahshop.lt\/et\/wp-json\/wp\/v2\/product\/42132\/revisions\/45469"}],"wp:featuredmedia":[{"embeddable":true,"href":"https:\/\/hookahshop.lt\/et\/wp-json\/wp\/v2\/media\/42160"}],"wp:attachment":[{"href":"https:\/\/hookahshop.lt\/et\/wp-json\/wp\/v2\/media?parent=42132"}],"curies":[{"name":"wp","href":"https:\/\/api.w.org\/{rel}","templated":true}]}}