{"id":42135,"date":"2025-07-19T11:24:31","date_gmt":"2025-07-19T08:24:31","guid":{"rendered":"https:\/\/hookahshop.lt\/?post_type=product&#038;p=42135"},"modified":"2026-04-06T23:29:40","modified_gmt":"2026-04-06T20:29:40","slug":"anglys-kaljanui-blackcoco-25mm-1kg","status":"publish","type":"product","link":"https:\/\/hookahshop.lt\/et\/toode\/vesipiip-susi-mustkooko-blackcoco-25mm-1kg\/","title":{"rendered":"S\u00fcsi vesipiibu jaoks BLACKCOCO 25mm 1kg"},"content":{"rendered":"<h2>S\u00fcsi vesipiibu jaoks BLACKCOCO 25mm 1kg<\/h2>\n<p>Sellel naturaalsel kookoss\u00f6el pole peaaegu mingit p\u00f5lemisl\u00f5hna ja see ei j\u00e4ta j\u00e4relmaitset. J\u00e4ttes tootmisest ja j\u00e4relt\u00f6\u00f6tlusest v\u00e4lja k\u00f5ik kemikaalid, v\u00f5ite oodata k\u00f5rgeima kvaliteediga looduslikku toodet.<\/p>\n<p>S\u00fcsi suurus: 25x25x25mm<\/p>\n<p>Pakend: 72 tk<br \/>\nPakendi kaal: 1kg<br \/>\nP\u00e4ritoluriik: Indoneesia<\/p>\n<p>S\u00f6e p\u00f5letamiseks vajate vesipiibu, turistide gaasipliidi vms jaoks elektrilist pliiti.<\/p>\n<p>Kas teil on k\u00fcsimusi? v\u00f5ta meiega \u00fchendust\u00a0<a href=\"https:\/\/hookahshop.lt\/et\/kontaktid\/\">kontaktide leht<\/a>\u00a0v\u00f5i saatke meile e-kiri aadressil\u00a0<a href=\"https:\/\/facebook.com\/HookahShop.lt\/\" target=\"_blank\" rel=\"noopener\">Facebooki konto<\/a>\u00a0ja vastame teie taotlusele samal p\u00e4eval.<\/p>","protected":false},"excerpt":{"rendered":"<p>Vesipiibu s\u00fcsi BLACKCOCO 25mm 1kg See naturaalne kookosp\u00e4hkli s\u00fcsi peaaegu ei l\u00f5hna p\u00f5lemise ajal ega j\u00e4ta j\u00e4relmaitset. Kuna tootmise ja j\u00e4relt\u00f6\u00f6tluse k\u00e4igus eemaldatakse k\u00f5ik kemikaalid, v\u00f5ite oodata k\u00f5rgeima kvaliteediga looduslikku toodet. S\u00fcsi suurus: 25x25x25mm Pakend: 72 tk Paki kaal: 1kg P\u00e4ritoluriik: Indoneesia S\u00fcsi s\u00fc\u00fctamiseks vajate vesipiibu elektrilist keeduplaati, turistigaasipliiti v\u00f5i muud sarnast. Kas teil on k\u00fcsimusi? [\u2026]<\/p>","protected":false},"featured_media":42163,"comment_status":"open","ping_status":"closed","template":"","meta":[],"_links":{"self":[{"href":"https:\/\/hookahshop.lt\/et\/wp-json\/wp\/v2\/product\/42135"}],"collection":[{"href":"https:\/\/hookahshop.lt\/et\/wp-json\/wp\/v2\/product"}],"about":[{"href":"https:\/\/hookahshop.lt\/et\/wp-json\/wp\/v2\/types\/product"}],"replies":[{"embeddable":true,"href":"https:\/\/hookahshop.lt\/et\/wp-json\/wp\/v2\/comments?post=42135"}],"version-history":[{"count":4,"href":"https:\/\/hookahshop.lt\/et\/wp-json\/wp\/v2\/product\/42135\/revisions"}],"predecessor-version":[{"id":43297,"href":"https:\/\/hookahshop.lt\/et\/wp-json\/wp\/v2\/product\/42135\/revisions\/43297"}],"wp:featuredmedia":[{"embeddable":true,"href":"https:\/\/hookahshop.lt\/et\/wp-json\/wp\/v2\/media\/42163"}],"wp:attachment":[{"href":"https:\/\/hookahshop.lt\/et\/wp-json\/wp\/v2\/media?parent=42135"}],"curies":[{"name":"wp","href":"https:\/\/api.w.org\/{rel}","templated":true}]}}