{"id":42138,"date":"2025-07-19T11:27:31","date_gmt":"2025-07-19T08:27:31","guid":{"rendered":"https:\/\/hookahshop.lt\/?post_type=product&#038;p=42138"},"modified":"2026-05-13T23:30:20","modified_gmt":"2026-05-13T20:30:20","slug":"kaljanas-aladin-alux-m5-red","status":"publish","type":"product","link":"https:\/\/hookahshop.lt\/et\/toode\/vesipiip-aladin-alux-m5-red\/","title":{"rendered":"Vesipiip ALADIN Alux M5 Red"},"content":{"rendered":"<h2>Vesipiip ALADIN Alux M5 Red<\/h2>\n<section class=\"has_ae_slider elementor-element elementor-element-da31172 elementor-section-boxed elementor-section-height-default elementor-section-height-default ae-bg-gallery-type-default elementor-section elementor-top-section\" data-id=\"da31172\" data-element_type=\"section\" data-settings=\"{&quot;background_background&quot;:&quot;classic&quot;}\">\n<div class=\"elementor-container elementor-column-gap-extended\">\n<div class=\"elementor-row\">\n<div class=\"has_ae_slider elementor-element elementor-element-51998d1 ae-bg-gallery-type-default elementor-column elementor-col-100 elementor-top-column\" data-id=\"51998d1\" data-element_type=\"column\">\n<div class=\"elementor-column-wrap elementor-element-populated\">\n<div class=\"elementor-widget-wrap\">\n<div class=\"elementor-element elementor-element-2b74596 elementor-widget elementor-widget-woocommerce-product-data-tabs\" data-id=\"2b74596\" data-element_type=\"widget\" data-widget_type=\"woocommerce-product-data-tabs.default\">\n<div class=\"elementor-widget-container\">\n<div class=\"woocommerce-tabs wc-tabs-wrapper\">\n<div id=\"tab-description\" class=\"woocommerce-Tabs-panel woocommerce-Tabs-panel--description panel entry-content wc-tab\" role=\"tabpanel\" aria-labelledby=\"tab-title-description\">\n<p>T\u00e4nu oma kompaktsele suurusele (valitud) on see ideaalne reisikaaslane neile, kes soovivad liikvel olles kvaliteetset toodet.<\/p>\n<p><strong>Spetsifikatsioon:<\/strong><sub><br \/>\n<\/sub>Materjal (v\u00e4line): anodeeritud alumiinium<sub><br \/>\n<\/sub>Materjal (sisemine): roostevaba teras (varda p\u00f5hi puutub kokku veega)<br \/>\nK\u00f5rgus: 47 cm<br \/>\nV\u00e4rv: punane<br \/>\nKolb: keermega, mis \u00fchendab kolbi ja vesipiibu varre 360 kraadise p\u00f6\u00f6rdega.<\/p>\n<p><strong>Komplekt sisaldab:<\/strong><br \/>\n- Vesipiip,<br \/>\n- keermestatud kolb,<br \/>\n- tangid,<br \/>\n- Silikoonvoolik (pehme puudutus) d\u00fc\u00fcsidega<br \/>\n- tass<br \/>\n- Korsten<br \/>\n- Reguleeritav hajuti.<\/p>\n<p><img decoding=\"async\" loading=\"lazy\" class=\"alignnone size-medium wp-image-38491 webpexpress-processed\" title=\"Vesipiip ALADIN Alux Admiral Silver 1\" src=\"https:\/\/hookahshop.lt\/wp-content\/uploads\/2021\/02\/aladinu-komplektacija-300x273.jpg\" alt=\"Aladdini komplekt - hookahshop.lt\" width=\"300\" height=\"273\" srcset=\"https:\/\/hookahshop.lt\/wp-content\/uploads\/2021\/02\/aladinu-komplektacija-300x273.jpg 300w, https:\/\/hookahshop.lt\/wp-content\/uploads\/2021\/02\/aladinu-komplektacija-13x12.jpg 13w, https:\/\/hookahshop.lt\/wp-content\/uploads\/2021\/02\/aladinu-komplektacija-64x58.jpg 64w, https:\/\/hookahshop.lt\/wp-content\/uploads\/2021\/02\/aladinu-komplektacija.jpg 420w\" sizes=\"(max-width: 300px) 100vw, 300px\" \/><\/p>\n<p>Kas teil on k\u00fcsimusi? v\u00f5ta meiega \u00fchendust\u00a0<a href=\"https:\/\/hookahshop.lt\/et\/kontaktid\/\">kontaktide leht<\/a>\u00a0v\u00f5i saatke meile e-kiri aadressil\u00a0<a href=\"https:\/\/facebook.com\/HookahShop.lt\/\" target=\"_blank\" rel=\"noopener\">Facebooki konto<\/a>\u00a0ja vastame teie taotlusele samal p\u00e4eval.<\/p>\n<\/div>\n<\/div>\n<\/div>\n<\/div>\n<\/div>\n<\/div>\n<\/div>\n<\/div>\n<\/div>\n<\/section>\n<section class=\"has_ae_slider elementor-element elementor-element-badcb3e elementor-section-boxed elementor-section-height-default elementor-section-height-default ae-bg-gallery-type-default elementor-section elementor-top-section\" data-id=\"badcb3e\" data-element_type=\"section\" data-settings=\"{&quot;background_background&quot;:&quot;classic&quot;}\">\n<div class=\"elementor-container elementor-column-gap-extended\">\n<div class=\"elementor-row\">\n<div class=\"has_ae_slider elementor-element elementor-element-e21066c ae-bg-gallery-type-default elementor-column elementor-col-100 elementor-top-column\" data-id=\"e21066c\" data-element_type=\"column\" data-settings=\"{&quot;background_background&quot;:&quot;classic&quot;}\">\n<div class=\"elementor-column-wrap elementor-element-populated\">\n<div class=\"elementor-widget-wrap\">\n<section class=\"has_ae_slider elementor-element elementor-element-4477b15 elementor-section-boxed elementor-section-height-default elementor-section-height-default ae-bg-gallery-type-default elementor-section elementor-inner-section\" data-id=\"4477b15\" data-element_type=\"section\">\n<div class=\"elementor-container elementor-column-gap-default\">\n<div class=\"elementor-row\">\n<div class=\"has_ae_slider elementor-element elementor-element-d01b676 ae-bg-gallery-type-default elementor-column elementor-col-100 elementor-inner-column\" data-id=\"d01b676\" data-element_type=\"column\">\n<div class=\"elementor-column-wrap elementor-element-populated\"><\/div>\n<\/div>\n<\/div>\n<\/div>\n<\/section>\n<\/div>\n<\/div>\n<\/div>\n<\/div>\n<\/div>\n<\/section>","protected":false},"excerpt":{"rendered":"<p>Vesipiip ALADIN Alux M5 Punane T\u00e4nu oma kompaktsele suurusele (valitud) on see ideaalne reisikaaslane neile, kes soovivad kvaliteetset toodet kaasas kanda. Spetsifikatsioon: Materjal (v\u00e4limine): anodeeritud alumiinium Materjal (sisemine): roostevaba teras (varre alumine osa, mis puutub kokku veega) K\u00f5rgus: 47 cm V\u00e4rvus: punane Kolb: keermega, mis \u00fchendab kolbi ja vesipiibu varre 360-kraadise p\u00f6\u00f6rdega. Komplekt sisaldab: \u2013 [\u2026]<\/p>","protected":false},"featured_media":42166,"comment_status":"open","ping_status":"closed","template":"","meta":[],"_links":{"self":[{"href":"https:\/\/hookahshop.lt\/et\/wp-json\/wp\/v2\/product\/42138"}],"collection":[{"href":"https:\/\/hookahshop.lt\/et\/wp-json\/wp\/v2\/product"}],"about":[{"href":"https:\/\/hookahshop.lt\/et\/wp-json\/wp\/v2\/types\/product"}],"replies":[{"embeddable":true,"href":"https:\/\/hookahshop.lt\/et\/wp-json\/wp\/v2\/comments?post=42138"}],"version-history":[{"count":3,"href":"https:\/\/hookahshop.lt\/et\/wp-json\/wp\/v2\/product\/42138\/revisions"}],"predecessor-version":[{"id":42172,"href":"https:\/\/hookahshop.lt\/et\/wp-json\/wp\/v2\/product\/42138\/revisions\/42172"}],"wp:featuredmedia":[{"embeddable":true,"href":"https:\/\/hookahshop.lt\/et\/wp-json\/wp\/v2\/media\/42166"}],"wp:attachment":[{"href":"https:\/\/hookahshop.lt\/et\/wp-json\/wp\/v2\/media?parent=42138"}],"curies":[{"name":"wp","href":"https:\/\/api.w.org\/{rel}","templated":true}]}}