{"id":42141,"date":"2025-07-19T11:30:25","date_gmt":"2025-07-19T08:30:25","guid":{"rendered":"https:\/\/hookahshop.lt\/?post_type=product&#038;p=42141"},"modified":"2026-04-19T23:30:24","modified_gmt":"2026-04-19T20:30:24","slug":"kaljanas-aladin-alux-captain-shiny-blue","status":"publish","type":"product","link":"https:\/\/hookahshop.lt\/et\/toode\/vesipiip-aladin-alux-captain-shiny-blue\/","title":{"rendered":"Vesipiip ALADIN Alux Captain Shiny Blue"},"content":{"rendered":"<h2>Vesipiip ALADIN Alux Captain Shiny Blue<\/h2>\n<p>T\u00e4nu oma kompaktsele suurusele (valitud) on see ideaalne reisikaaslane neile, kes soovivad liikvel olles kvaliteetset toodet.<\/p>\n<p><strong>Spetsifikatsioon:<\/strong><sub><br \/>\n<\/sub>K\u00f5rgus: 50 cm<sub><br \/>\n<\/sub>Materjal (v\u00e4line): anodeeritud alumiinium<sub><br \/>\n<\/sub>Materjal (sisemine): roostevaba teras (varda p\u00f5hi puutub kokku veega)<sub><br \/>\n<\/sub>Kolb: keermega, mis \u00fchendab kolbi ja vesipiibu varre 360 kraadise p\u00f6\u00f6rdega.<br \/>\nVeoj\u00f5ud: raske (klassikaline)<br \/>\nHajuti: puudub<\/p>\n<p><strong>Komplekt sisaldab:<\/strong><br \/>\n- Vesipiip,<br \/>\n- keermestatud kolb,<br \/>\n- tangid,<br \/>\n- Silikoonvoolik (pehme puudutus) d\u00fc\u00fcsidega<br \/>\n- tass<br \/>\n\u2013 Korsten.<\/p>\n<p><img decoding=\"async\" loading=\"lazy\" class=\"alignnone size-medium wp-image-38491 webpexpress-processed\" title=\"Vesipiip ALADIN Alux Admiral Silver 1\" src=\"https:\/\/hookahshop.lt\/wp-content\/uploads\/2021\/02\/aladinu-komplektacija-300x273.jpg\" alt=\"Aladdini komplekt - hookahshop.lt\" width=\"300\" height=\"273\" srcset=\"https:\/\/hookahshop.lt\/wp-content\/uploads\/2021\/02\/aladinu-komplektacija-300x273.jpg 300w, https:\/\/hookahshop.lt\/wp-content\/uploads\/2021\/02\/aladinu-komplektacija-13x12.jpg 13w, https:\/\/hookahshop.lt\/wp-content\/uploads\/2021\/02\/aladinu-komplektacija-64x58.jpg 64w, https:\/\/hookahshop.lt\/wp-content\/uploads\/2021\/02\/aladinu-komplektacija.jpg 420w\" sizes=\"(max-width: 300px) 100vw, 300px\" \/><\/p>\n<p>Kas teil on k\u00fcsimusi? v\u00f5ta meiega \u00fchendust\u00a0<a href=\"https:\/\/hookahshop.lt\/et\/kontaktid\/\">kontaktide leht<\/a>\u00a0v\u00f5i saatke meile e-kiri aadressil\u00a0<a href=\"https:\/\/facebook.com\/HookahShop.lt\/\" target=\"_blank\" rel=\"noopener\">Facebooki konto<\/a>\u00a0ja vastame teie taotlusele samal p\u00e4eval.<\/p>","protected":false},"excerpt":{"rendered":"<p>Kaljanas ALADIN Alux Captain Shiny Blue Kompakti\u0161ko dyd\u017eio d\u0117ka (i\u0161rinktas) jis yra idealus kelion\u0117s kompanionas tiems, kurie nori tur\u0117ti kokybi\u0161k\u0105 produkt\u0105 kelyje. Specifikacija: Auk\u0161tis: 50cm Med\u017eiaga (i\u0161or\u0117s): anoduotas aliuminis Med\u017eiaga (vidaus): ner\u016bdyjan\u010dio plieno (Stiebo apatin\u0117 dalis kuri lie\u010diasi su vandeniu) Kolba: su sriegiu, kuri sujungia kolba ir kaljano \u0161acht\u0105 360 pasukimu. Trauka: sunki (klasikin\u0117) Difuzorius: [&hellip;]<\/p>","protected":false},"featured_media":42169,"comment_status":"open","ping_status":"closed","template":"","meta":[],"_links":{"self":[{"href":"https:\/\/hookahshop.lt\/et\/wp-json\/wp\/v2\/product\/42141"}],"collection":[{"href":"https:\/\/hookahshop.lt\/et\/wp-json\/wp\/v2\/product"}],"about":[{"href":"https:\/\/hookahshop.lt\/et\/wp-json\/wp\/v2\/types\/product"}],"replies":[{"embeddable":true,"href":"https:\/\/hookahshop.lt\/et\/wp-json\/wp\/v2\/comments?post=42141"}],"version-history":[{"count":6,"href":"https:\/\/hookahshop.lt\/et\/wp-json\/wp\/v2\/product\/42141\/revisions"}],"predecessor-version":[{"id":45533,"href":"https:\/\/hookahshop.lt\/et\/wp-json\/wp\/v2\/product\/42141\/revisions\/45533"}],"wp:featuredmedia":[{"embeddable":true,"href":"https:\/\/hookahshop.lt\/et\/wp-json\/wp\/v2\/media\/42169"}],"wp:attachment":[{"href":"https:\/\/hookahshop.lt\/et\/wp-json\/wp\/v2\/media?parent=42141"}],"curies":[{"name":"wp","href":"https:\/\/api.w.org\/{rel}","templated":true}]}}