{"id":42307,"date":"2025-08-13T22:00:10","date_gmt":"2025-08-13T19:00:10","guid":{"rendered":"https:\/\/hookahshop.lt\/?post_type=product&#038;p=42307"},"modified":"2026-04-18T23:29:33","modified_gmt":"2026-04-18T20:29:33","slug":"kaljanas-gorky-hookah-baby-slim-black","status":"publish","type":"product","link":"https:\/\/hookahshop.lt\/et\/toode\/vesipiibu-gorky-hookah-baby-slim-black\/","title":{"rendered":"Vesipiip GORKY HOOKAH Baby Slim Black"},"content":{"rendered":"<h2>Vesipiip GORKY HOOKAH Baby Slim Black<\/h2>\n<p>Roostevabast terasest ja puidust valmistatud see annab edasi s\u00e4ravat ja rikkalikku maitset. Disain ja suitsetamise kvaliteet on eriti olulised esimesest hetkest kuni valmis suitsetamisseadmeni.<\/p>\n<p><strong>Spetsifikatsioon:<\/strong><br \/>\nK\u00f5rgus: 45 cm<br \/>\nDiffuusor: puudub (klassikaline tugev t\u00f5mme)<br \/>\nMaterjalid: roostevaba teras, puit.<\/p>\n<p><strong>Varustus:<\/strong><br \/>\nV\u00f5lli<br \/>\nPlaat<br \/>\nHuulik<br \/>\nSilikoonvoolik<br \/>\nTihendid<br \/>\nHajuti<\/p>\n<picture><source srcset=\"https:\/\/hookahshop.lt\/wp-content\/webp-express\/webp-images\/uploads\/2020\/09\/stiebas-zarna-kandiklis-1-300x273.jpg.webp 300w, https:\/\/hookahshop.lt\/wp-content\/webp-express\/webp-images\/uploads\/2020\/09\/stiebas-zarna-kandiklis-1-13x12.jpg.webp 13w, https:\/\/hookahshop.lt\/wp-content\/webp-express\/webp-images\/uploads\/2020\/09\/stiebas-zarna-kandiklis-1-64x58.jpg.webp 64w, https:\/\/hookahshop.lt\/wp-content\/webp-express\/webp-images\/uploads\/2020\/09\/stiebas-zarna-kandiklis-1.jpg.webp 420w\" type=\"image\/webp\" sizes=\"(max-width: 300px) 100vw, 300px\" \/><img decoding=\"async\" loading=\"lazy\" class=\"alignnone size-medium wp-image-38521 webpexpress-processed\" title=\"Vesipiip GORKY HOOKAH must s\u00f5rmus 1\" src=\"https:\/\/hookahshop.lt\/wp-content\/uploads\/2020\/09\/stiebas-zarna-kandiklis-1-300x273.jpg\" sizes=\"(max-width: 300px) 100vw, 300px\" srcset=\"https:\/\/hookahshop.lt\/wp-content\/uploads\/2020\/09\/stiebas-zarna-kandiklis-1-300x273.jpg 300w, https:\/\/hookahshop.lt\/wp-content\/uploads\/2020\/09\/stiebas-zarna-kandiklis-1-13x12.jpg 13w, https:\/\/hookahshop.lt\/wp-content\/uploads\/2020\/09\/stiebas-zarna-kandiklis-1-64x58.jpg 64w, https:\/\/hookahshop.lt\/wp-content\/uploads\/2020\/09\/stiebas-zarna-kandiklis-1.jpg 420w\" alt=\"varre vooliku huulik 1 - hookahshop.lt\" width=\"300\" height=\"273\" \/><\/picture>\n<p>Kas teil on k\u00fcsimusi? v\u00f5ta meiega \u00fchendust\u00a0<a href=\"https:\/\/hookahshop.lt\/et\/kontaktid\/\">kontaktide leht<\/a>\u00a0v\u00f5i saatke meile e-kiri aadressil\u00a0<a href=\"https:\/\/facebook.com\/HookahShop.lt\/\" target=\"_blank\" rel=\"noopener\">Facebooki konto<\/a>\u00a0ja vastame teie taotlusele samal p\u00e4eval.<\/p>","protected":false},"excerpt":{"rendered":"<p>Vesipiip GORKY HOOKAH Baby Slim Black Valmistatud roostevabast terasest ja puidust, annab edasi erksa ja rikkaliku maitse. Disain ja suitsetamiskvaliteet on eriti olulised juba esimesest hetkest kuni valmis suitsetamisvahendini. Spetsifikatsioon: K\u00f5rgus: 45 cm Hajuti: puudub (klassikaline tugev t\u00f5mme) Materjalid: roostevaba teras, puit. Komplekt: V\u00f5ll Plaat Suuots Silikoonvoolik Tihendid Hajuti Kas teil on k\u00fcsimusi? V\u00f5tke \u00fchendust [\u2026]<\/p>","protected":false},"featured_media":42324,"comment_status":"open","ping_status":"closed","template":"","meta":[],"_links":{"self":[{"href":"https:\/\/hookahshop.lt\/et\/wp-json\/wp\/v2\/product\/42307"}],"collection":[{"href":"https:\/\/hookahshop.lt\/et\/wp-json\/wp\/v2\/product"}],"about":[{"href":"https:\/\/hookahshop.lt\/et\/wp-json\/wp\/v2\/types\/product"}],"replies":[{"embeddable":true,"href":"https:\/\/hookahshop.lt\/et\/wp-json\/wp\/v2\/comments?post=42307"}],"version-history":[{"count":3,"href":"https:\/\/hookahshop.lt\/et\/wp-json\/wp\/v2\/product\/42307\/revisions"}],"predecessor-version":[{"id":42338,"href":"https:\/\/hookahshop.lt\/et\/wp-json\/wp\/v2\/product\/42307\/revisions\/42338"}],"wp:featuredmedia":[{"embeddable":true,"href":"https:\/\/hookahshop.lt\/et\/wp-json\/wp\/v2\/media\/42324"}],"wp:attachment":[{"href":"https:\/\/hookahshop.lt\/et\/wp-json\/wp\/v2\/media?parent=42307"}],"curies":[{"name":"wp","href":"https:\/\/api.w.org\/{rel}","templated":true}]}}