{"id":42311,"date":"2025-08-13T22:06:49","date_gmt":"2025-08-13T19:06:49","guid":{"rendered":"https:\/\/hookahshop.lt\/?post_type=product&#038;p=42311"},"modified":"2026-05-13T23:30:20","modified_gmt":"2026-05-13T20:30:20","slug":"kaljanas-vortex-hookah-hurricane-phoenix","status":"publish","type":"product","link":"https:\/\/hookahshop.lt\/et\/toode\/vesipiibu-vortex-hookah-hurricane-phoenix\/","title":{"rendered":"Vesipiip VORTEX Hookah Hurricane Phoenix"},"content":{"rendered":"<h2>Vesipiip VORTEX Hookah Hurricane Phoenix<\/h2>\n<p>Kvaliteetne roostevabast terasest vesipiip anodeeritud alumiiniumist sisestuste ja eemaldatava difuusoriga, mis tagab kerge ja vaikse vesipiibu seansi. Ilma disofoori kasutamata on t\u00f5mme klassikaline (raske, vastupanuga). Vesipiibul on eksklusiivne puhumiss\u00fcsteem, mis puhub l\u00e4bi vesipiibu varre jaotatud pikivahed alt \u00fcles. Vesipiibuplaat tuha jaoks on tavap\u00e4rasest suurem. Samuti pole plaati kruvitud vesipiibu k\u00fclge \u2013 see on mugavalt pealt \u00e4ra v\u00f5etud. Tee vesipiibu huuliku jaoks vooliku ja v\u00e4ljapuhumisventiili k\u00f5rvale s\u00fcvend. Veetaseme jooned on m\u00e4rgitud Vortexi vesipiibu v\u00f5llile: alumine joon - hajuti abil, \u00fclemine joon - p\u00e4rast hajuti eemaldamist.<\/p>\n<p><strong>Spetsifikatsioon:<\/strong><br \/>\nMaterjal: roostevaba teras<br \/>\nVooliku \u00fchendus: magnetiline<br \/>\nHajuti: eemaldatav<br \/>\nVesipiibu k\u00f5rgus: 40 cm<br \/>\nV\u00f5lli l\u00e4bim\u00f5\u00f5t: 13 mm<\/p>\n<p><strong>Varustus:<\/strong><br \/>\nV\u00f5lli<br \/>\nPlaat<br \/>\nSilikoonvoolik<br \/>\nHuulik<br \/>\nTihendid<br \/>\nKevad<br \/>\nHajuti<\/p>\n<p><img decoding=\"async\" loading=\"lazy\" class=\"alignnone size-medium wp-image-38521\" src=\"https:\/\/hookahshop.lt\/wp-content\/uploads\/2020\/09\/stiebas-zarna-kandiklis-1-300x273.jpg\" alt=\"- hookahshop.lt\" width=\"300\" height=\"273\" srcset=\"https:\/\/hookahshop.lt\/wp-content\/uploads\/2020\/09\/stiebas-zarna-kandiklis-1-300x273.jpg 300w, https:\/\/hookahshop.lt\/wp-content\/uploads\/2020\/09\/stiebas-zarna-kandiklis-1-13x12.jpg 13w, https:\/\/hookahshop.lt\/wp-content\/uploads\/2020\/09\/stiebas-zarna-kandiklis-1-64x58.jpg 64w, https:\/\/hookahshop.lt\/wp-content\/uploads\/2020\/09\/stiebas-zarna-kandiklis-1.jpg 420w\" sizes=\"(max-width: 300px) 100vw, 300px\" title=\"\"><\/p>\n<p>Kas teil on k\u00fcsimusi? v\u00f5ta meiega \u00fchendust\u00a0<a href=\"https:\/\/hookahshop.lt\/et\/kontaktid\/\">kontaktide leht<\/a>\u00a0v\u00f5i saatke meile e-kiri aadressil\u00a0<a href=\"https:\/\/facebook.com\/HookahShop.lt\/\" target=\"_blank\" rel=\"noopener noreferrer\">Facebooki konto<\/a>\u00a0ja vastame teie taotlusele samal p\u00e4eval.<\/p>","protected":false},"excerpt":{"rendered":"<p>Vesipiip VORTEX Vesipiip Hurricane Phoenix Kvaliteetne roostevabast terasest vesipiip anodeeritud alumiiniumist sisestustega ja eemaldatava hajutiga, mis tagab lihtsa ja vaikse vesipiibusessiooni. Ilma hajutita on \u00f5hk klassikaline (raske, takistusega). Vesipiibul on ainulaadne puhumiss\u00fcsteem, mis puhub l\u00e4bi piklike avade, mis on jaotatud vesipiibu varre alt \u00fcles. Vesipiibu tuhatoos on tavap\u00e4rasest suurem [\u2026]<\/p>","protected":false},"featured_media":42325,"comment_status":"open","ping_status":"closed","template":"","meta":[],"_links":{"self":[{"href":"https:\/\/hookahshop.lt\/et\/wp-json\/wp\/v2\/product\/42311"}],"collection":[{"href":"https:\/\/hookahshop.lt\/et\/wp-json\/wp\/v2\/product"}],"about":[{"href":"https:\/\/hookahshop.lt\/et\/wp-json\/wp\/v2\/types\/product"}],"replies":[{"embeddable":true,"href":"https:\/\/hookahshop.lt\/et\/wp-json\/wp\/v2\/comments?post=42311"}],"version-history":[{"count":3,"href":"https:\/\/hookahshop.lt\/et\/wp-json\/wp\/v2\/product\/42311\/revisions"}],"predecessor-version":[{"id":43473,"href":"https:\/\/hookahshop.lt\/et\/wp-json\/wp\/v2\/product\/42311\/revisions\/43473"}],"wp:featuredmedia":[{"embeddable":true,"href":"https:\/\/hookahshop.lt\/et\/wp-json\/wp\/v2\/media\/42325"}],"wp:attachment":[{"href":"https:\/\/hookahshop.lt\/et\/wp-json\/wp\/v2\/media?parent=42311"}],"curies":[{"name":"wp","href":"https:\/\/api.w.org\/{rel}","templated":true}]}}