{"id":42332,"date":"2025-08-14T20:27:19","date_gmt":"2025-08-14T17:27:19","guid":{"rendered":"https:\/\/hookahshop.lt\/?post_type=product&#038;p=42332"},"modified":"2026-04-06T23:29:41","modified_gmt":"2026-04-06T20:29:41","slug":"kaljanas-alpha-hookah-misha-moonlight","status":"publish","type":"product","link":"https:\/\/hookahshop.lt\/et\/toode\/vesipiibu-alpha-hookah-misha-moonlight\/","title":{"rendered":"Vesipiip ALPHA HOOKAH Misha Moonlight"},"content":{"rendered":"<h2>Vesipiip ALPHA HOOKAH Misha Moonlight<\/h2>\n<p>Elegantne, minimalistlik ja kvaliteetne tugeva t\u00e4navastiiliga vesipiip. \u00d6konoomne valik, mille tegi Alpha Hookah, maailma juhtiv vesipiibu kaubam\u00e4rk ja selle autentse kalliskivi tootja.<br \/>\nSee on valmistatud kvaliteetsest roostevabast terasest ja pol\u00fcatsetaalist, mis tagab vastupidavuse oma omadusi kaotamata. Kahtlemata on selle vesipiibu \u00fcks suurimaid eeliseid selle eriline disain urbanistlikus stiilis graveeringutega, nagu oleks tegemist t\u00e4navamaaliga. Plaat on valmistatud ka roostevabast terasest ja mustaks pulberv\u00e4rvitud ning spetsiaalse Misha Rebeli graveeringuga. Taldriku huvitav omadus on see, et sellel on kaubam\u00e4rgi logoga v\u00f5tmehoidja, mis annab sellele m\u00e4ssumeelse ja muretu puudutuse.<br \/>\nHuulikul on omakorda ergonoomiline kuju, mis muudab selle kasutamise palju lihtsamaks.<\/p>\n<p><strong>Spetsifikatsioonid:<\/strong><br \/>\nK\u00f5rgus \u2013 35,5 cm<br \/>\nL\u00e4bim\u00f5\u00f5t \u2013 15,9 cm<br \/>\nV\u00f5lli l\u00e4bim\u00f5\u00f5t \u2013 11 mm<\/p>\n<p>Materjal: roostevaba teras, alumiinium, pol\u00fcatsetaal.<\/p>\n<p><strong>Varustus:<\/strong><br \/>\nV\u00f5lli<br \/>\nPlaat<br \/>\nSilikoonvoolik<br \/>\nHuulik<br \/>\nHajuti<br \/>\nKolb<\/p>\n<picture><source srcset=\"https:\/\/hookahshop.lt\/wp-content\/webp-express\/webp-images\/uploads\/2020\/09\/stiebas-kolba-zarna-kandiklis-1-300x273.jpg.webp 300w, https:\/\/hookahshop.lt\/wp-content\/webp-express\/webp-images\/uploads\/2020\/09\/stiebas-kolba-zarna-kandiklis-1-13x12.jpg.webp 13w, https:\/\/hookahshop.lt\/wp-content\/webp-express\/webp-images\/uploads\/2020\/09\/stiebas-kolba-zarna-kandiklis-1-64x58.jpg.webp 64w, https:\/\/hookahshop.lt\/wp-content\/webp-express\/webp-images\/uploads\/2020\/09\/stiebas-kolba-zarna-kandiklis-1.jpg.webp 420w\" type=\"image\/webp\" sizes=\"(max-width: 300px) 100vw, 300px\" \/><img decoding=\"async\" loading=\"lazy\" class=\"alignnone size-medium wp-image-38520 webpexpress-processed\" title=\"Vesipiip ALPHA HOOKAH Misha Extra Virgin 1\" src=\"https:\/\/hookahshop.lt\/wp-content\/uploads\/2020\/09\/stiebas-kolba-zarna-kandiklis-1-300x273.jpg\" sizes=\"(max-width: 300px) 100vw, 300px\" srcset=\"https:\/\/hookahshop.lt\/wp-content\/uploads\/2020\/09\/stiebas-kolba-zarna-kandiklis-1-300x273.jpg 300w, https:\/\/hookahshop.lt\/wp-content\/uploads\/2020\/09\/stiebas-kolba-zarna-kandiklis-1-13x12.jpg 13w, https:\/\/hookahshop.lt\/wp-content\/uploads\/2020\/09\/stiebas-kolba-zarna-kandiklis-1-64x58.jpg 64w, https:\/\/hookahshop.lt\/wp-content\/uploads\/2020\/09\/stiebas-kolba-zarna-kandiklis-1.jpg 420w\" alt=\"varre kolvi vooliku huulik 1 - hookahshop.lt\" width=\"300\" height=\"273\" \/><\/picture>\n<p>Kas teil on k\u00fcsimusi? v\u00f5ta meiega \u00fchendust\u00a0<a href=\"https:\/\/hookahshop.lt\/et\/kontaktid\/\">kontaktide leht<\/a>\u00a0v\u00f5i saatke meile e-kiri aadressil\u00a0<a href=\"https:\/\/facebook.com\/HookahShop.lt\/\" target=\"_blank\" rel=\"noopener noreferrer\">Facebooki konto<\/a>\u00a0ja vastame teie taotlusele samal p\u00e4eval.<\/p>","protected":false},"excerpt":{"rendered":"<p>ALPHA HOOKAH Misha Moonlight vesipiip Elegantne, minimalistlik ja kvaliteetne vesipiip tugeva t\u00e4navastiiliga. S\u00e4\u00e4stlik valik Alpha Hookahilt, vesipiipude maailma juhtivalt kaubam\u00e4rgilt ja selle autentse p\u00e4rli tootjalt. See on valmistatud kvaliteetsest roostevabast terasest ja pol\u00fcatsetaalist, mis tagab vastupidavuse ilma oma omadusi kaotamata. Kahtlemata on selle vesipiibu \u00fcks suurimaid eeliseid [\u2026]<\/p>","protected":false},"featured_media":42333,"comment_status":"open","ping_status":"closed","template":"","meta":[],"_links":{"self":[{"href":"https:\/\/hookahshop.lt\/et\/wp-json\/wp\/v2\/product\/42332"}],"collection":[{"href":"https:\/\/hookahshop.lt\/et\/wp-json\/wp\/v2\/product"}],"about":[{"href":"https:\/\/hookahshop.lt\/et\/wp-json\/wp\/v2\/types\/product"}],"replies":[{"embeddable":true,"href":"https:\/\/hookahshop.lt\/et\/wp-json\/wp\/v2\/comments?post=42332"}],"version-history":[{"count":4,"href":"https:\/\/hookahshop.lt\/et\/wp-json\/wp\/v2\/product\/42332\/revisions"}],"predecessor-version":[{"id":42437,"href":"https:\/\/hookahshop.lt\/et\/wp-json\/wp\/v2\/product\/42332\/revisions\/42437"}],"wp:featuredmedia":[{"embeddable":true,"href":"https:\/\/hookahshop.lt\/et\/wp-json\/wp\/v2\/media\/42333"}],"wp:attachment":[{"href":"https:\/\/hookahshop.lt\/et\/wp-json\/wp\/v2\/media?parent=42332"}],"curies":[{"name":"wp","href":"https:\/\/api.w.org\/{rel}","templated":true}]}}