{"id":42420,"date":"2025-09-19T15:00:08","date_gmt":"2025-09-19T12:00:08","guid":{"rendered":"https:\/\/hookahshop.lt\/?post_type=product&#038;p=42420"},"modified":"2026-05-14T23:30:06","modified_gmt":"2026-05-14T20:30:06","slug":"kaljanas-hoob-subatom-wine-red","status":"publish","type":"product","link":"https:\/\/hookahshop.lt\/et\/toode\/vesipiip-hoob-subatom-vein-ed\/","title":{"rendered":"Vesipiip HOOB SubAtom veinipunane"},"content":{"rendered":"<h2>Vesipiip HOOB SubAtom veinipunane<\/h2>\n<p>See on \u00fcks revolutsioonilisemaid ja kompaktsemaid vesipiipe, Hoob SubAtom on muutunud veelgi kompaktsemaks ja mobiilsemaks. Vesipiipu saab reisile v\u00f5i v\u00e4ljas\u00f5idule kaasa v\u00f5tta, kuna see on v\u00e4ikese suurusega. See mahub kergesti kotti v\u00f5i seljakotti.<\/p>\n<p><strong>Spetsifikatsioon:<\/strong><br \/>\nKolvi materjal: orgaaniline klaas<br \/>\nVesipiibu materjal: roostevaba teras<br \/>\nHajuti: jah<br \/>\nKolvi kinnitus: magnetid<br \/>\nVooliku\u00fchendus: magnetiline<br \/>\nVesipiibu k\u00f5rgus: 12 cm<br \/>\nKaal: 1,5 kg<\/p>\n<p><strong>Varustus:<\/strong><br \/>\nV\u00f5ll, kolb, voolik huulikuga, tihendid.<br \/>\n<img decoding=\"async\" loading=\"lazy\" class=\"alignnone size-medium wp-image-38520\" src=\"https:\/\/hookahshop.lt\/wp-content\/uploads\/2020\/09\/stiebas-kolba-zarna-kandiklis-1-300x273.jpg\" alt=\"- hookahshop.lt\" width=\"300\" height=\"273\" srcset=\"https:\/\/hookahshop.lt\/wp-content\/uploads\/2020\/09\/stiebas-kolba-zarna-kandiklis-1-300x273.jpg 300w, https:\/\/hookahshop.lt\/wp-content\/uploads\/2020\/09\/stiebas-kolba-zarna-kandiklis-1-13x12.jpg 13w, https:\/\/hookahshop.lt\/wp-content\/uploads\/2020\/09\/stiebas-kolba-zarna-kandiklis-1-64x58.jpg 64w, https:\/\/hookahshop.lt\/wp-content\/uploads\/2020\/09\/stiebas-kolba-zarna-kandiklis-1.jpg 420w\" sizes=\"(max-width: 300px) 100vw, 300px\" title=\"\"><\/p>\n<p>Kas teil on k\u00fcsimusi? v\u00f5ta meiega \u00fchendust\u00a0<a href=\"https:\/\/hookahshop.lt\/et\/kontaktid\/\">kontaktide leht<\/a>\u00a0v\u00f5i saatke meile e-kiri aadressil\u00a0<a href=\"https:\/\/facebook.com\/HookahShop.lt\/\" target=\"_blank\" rel=\"noopener noreferrer\">Facebooki konto<\/a>\u00a0ja vastame teie taotlusele samal p\u00e4eval.<\/p>\n<p>&nbsp;<\/p>","protected":false},"excerpt":{"rendered":"<p>Vesipiip HOOB SubAtom veinipunane See on \u00fcks revolutsioonilisemaid ja kompaktsemaid vesipiipe, Hoob SubAtom on muutunud veelgi kompaktsemaks ja mobiilsemaks. Vesipiipu saab reisile v\u00f5i v\u00e4ljas\u00f5idule kaasa v\u00f5tta, kuna see on v\u00e4ikese suurusega. See mahub kergesti kotti v\u00f5i seljakotti. Spetsifikatsioon: Kolvi materjal: orgaaniline klaas Vesipiibu materjal: roostevaba teras Hajuti: jah Kolvi kinnitus: magnetid Vooliku \u00fchendus: [\u2026]<\/p>","protected":false},"featured_media":42480,"comment_status":"open","ping_status":"closed","template":"","meta":[],"_links":{"self":[{"href":"https:\/\/hookahshop.lt\/et\/wp-json\/wp\/v2\/product\/42420"}],"collection":[{"href":"https:\/\/hookahshop.lt\/et\/wp-json\/wp\/v2\/product"}],"about":[{"href":"https:\/\/hookahshop.lt\/et\/wp-json\/wp\/v2\/types\/product"}],"replies":[{"embeddable":true,"href":"https:\/\/hookahshop.lt\/et\/wp-json\/wp\/v2\/comments?post=42420"}],"version-history":[{"count":4,"href":"https:\/\/hookahshop.lt\/et\/wp-json\/wp\/v2\/product\/42420\/revisions"}],"predecessor-version":[{"id":45792,"href":"https:\/\/hookahshop.lt\/et\/wp-json\/wp\/v2\/product\/42420\/revisions\/45792"}],"wp:featuredmedia":[{"embeddable":true,"href":"https:\/\/hookahshop.lt\/et\/wp-json\/wp\/v2\/media\/42480"}],"wp:attachment":[{"href":"https:\/\/hookahshop.lt\/et\/wp-json\/wp\/v2\/media?parent=42420"}],"curies":[{"name":"wp","href":"https:\/\/api.w.org\/{rel}","templated":true}]}}