{"id":42422,"date":"2025-09-19T15:11:22","date_gmt":"2025-09-19T12:11:22","guid":{"rendered":"https:\/\/hookahshop.lt\/?post_type=product&#038;p=42422"},"modified":"2026-04-17T23:30:02","modified_gmt":"2026-04-17T20:30:02","slug":"taurele-kaljanui-cosmo-turkish-phunnel","status":"publish","type":"product","link":"https:\/\/hookahshop.lt\/et\/toode\/vesipiibu-tass-kosmos-turgi-phunnel\/","title":{"rendered":"Vesipiibu tass COSMO T\u00fcrgi Phunnel Combo"},"content":{"rendered":"<h2>Vesipiibu tass COSMO T\u00fcrgi Phunnel Combo<\/h2>\n<p>K\u00e4sit\u00f6\u00f6tops, mis annab vesipiibuseanssile intensiivse maitse. See tops on \u00fcks mitmest topsist, mis kuuluvad kahte t\u00fc\u00fcpi: t\u00fcrgi - oma kumera kuju t\u00f5ttu ja phunnel - \u00fche augu t\u00f5ttu, t\u00e4nu nendele omadustele on vesipiibu suits pehme ja rikkalik. Tops sobib kergeks, keskmiseks ja tugevaks sessiooniks. Universaalne valik igat t\u00fc\u00fcpi vesipiibutubaka jaoks. Topsi p\u00f5hi ei kuumene paksu savi t\u00f5ttu \u00fcle, seega on see p\u00e4rast vesipiibuseanssi ohutu ja mugav eemaldada.<\/p>\n<p>Tassi mahub ~ 18-20 g tubakat (olenevalt kasutatavast pakkimisviisist).<\/p>\n<p><strong>Spetsifikatsioonid:<\/strong><br \/>\nT\u00fc\u00fcp: Phunnel<br \/>\nMaterjal: savi<br \/>\nK\u00f5rgus: ~8,8 cm<br \/>\nLaius: ~7 cm<\/p>\n<p>Kas teil on k\u00fcsimusi? v\u00f5ta meiega \u00fchendust\u00a0<a href=\"https:\/\/hookahshop.lt\/et\/kontaktid\/\">kontaktide leht<\/a>\u00a0v\u00f5i saatke meile e-kiri aadressil\u00a0<a href=\"https:\/\/facebook.com\/HookahShop.lt\/\" target=\"_blank\" rel=\"noopener\">Facebooki konto<\/a>\u00a0ja vastame teie taotlusele samal p\u00e4eval.<\/p>","protected":false},"excerpt":{"rendered":"<p>Vesipiibu kauss COSMO T\u00fcrgi Phunnel Combo K\u00e4sitsi valmistatud kauss, mis annab vesipiibusessioonile intensiivse maitse. See kauss on \u00fcks mitmest kaussist, mis kuuluvad kahte t\u00fc\u00fcpi: t\u00fcrgi - oma kumera kuju t\u00f5ttu ja phunnel - \u00fche augu t\u00f5ttu, mist\u00f5ttu on vesipiibu suits pehme ja rikkalik. Kauss sobib kergeks, keskmiseks ja tugevaks sessiooniks. Universaalne valik k\u00f5igile [\u2026]<\/p>","protected":false},"featured_media":42481,"comment_status":"open","ping_status":"closed","template":"","meta":[],"_links":{"self":[{"href":"https:\/\/hookahshop.lt\/et\/wp-json\/wp\/v2\/product\/42422"}],"collection":[{"href":"https:\/\/hookahshop.lt\/et\/wp-json\/wp\/v2\/product"}],"about":[{"href":"https:\/\/hookahshop.lt\/et\/wp-json\/wp\/v2\/types\/product"}],"replies":[{"embeddable":true,"href":"https:\/\/hookahshop.lt\/et\/wp-json\/wp\/v2\/comments?post=42422"}],"version-history":[{"count":4,"href":"https:\/\/hookahshop.lt\/et\/wp-json\/wp\/v2\/product\/42422\/revisions"}],"predecessor-version":[{"id":44585,"href":"https:\/\/hookahshop.lt\/et\/wp-json\/wp\/v2\/product\/42422\/revisions\/44585"}],"wp:featuredmedia":[{"embeddable":true,"href":"https:\/\/hookahshop.lt\/et\/wp-json\/wp\/v2\/media\/42481"}],"wp:attachment":[{"href":"https:\/\/hookahshop.lt\/et\/wp-json\/wp\/v2\/media?parent=42422"}],"curies":[{"name":"wp","href":"https:\/\/api.w.org\/{rel}","templated":true}]}}