{"id":42438,"date":"2025-09-22T14:55:31","date_gmt":"2025-09-22T11:55:31","guid":{"rendered":"https:\/\/hookahshop.lt\/?post_type=product&#038;p=42438"},"modified":"2026-04-15T23:29:40","modified_gmt":"2026-04-15T20:29:40","slug":"taurele-kaljanui-kong-turkish-duet-black","status":"publish","type":"product","link":"https:\/\/hookahshop.lt\/et\/toode\/vesipiibu-tass-kong-turgi-duett-must\/","title":{"rendered":"Vesipiibu tass KONG Turkish Duet Black"},"content":{"rendered":"<h2>Vesipiibu tass KONG Turkish Duet Black<\/h2>\n<p>Sellel on \u00fcsna paksud seinad, see hoiab h\u00e4sti soojust ja ei vaja erilist hoolt. See lubab pikka suitsetamisprotsessi ja sobib igat t\u00fc\u00fcpi tubakale.<br \/>\nIdeaalselt kombineeritud kalaud-soojakambriga. Vesipiibu segu maht on umbes 15-20 grammi.<\/p>\n<p><strong>Spetsifikatsioonid:<\/strong><br \/>\nK\u00f5rgus: 80 mm<br \/>\nL\u00e4bim\u00f5\u00f5t (v\u00e4limine): 70 mm<br \/>\nL\u00e4bim\u00f5\u00f5t (sisemine): 57 mm<br \/>\nS\u00fcgavus: 16 mm<br \/>\nAva l\u00e4bim\u00f5\u00f5t: 7 mm<br \/>\nAukude arv: 6 tk<br \/>\nKaal: ~255 g.<\/p>\n<p>Kas teil on k\u00fcsimusi? v\u00f5ta meiega \u00fchendust\u00a0<a href=\"https:\/\/hookahshop.lt\/et\/kontaktid\/\">kontaktide leht<\/a>\u00a0v\u00f5i saatke meile e-kiri aadressil\u00a0<a href=\"https:\/\/facebook.com\/HookahShop.lt\/\" target=\"_blank\" rel=\"noopener noreferrer\">Facebooki konto<\/a>\u00a0ja vastame teie taotlusele samal p\u00e4eval.<\/p>","protected":false},"excerpt":{"rendered":"<p>Vesipiibutops KONG Turkish Duet Black Sellel on \u00fcsna paksud seinad, see hoiab h\u00e4sti soojust ja ei vaja erilist hoolt. Lubab pikka suitsetamisprotsessi ja sobib igat t\u00fc\u00fcpi tubakale. Ideaalselt kombineeritud kalaud-soojakambriga. Vesipiibu segu maht on umbes 15-20 grammi. Spetsifikatsioonid: K\u00f5rgus: 80 mm L\u00e4bim\u00f5\u00f5t (v\u00e4limine): 70 mm L\u00e4bim\u00f5\u00f5t (sisemine): 57 mm S\u00fcgavus: 16 mm Augud [\u2026]<\/p>","protected":false},"featured_media":42477,"comment_status":"open","ping_status":"closed","template":"","meta":[],"_links":{"self":[{"href":"https:\/\/hookahshop.lt\/et\/wp-json\/wp\/v2\/product\/42438"}],"collection":[{"href":"https:\/\/hookahshop.lt\/et\/wp-json\/wp\/v2\/product"}],"about":[{"href":"https:\/\/hookahshop.lt\/et\/wp-json\/wp\/v2\/types\/product"}],"replies":[{"embeddable":true,"href":"https:\/\/hookahshop.lt\/et\/wp-json\/wp\/v2\/comments?post=42438"}],"version-history":[{"count":3,"href":"https:\/\/hookahshop.lt\/et\/wp-json\/wp\/v2\/product\/42438\/revisions"}],"predecessor-version":[{"id":44555,"href":"https:\/\/hookahshop.lt\/et\/wp-json\/wp\/v2\/product\/42438\/revisions\/44555"}],"wp:featuredmedia":[{"embeddable":true,"href":"https:\/\/hookahshop.lt\/et\/wp-json\/wp\/v2\/media\/42477"}],"wp:attachment":[{"href":"https:\/\/hookahshop.lt\/et\/wp-json\/wp\/v2\/media?parent=42438"}],"curies":[{"name":"wp","href":"https:\/\/api.w.org\/{rel}","templated":true}]}}