{"id":42441,"date":"2025-09-22T15:03:32","date_gmt":"2025-09-22T12:03:32","guid":{"rendered":"https:\/\/hookahshop.lt\/?post_type=product&#038;p=42441"},"modified":"2026-04-06T23:29:41","modified_gmt":"2026-04-06T20:29:41","slug":"individualus-kaljano-kandiklis-darkside-d-stick-bronze","status":"publish","type":"product","link":"https:\/\/hookahshop.lt\/et\/toode\/kohandatud-vesipiibu-suuosa-darkside-d-stick-pronks\/","title":{"rendered":"Individuaalne vesipiibu suuotsik DARKSIDE D Stick Bronze"},"content":{"rendered":"<h2>Individuaalne vesipiibu suuotsik DARKSIDE D Stick Bronze<\/h2>\n<p>T\u00e4nu silikoonist siset\u00fckile sobib igale vesipiibu huulikule, on kaanega. Isiklik magnet\u00fcmbrise ja kaelapaelaga huulik \u2013 huulikut saad alati kaasas kanda. Vastupidavatest ja meeldivatest puudutusmaterjalidest valmistatud silikoontihend sobib igale teisele huulikule.<\/p>\n<p><strong>Spetsifikatsioonid:<\/strong><br \/>\nPikkus: 62 mm<br \/>\nL\u00e4bim\u00f5\u00f5t: 26 mm<br \/>\nMaterjal: pol\u00fcatsetaal, silikoon.<br \/>\nV\u00e4rvus: pronks<\/p>\n<p><strong>Varustus:<\/strong><br \/>\nIndividuaalne n\u00f6\u00f6riga huulik<br \/>\nBranded Darside kast<\/p>\n<p>Kas teil on k\u00fcsimusi? v\u00f5ta meiega \u00fchendust\u00a0<a href=\"https:\/\/hookahshop.lt\/et\/kontaktid\/\">kontaktide leht<\/a>\u00a0v\u00f5i saatke meile e-kiri aadressil\u00a0<a href=\"https:\/\/facebook.com\/HookahShop.lt\/\" target=\"_blank\" rel=\"noopener\">Facebooki konto<\/a>\u00a0ja vastame teie taotlusele samal p\u00e4eval.<\/p>\n<p>&nbsp;<\/p>","protected":false},"excerpt":{"rendered":"<p>Individuaalne vesipiibu suuotsik DARKSIDE D Stick Bronze T\u00e4nu silikoonist siset\u00fckile sobib see igale vesipiibu suuotsikule ja sellel on kork. Isiklik suuotsik magnetilise \u00fcmbrise ja kaelarihmaga - saate suuotsikut alati kaasas kanda. Valmistatud vastupidavast ja meeldivast materjalist ning silikoontihend sobib igale teisele suuotsikule. Spetsifikatsioonid: Pikkus: 62 mm L\u00e4bim\u00f5\u00f5t: 26 mm [\u2026]<\/p>","protected":false},"featured_media":42473,"comment_status":"open","ping_status":"closed","template":"","meta":[],"_links":{"self":[{"href":"https:\/\/hookahshop.lt\/et\/wp-json\/wp\/v2\/product\/42441"}],"collection":[{"href":"https:\/\/hookahshop.lt\/et\/wp-json\/wp\/v2\/product"}],"about":[{"href":"https:\/\/hookahshop.lt\/et\/wp-json\/wp\/v2\/types\/product"}],"replies":[{"embeddable":true,"href":"https:\/\/hookahshop.lt\/et\/wp-json\/wp\/v2\/comments?post=42441"}],"version-history":[{"count":8,"href":"https:\/\/hookahshop.lt\/et\/wp-json\/wp\/v2\/product\/42441\/revisions"}],"predecessor-version":[{"id":44049,"href":"https:\/\/hookahshop.lt\/et\/wp-json\/wp\/v2\/product\/42441\/revisions\/44049"}],"wp:featuredmedia":[{"embeddable":true,"href":"https:\/\/hookahshop.lt\/et\/wp-json\/wp\/v2\/media\/42473"}],"wp:attachment":[{"href":"https:\/\/hookahshop.lt\/et\/wp-json\/wp\/v2\/media?parent=42441"}],"curies":[{"name":"wp","href":"https:\/\/api.w.org\/{rel}","templated":true}]}}