{"id":42443,"date":"2025-09-22T14:51:53","date_gmt":"2025-09-22T11:51:53","guid":{"rendered":"https:\/\/hookahshop.lt\/?post_type=product&#038;p=42443"},"modified":"2026-04-16T10:21:44","modified_gmt":"2026-04-16T07:21:44","slug":"gaubtas-taureles-kaitinimui-star-black","status":"publish","type":"product","link":"https:\/\/hookahshop.lt\/et\/toode\/tasside-soojendamiseks-moeldud-kaas-taht-must\/","title":{"rendered":"Tassisoojendaja Star Black"},"content":{"rendered":"<h2><strong>Tassisoojendaja Star Black<\/strong><\/h2>\n<p>Klassikaline tuulekate v\u00e4ljas suitsetamiseks, et kaitsta kookos\u00fcsi tuule eest, v\u00f5i siseruumides suitsutamiseks, et tass h\u00e4sti soojendada.<\/p>\n<p><strong>Spetsifikatsioon:<\/strong><br \/>\nK\u00f5rgus: ~ 27,94 cm<br \/>\nL\u00e4bim\u00f5\u00f5t: ~ 8,89 cm<br \/>\nMaterjal: metall<\/p>\n<p>Kas teil on k\u00fcsimusi? v\u00f5ta meiega \u00fchendust\u00a0<a href=\"https:\/\/hookahshop.lt\/et\/kontaktid\/\">kontaktide leht<\/a>\u00a0v\u00f5i saatke meile e-kiri aadressil\u00a0<a href=\"https:\/\/facebook.com\/HookahShop.lt\/\" target=\"_blank\" rel=\"noopener\">Facebooki konto<\/a>\u00a0ja vastame teie taotlusele samal p\u00e4eval.<\/p>","protected":false},"excerpt":{"rendered":"<p>Star Black Cup Heating Hood Klassikaline tuulekapp, mida kasutatakse \u00f5ues suitsutamisel kookosp\u00e4hkli s\u00fcte kaitsmiseks tuule eest v\u00f5i siseruumides suitsetamisel tassi soojendamiseks. Spetsifikatsioon: K\u00f5rgus: ~ 27,94 cm L\u00e4bim\u00f5\u00f5t: ~ 8,89 cm Materjal: metall Kas teil on k\u00fcsimusi? V\u00f5tke meiega \u00fchendust kontaktide lehel v\u00f5i kirjutage meile Facebookis ja me vastame teie p\u00e4ringule samal p\u00e4eval.<\/p>","protected":false},"featured_media":42470,"comment_status":"open","ping_status":"closed","template":"","meta":[],"_links":{"self":[{"href":"https:\/\/hookahshop.lt\/et\/wp-json\/wp\/v2\/product\/42443"}],"collection":[{"href":"https:\/\/hookahshop.lt\/et\/wp-json\/wp\/v2\/product"}],"about":[{"href":"https:\/\/hookahshop.lt\/et\/wp-json\/wp\/v2\/types\/product"}],"replies":[{"embeddable":true,"href":"https:\/\/hookahshop.lt\/et\/wp-json\/wp\/v2\/comments?post=42443"}],"version-history":[{"count":2,"href":"https:\/\/hookahshop.lt\/et\/wp-json\/wp\/v2\/product\/42443\/revisions"}],"predecessor-version":[{"id":42468,"href":"https:\/\/hookahshop.lt\/et\/wp-json\/wp\/v2\/product\/42443\/revisions\/42468"}],"wp:featuredmedia":[{"embeddable":true,"href":"https:\/\/hookahshop.lt\/et\/wp-json\/wp\/v2\/media\/42470"}],"wp:attachment":[{"href":"https:\/\/hookahshop.lt\/et\/wp-json\/wp\/v2\/media?parent=42443"}],"curies":[{"name":"wp","href":"https:\/\/api.w.org\/{rel}","templated":true}]}}