{"id":42528,"date":"2025-10-02T17:59:25","date_gmt":"2025-10-02T14:59:25","guid":{"rendered":"https:\/\/hookahshop.lt\/?post_type=product&#038;p=42528"},"modified":"2026-04-17T23:30:03","modified_gmt":"2026-04-17T20:30:03","slug":"taurele-kaljanui-fox-tail-green","status":"publish","type":"product","link":"https:\/\/hookahshop.lt\/et\/toode\/vesipiibu-tops-rebasesaba-roheline\/","title":{"rendered":"Vesipiibu tops FOX Tail Green"},"content":{"rendered":"<h2><strong>Vesipiibu tops FOX Tail Green<\/strong><\/h2>\n<p>Sellel on paksud glasuuriga kaetud seinad, mis hoiavad h\u00e4sti soojust ega vaja erilist hoolt. See lubab pikka suitsetamisprotsessi ja sobib igat t\u00fc\u00fcpi tubakale.<br \/>\nVesipiibu segu maht on umbes 15-20 grammi.<\/p>\n<p><strong>Spetsifikatsioonid:<\/strong><br \/>\nK\u00f5rgus: 100 mm<br \/>\nL\u00e4bim\u00f5\u00f5t (v\u00e4limine): 70 mm<br \/>\nL\u00e4bim\u00f5\u00f5t (sisemine): 57 mm<br \/>\nS\u00fcgavus: 18 mm<br \/>\nAva l\u00e4bim\u00f5\u00f5t: 7 mm<br \/>\nAukude arv: 6 tk<\/p>\n<p>Kas teil on k\u00fcsimusi? v\u00f5ta meiega \u00fchendust\u00a0<a href=\"https:\/\/hookahshop.lt\/et\/kontaktid\/\">kontaktide leht<\/a>\u00a0v\u00f5i saatke meile e-kiri aadressil\u00a0<a href=\"https:\/\/facebook.com\/HookahShop.lt\/\" target=\"_blank\" rel=\"noopener noreferrer\">Facebooki konto<\/a>\u00a0ja vastame teie taotlusele samal p\u00e4eval.<\/p>","protected":false},"excerpt":{"rendered":"<p>Vesipiibutops FOX Tail Green Sellel on paksud glasuuriga kaetud seinad, mis hoiavad h\u00e4sti soojust ega vaja erilist hoolt. Lubab pikka suitsetamisprotsessi ja sobib igat t\u00fc\u00fcpi tubakale. Vesipiibu segu maht on umbes 15-20 grammi. Spetsifikatsioonid: K\u00f5rgus: 100 mm L\u00e4bim\u00f5\u00f5t (v\u00e4limine): 70 mm L\u00e4bim\u00f5\u00f5t (sisemine): 57 mm S\u00fcgavus: 18 mm Augu l\u00e4bim\u00f5\u00f5t: 7 mm Aukude arv: [\u2026]<\/p>","protected":false},"featured_media":42529,"comment_status":"open","ping_status":"closed","template":"","meta":[],"_links":{"self":[{"href":"https:\/\/hookahshop.lt\/et\/wp-json\/wp\/v2\/product\/42528"}],"collection":[{"href":"https:\/\/hookahshop.lt\/et\/wp-json\/wp\/v2\/product"}],"about":[{"href":"https:\/\/hookahshop.lt\/et\/wp-json\/wp\/v2\/types\/product"}],"replies":[{"embeddable":true,"href":"https:\/\/hookahshop.lt\/et\/wp-json\/wp\/v2\/comments?post=42528"}],"version-history":[{"count":1,"href":"https:\/\/hookahshop.lt\/et\/wp-json\/wp\/v2\/product\/42528\/revisions"}],"predecessor-version":[{"id":42530,"href":"https:\/\/hookahshop.lt\/et\/wp-json\/wp\/v2\/product\/42528\/revisions\/42530"}],"wp:featuredmedia":[{"embeddable":true,"href":"https:\/\/hookahshop.lt\/et\/wp-json\/wp\/v2\/media\/42529"}],"wp:attachment":[{"href":"https:\/\/hookahshop.lt\/et\/wp-json\/wp\/v2\/media?parent=42528"}],"curies":[{"name":"wp","href":"https:\/\/api.w.org\/{rel}","templated":true}]}}