{"id":42747,"date":"2025-11-06T19:22:36","date_gmt":"2025-11-06T17:22:36","guid":{"rendered":"https:\/\/hookahshop.lt\/?post_type=product&#038;p=42747"},"modified":"2025-12-18T20:07:39","modified_gmt":"2025-12-18T18:07:39","slug":"baterija-elektroniniam-kaljanui-enso-plus","status":"publish","type":"product","link":"https:\/\/hookahshop.lt\/et\/toode\/elektroonilise-vesipiibu-aku-enso-plusile\/","title":{"rendered":"Elektroonilise vesipiibu aku ENSO Plus"},"content":{"rendered":"<h2>Elektroonilise vesipiibu aku ENSO Plus<\/h2>\n<p>See on lisaaku ENSO elektroonilise vesipiibu jaoks. V\u00f5imaldab seadet kauem ilma t\u00e4iendava laadimiseta kasutada \u2013 eriti kasulik reisil olles v\u00f5i pistikupesast kaugel viibides. Battery Plusil on n\u00fc\u00fcd neli LED-indikaatorit, mis n\u00e4itavad praegust laetuse taset. See toetab ka kiirlaadimist, v\u00e4hendades laadimisaega 3,5 tunnist vaid 1,5 tunnini, kui laadite v\u00e4ljaspool ENSO seadet 20 W (v\u00f5i v\u00f5imsama) v\u00e4lise laadijaga.<\/p>\n<p data-start=\"355\" data-end=\"380\"><strong>Spetsifikatsioon:<\/strong><\/p>\n<p>Mahutavus: 5000 mAh liitiumioonaku<br \/>\nKaal: umbes 0,4 kg<br \/>\nK\u00f5rgus: 10,5 cm<br \/>\nLaius: 7 cm<\/p>\n<p><strong>Garantiiperiood:<\/strong><br \/>\n12 kuud.<\/p>\n<p><strong>Kasutamiseks ENSO seadmega vahetatava akumoodulina<\/strong><\/p>\n<p>Kas teil on k\u00fcsimusi? v\u00f5ta meiega \u00fchendust\u00a0<a href=\"https:\/\/hookahshop.lt\/et\/kontaktid\/\">kontaktide leht<\/a>\u00a0v\u00f5i saatke meile e-kiri aadressil\u00a0<a href=\"https:\/\/facebook.com\/HookahShop.lt\/\" target=\"_blank\" rel=\"noopener noreferrer\">Facebooki konto<\/a>\u00a0ja vastame teie taotlusele samal p\u00e4eval.<\/p>","protected":false},"excerpt":{"rendered":"<p>Elektroonilise vesipiibu aku ENSO Plus See on lisaaku ENSO elektroonilise vesipiibu jaoks. V\u00f5imaldab seadet kauem ilma t\u00e4iendava laadimiseta kasutada \u2013 eriti kasulik reisil olles v\u00f5i pistikupesast kaugel olles. Plus-akul on n\u00fc\u00fcd neli LED-indikaatorit, mis n\u00e4itavad praegust laetuse taset. See toetab ka kiirlaadimist, v\u00e4hendades laadimisaega 3,5 tunnist [\u2026]<\/p>","protected":false},"featured_media":42753,"comment_status":"open","ping_status":"closed","template":"","meta":[],"_links":{"self":[{"href":"https:\/\/hookahshop.lt\/et\/wp-json\/wp\/v2\/product\/42747"}],"collection":[{"href":"https:\/\/hookahshop.lt\/et\/wp-json\/wp\/v2\/product"}],"about":[{"href":"https:\/\/hookahshop.lt\/et\/wp-json\/wp\/v2\/types\/product"}],"replies":[{"embeddable":true,"href":"https:\/\/hookahshop.lt\/et\/wp-json\/wp\/v2\/comments?post=42747"}],"version-history":[{"count":7,"href":"https:\/\/hookahshop.lt\/et\/wp-json\/wp\/v2\/product\/42747\/revisions"}],"predecessor-version":[{"id":44363,"href":"https:\/\/hookahshop.lt\/et\/wp-json\/wp\/v2\/product\/42747\/revisions\/44363"}],"wp:featuredmedia":[{"embeddable":true,"href":"https:\/\/hookahshop.lt\/et\/wp-json\/wp\/v2\/media\/42753"}],"wp:attachment":[{"href":"https:\/\/hookahshop.lt\/et\/wp-json\/wp\/v2\/media?parent=42747"}],"curies":[{"name":"wp","href":"https:\/\/api.w.org\/{rel}","templated":true}]}}