{"id":42929,"date":"2025-11-18T13:50:11","date_gmt":"2025-11-18T11:50:11","guid":{"rendered":"https:\/\/hookahshop.lt\/?post_type=product&#038;p=42929"},"modified":"2026-04-17T23:30:03","modified_gmt":"2026-04-17T20:30:03","slug":"stikline-vandens-pypke-black-leaf-pastel","status":"publish","type":"product","link":"https:\/\/hookahshop.lt\/et\/toode\/klaas-veepiip-must-leht-pastell\/","title":{"rendered":"Klaasist veepiip BLACK LEAF Pastelsed lehed 30cm"},"content":{"rendered":"<h2>Klaasist veepiip BLACK LEAF Pastelsed lehed 30cm<\/h2>\n<p>Valmistatud borosilikaatklaasist. K\u00f5rge, kumer, suurema mahuga. J\u00e4\u00e4piludega.<\/p>\n<p><strong>Spetsifikatsioonid:<\/strong><br \/>\nL\u00e4bim\u00f5\u00f5t: 110\/38 mm<br \/>\nPikkus: 300 mm<br \/>\nV\u00e4rv: l\u00e4bipaistev<br \/>\nMaterjal: borosilikaatklaas<\/p>\n<p>Kas teil on k\u00fcsimusi? v\u00f5ta meiega \u00fchendust\u00a0<a href=\"https:\/\/hookahshop.lt\/et\/kontaktid\/\">kontaktide leht<\/a>\u00a0v\u00f5i saatke meile e-kiri aadressil\u00a0<a href=\"https:\/\/facebook.com\/HookahShop.lt\/\" target=\"_blank\" rel=\"noopener noreferrer\">Facebooki konto<\/a>\u00a0ja vastame teie taotlusele samal p\u00e4eval.<\/p>","protected":false},"excerpt":{"rendered":"<p>Stiklin\u0117 vandens pypk\u0117 BLACK LEAF Pastel Leaves 30cm Pagamintas i\u0161 borosilikatinio stiklo. Auk\u0161tas, lenktas, didesnio t\u016brio. Turi ledo \u012fpjovas. Specifikacijos: Skersmuo: 110\/38 mm Ilgis: 300 mm Spalva: Skaidrus Med\u017eiaga: Borosilikatinis stiklas Turite klausim\u0173? Susisiekite su mumis\u00a0kontakt\u0173 puslapyje\u00a0arba para\u0161ykite mums \u012f\u00a0Facebook paskyr\u0105\u00a0ir atsakysime \u012f j\u016bs\u0173 u\u017eklaus\u0105 dar t\u0105 pa\u010di\u0105 dien\u0105.<\/p>","protected":false},"featured_media":42930,"comment_status":"closed","ping_status":"closed","template":"","meta":[],"_links":{"self":[{"href":"https:\/\/hookahshop.lt\/et\/wp-json\/wp\/v2\/product\/42929"}],"collection":[{"href":"https:\/\/hookahshop.lt\/et\/wp-json\/wp\/v2\/product"}],"about":[{"href":"https:\/\/hookahshop.lt\/et\/wp-json\/wp\/v2\/types\/product"}],"replies":[{"embeddable":true,"href":"https:\/\/hookahshop.lt\/et\/wp-json\/wp\/v2\/comments?post=42929"}],"version-history":[{"count":8,"href":"https:\/\/hookahshop.lt\/et\/wp-json\/wp\/v2\/product\/42929\/revisions"}],"predecessor-version":[{"id":44534,"href":"https:\/\/hookahshop.lt\/et\/wp-json\/wp\/v2\/product\/42929\/revisions\/44534"}],"wp:featuredmedia":[{"embeddable":true,"href":"https:\/\/hookahshop.lt\/et\/wp-json\/wp\/v2\/media\/42930"}],"wp:attachment":[{"href":"https:\/\/hookahshop.lt\/et\/wp-json\/wp\/v2\/media?parent=42929"}],"curies":[{"name":"wp","href":"https:\/\/api.w.org\/{rel}","templated":true}]}}