{"id":43043,"date":"2025-11-18T15:02:12","date_gmt":"2025-11-18T13:02:12","guid":{"rendered":"https:\/\/hookahshop.lt\/?post_type=product&#038;p=43043"},"modified":"2026-04-06T23:29:41","modified_gmt":"2026-04-06T20:29:41","slug":"stikline-vandens-pypke-icebong-blue-21cm","status":"publish","type":"product","link":"https:\/\/hookahshop.lt\/et\/toode\/klaasist-veepiip-jaabong-sinine-21cm\/","title":{"rendered":"Klaasist veepiip Icebong sinine 21cm"},"content":{"rendered":"<h2>Klaasist veepiip Icebong sinine 21cm<\/h2>\n<p>Peoks v\u00f5i soojadeks p\u00e4evadeks \u00f5ues: Icebong mini on v\u00e4ike, mugav ja seda saab kanda igas rahakotis! Kickhole ja kolme j\u00e4\u00e4s\u00e4lguga mullitaja on ka v\u00e4ga funktsionaalne. Suurep\u00e4rane bong reisimiseks.<\/p>\n<p><strong>Spetsifikatsioonid:<\/strong><br \/>\nL\u00e4bim\u00f5\u00f5t: 68\/28 mm<br \/>\nPikkus: 210 mm<br \/>\nV\u00e4rv: L\u00e4bipaistev \/ Sinine<br \/>\nToru t\u00fc\u00fcp: 14,5 mm<br \/>\nMaterjal: borosilikaatklaas<\/p>\n<p>Kas teil on k\u00fcsimusi? v\u00f5ta meiega \u00fchendust\u00a0<a href=\"https:\/\/hookahshop.lt\/et\/kontaktid\/\">kontaktide leht<\/a>\u00a0v\u00f5i saatke meile e-kiri aadressil\u00a0<a href=\"https:\/\/facebook.com\/HookahShop.lt\/\" target=\"_blank\" rel=\"noopener noreferrer\">Facebooki konto<\/a>\u00a0ja vastame teie taotlusele samal p\u00e4eval.<\/p>","protected":false},"excerpt":{"rendered":"<p>Klaasist veepiip Icebong Blue 21cm Peoks v\u00f5i soojadeks p\u00e4evadeks \u00f5ues: Icebong mini on v\u00e4ike, mugav ja seda saab igas kotis kaasas kanda! J\u00e4\u00e4ava ja kolme j\u00e4\u00e4pesaga on see mullitaja ka v\u00e4ga funktsionaalne. Ideaalne bong reisimiseks. Spetsifikatsioonid: L\u00e4bim\u00f5\u00f5t: 68\/28 mm Pikkus: 210 mm V\u00e4rvus: L\u00e4bipaistev \/ Sinine Toru t\u00fc\u00fcp: 14,5 mm Materjal: [\u2026]<\/p>","protected":false},"featured_media":43045,"comment_status":"closed","ping_status":"closed","template":"","meta":[],"_links":{"self":[{"href":"https:\/\/hookahshop.lt\/et\/wp-json\/wp\/v2\/product\/43043"}],"collection":[{"href":"https:\/\/hookahshop.lt\/et\/wp-json\/wp\/v2\/product"}],"about":[{"href":"https:\/\/hookahshop.lt\/et\/wp-json\/wp\/v2\/types\/product"}],"replies":[{"embeddable":true,"href":"https:\/\/hookahshop.lt\/et\/wp-json\/wp\/v2\/comments?post=43043"}],"version-history":[{"count":4,"href":"https:\/\/hookahshop.lt\/et\/wp-json\/wp\/v2\/product\/43043\/revisions"}],"predecessor-version":[{"id":45194,"href":"https:\/\/hookahshop.lt\/et\/wp-json\/wp\/v2\/product\/43043\/revisions\/45194"}],"wp:featuredmedia":[{"embeddable":true,"href":"https:\/\/hookahshop.lt\/et\/wp-json\/wp\/v2\/media\/43045"}],"wp:attachment":[{"href":"https:\/\/hookahshop.lt\/et\/wp-json\/wp\/v2\/media?parent=43043"}],"curies":[{"name":"wp","href":"https:\/\/api.w.org\/{rel}","templated":true}]}}