{"id":43128,"date":"2025-11-18T15:05:20","date_gmt":"2025-11-18T13:05:20","guid":{"rendered":"https:\/\/hookahshop.lt\/?post_type=product&#038;p=43128"},"modified":"2026-04-05T23:29:44","modified_gmt":"2026-04-05T20:29:44","slug":"popiereliai-raw-organic-hemp-papers","status":"publish","type":"product","link":"https:\/\/hookahshop.lt\/et\/toode\/paberid-toores-orgaaniline-kanep-paber\/","title":{"rendered":"RAW orgaanilised kanepipaberid"},"content":{"rendered":"<h2>RAW orgaanilised kanepipaberid<\/h2>\n<p>Rullitav RAW sigaretipaber \u2013 valmistatud orgaanilistest, t\u00f6\u00f6tlemata ja pleegitamata looduslikest kiududest.<\/p>\n<p><strong>Spetsifikatsioonid:<\/strong><br \/>\nSuurus: 78x44mm<br \/>\nPakis on 50 paberit.<\/p>\n<p>Kas teil on k\u00fcsimusi? v\u00f5ta meiega \u00fchendust\u00a0<a href=\"https:\/\/hookahshop.lt\/et\/kontaktid\/\">kontaktide leht<\/a>\u00a0v\u00f5i saatke meile e-kiri aadressil\u00a0<a href=\"https:\/\/facebook.com\/HookahShop.lt\/\" target=\"_blank\" rel=\"noopener\">Facebooki konto<\/a>\u00a0ja vastame teie taotlusele samal p\u00e4eval.<\/p>","protected":false},"excerpt":{"rendered":"<p>Papers RAW Organic Hemp Papers RAW sigaretirullpaber - valmistatud orgaanilistest, t\u00f6\u00f6tlemata ja pleegitamata looduslikest kiududest. Spetsifikatsioonid: Suurus: 78x44mm 50 paberit pakis. Kas teil on k\u00fcsimusi? V\u00f5tke meiega \u00fchendust kontaktide lehel v\u00f5i kirjutage meile Facebookis ja me vastame teie k\u00fcsimusele samal p\u00e4eval.<\/p>","protected":false},"featured_media":43129,"comment_status":"closed","ping_status":"closed","template":"","meta":[],"_links":{"self":[{"href":"https:\/\/hookahshop.lt\/et\/wp-json\/wp\/v2\/product\/43128"}],"collection":[{"href":"https:\/\/hookahshop.lt\/et\/wp-json\/wp\/v2\/product"}],"about":[{"href":"https:\/\/hookahshop.lt\/et\/wp-json\/wp\/v2\/types\/product"}],"replies":[{"embeddable":true,"href":"https:\/\/hookahshop.lt\/et\/wp-json\/wp\/v2\/comments?post=43128"}],"version-history":[{"count":5,"href":"https:\/\/hookahshop.lt\/et\/wp-json\/wp\/v2\/product\/43128\/revisions"}],"predecessor-version":[{"id":45213,"href":"https:\/\/hookahshop.lt\/et\/wp-json\/wp\/v2\/product\/43128\/revisions\/45213"}],"wp:featuredmedia":[{"embeddable":true,"href":"https:\/\/hookahshop.lt\/et\/wp-json\/wp\/v2\/media\/43129"}],"wp:attachment":[{"href":"https:\/\/hookahshop.lt\/et\/wp-json\/wp\/v2\/media?parent=43128"}],"curies":[{"name":"wp","href":"https:\/\/api.w.org\/{rel}","templated":true}]}}