{"id":43131,"date":"2025-11-18T13:54:34","date_gmt":"2025-11-18T11:54:34","guid":{"rendered":"https:\/\/hookahshop.lt\/?post_type=product&#038;p=43131"},"modified":"2026-04-10T12:52:04","modified_gmt":"2026-04-10T09:52:04","slug":"popiereliai-smoking-brown-papers-ks-ultra","status":"publish","type":"product","link":"https:\/\/hookahshop.lt\/et\/toode\/paberid-suitsetamine-pruunid-paberid-ks-ultra\/","title":{"rendered":"SUITSETAMINE Pruunid paberid KS Ultra"},"content":{"rendered":"<h2>SUITSETAMINE Pruunid paberid KS Ultra<\/h2>\n<p>Suitsetamiseks m\u00f5eldud sigaretirullpaber on valmistatud orgaanilistest, t\u00f6\u00f6tlemata ja pleegitamata looduslikest kiududest.<\/p>\n<p><strong>Spetsifikatsioonid:<\/strong><\/p>\n<p>Suurus: 108 \u00d7 44 mm (kuninglik suurus)<\/p>\n<p>Pakis on 33 paberit.<\/p>\n<p>Kas teil on k\u00fcsimusi? v\u00f5ta meiega \u00fchendust\u00a0<a href=\"https:\/\/hookahshop.lt\/et\/kontaktid\/\">kontaktide leht<\/a>\u00a0v\u00f5i saatke meile e-kiri aadressil\u00a0<a href=\"https:\/\/facebook.com\/HookahShop.lt\/\" target=\"_blank\" rel=\"noopener\">Facebooki konto<\/a>\u00a0ja vastame teie taotlusele samal p\u00e4eval.<\/p>","protected":false},"excerpt":{"rendered":"<p>SUITSETAMISE Pruunid sigaretipaberid KS Ultra Rolling Smoking Brown Papers KS Ultra Rolling Smoking sigaretipaber - valmistatud orgaanilistest, t\u00f6\u00f6tlemata ja pleegitamata looduslikest kiududest. Spetsifikatsioonid: Suurus: 108 \u00d7 44 mm (King Size) 33 paberit pakis. Kas teil on k\u00fcsimusi? V\u00f5tke meiega \u00fchendust kontaktide lehel v\u00f5i kirjutage meile Facebookis ja me vastame teie p\u00e4ringule samal p\u00e4eval.<\/p>","protected":false},"featured_media":43132,"comment_status":"closed","ping_status":"closed","template":"","meta":[],"_links":{"self":[{"href":"https:\/\/hookahshop.lt\/et\/wp-json\/wp\/v2\/product\/43131"}],"collection":[{"href":"https:\/\/hookahshop.lt\/et\/wp-json\/wp\/v2\/product"}],"about":[{"href":"https:\/\/hookahshop.lt\/et\/wp-json\/wp\/v2\/types\/product"}],"replies":[{"embeddable":true,"href":"https:\/\/hookahshop.lt\/et\/wp-json\/wp\/v2\/comments?post=43131"}],"version-history":[{"count":5,"href":"https:\/\/hookahshop.lt\/et\/wp-json\/wp\/v2\/product\/43131\/revisions"}],"predecessor-version":[{"id":45318,"href":"https:\/\/hookahshop.lt\/et\/wp-json\/wp\/v2\/product\/43131\/revisions\/45318"}],"wp:featuredmedia":[{"embeddable":true,"href":"https:\/\/hookahshop.lt\/et\/wp-json\/wp\/v2\/media\/43132"}],"wp:attachment":[{"href":"https:\/\/hookahshop.lt\/et\/wp-json\/wp\/v2\/media?parent=43131"}],"curies":[{"name":"wp","href":"https:\/\/api.w.org\/{rel}","templated":true}]}}