{"id":43234,"date":"2025-11-19T09:57:21","date_gmt":"2025-11-19T07:57:21","guid":{"rendered":"https:\/\/hookahshop.lt\/?post_type=product&#038;p=43234"},"modified":"2026-04-06T23:29:41","modified_gmt":"2026-04-06T20:29:41","slug":"akriline-vandens-pypke-slim-green-20cm","status":"publish","type":"product","link":"https:\/\/hookahshop.lt\/et\/toode\/akruul-veepiip-ohuke-roheline-20cm\/","title":{"rendered":"Akr\u00fc\u00fclist veepiip Slim Green 20cm"},"content":{"rendered":"<h2>Akr\u00fc\u00fclist veepiip Slim Green 20cm<\/h2>\n<p>V\u00e4ike k\u00e4ep\u00e4rane metalltoruga akr\u00fc\u00fclbong. Mugav reisil v\u00f5i kodus. Sellel bongil on v\u00e4ike kummitihendiga l\u00f6\u00f6giauk ning paindlik ja eemaldatav alus stabiilsuse ja haarde tagamiseks.<\/p>\n<p><strong>Spetsifikatsioonid:<\/strong><br \/>\nK\u00f5rgus: 20 cm<br \/>\nL\u00e4bim\u00f5\u00f5t: 3 cm<br \/>\nMaterjal: akr\u00fc\u00fcl<\/p>\n<p>Kas teil on k\u00fcsimusi? v\u00f5ta meiega \u00fchendust\u00a0<a href=\"https:\/\/hookahshop.lt\/et\/kontaktid\/\">kontaktide leht<\/a>\u00a0v\u00f5i saatke meile e-kiri aadressil\u00a0<a href=\"https:\/\/facebook.com\/HookahShop.lt\/\" target=\"_blank\" rel=\"noopener\">Facebooki konto<\/a>\u00a0ja vastame teie taotlusele samal p\u00e4eval.<\/p>","protected":false},"excerpt":{"rendered":"<p>Akr\u00fc\u00fclist veepiip Slim Green 20cm V\u00e4ike ja mugav akr\u00fc\u00fclist bong metalltoruga. Mugav reisimiseks v\u00f5i koju kaasa v\u00f5tmiseks. Sellel bongil on v\u00e4ike &quot;jalaava&quot; kummist tihendiga ja painduv ning eemaldatav alus, mis tagab stabiilsuse ja haarde. Spetsifikatsioonid: K\u00f5rgus: 20 cm L\u00e4bim\u00f5\u00f5t: 3 cm Materjal: Akr\u00fc\u00fcl Kas teil on k\u00fcsimusi? V\u00f5tke meiega \u00fchendust kontaktide lehel v\u00f5i kirjutage meile Facebookis ja me vastame teie [\u2026]<\/p>","protected":false},"featured_media":43256,"comment_status":"closed","ping_status":"closed","template":"","meta":[],"_links":{"self":[{"href":"https:\/\/hookahshop.lt\/et\/wp-json\/wp\/v2\/product\/43234"}],"collection":[{"href":"https:\/\/hookahshop.lt\/et\/wp-json\/wp\/v2\/product"}],"about":[{"href":"https:\/\/hookahshop.lt\/et\/wp-json\/wp\/v2\/types\/product"}],"replies":[{"embeddable":true,"href":"https:\/\/hookahshop.lt\/et\/wp-json\/wp\/v2\/comments?post=43234"}],"version-history":[{"count":5,"href":"https:\/\/hookahshop.lt\/et\/wp-json\/wp\/v2\/product\/43234\/revisions"}],"predecessor-version":[{"id":44435,"href":"https:\/\/hookahshop.lt\/et\/wp-json\/wp\/v2\/product\/43234\/revisions\/44435"}],"wp:featuredmedia":[{"embeddable":true,"href":"https:\/\/hookahshop.lt\/et\/wp-json\/wp\/v2\/media\/43256"}],"wp:attachment":[{"href":"https:\/\/hookahshop.lt\/et\/wp-json\/wp\/v2\/media?parent=43234"}],"curies":[{"name":"wp","href":"https:\/\/api.w.org\/{rel}","templated":true}]}}