{"id":43291,"date":"2025-11-20T09:26:40","date_gmt":"2025-11-20T07:26:40","guid":{"rendered":"https:\/\/hookahshop.lt\/?post_type=product&#038;p=43291"},"modified":"2026-04-15T23:29:40","modified_gmt":"2026-04-15T20:29:40","slug":"savaime-uzsidegancios-kaljano-anglys-three","status":"publish","type":"product","link":"https:\/\/hookahshop.lt\/et\/toode\/isesuttivad-vesipiibu-soed-kolm\/","title":{"rendered":"Ises\u00fcttivad vesipiibu s\u00f6ed THREE KINGS 33mm"},"content":{"rendered":"<h2>Ises\u00fcttivad vesipiibu s\u00f6ed THREE KINGS 33mm<\/h2>\n<p>Kvaliteetne, kergesti s\u00fcttiv ja ei eralda l\u00f5hna ega suitsu, ei m\u00f5juta suitsetatava tubaka maitset. Valmistatud Hollandis.<\/p>\n<p><strong>Spetsifikatsioon:<\/strong><br \/>\nL\u00e4bim\u00f5\u00f5t: 33 mm<br \/>\nP\u00f5leb kuni 1 tund<br \/>\nSobib k\u00f5ikidele tassidele<\/p>\n<p>Hind on 1 rulli kohta (10 t\u00fckki, tabletid)<\/p>\n<p>Kas teil on k\u00fcsimusi? v\u00f5ta meiega \u00fchendust\u00a0<a href=\"https:\/\/hookahshop.lt\/et\/kontaktid\/\">kontaktide leht<\/a>\u00a0v\u00f5i saatke meile e-kiri aadressil\u00a0<a href=\"https:\/\/facebook.com\/HookahShop.lt\/\" target=\"_blank\" rel=\"noopener\">Facebooki konto<\/a>\u00a0ja vastame teie taotlusele samal p\u00e4eval.<\/p>","protected":false},"excerpt":{"rendered":"<p>Ises\u00fcttuvad vesipiibu s\u00f6ed THREE KINGS 33mm K\u00f5rge kvaliteet, s\u00fcttib kergesti ega eralda l\u00f5hna ega suitsu, ei m\u00f5juta suitsetatava tubaka maitset. Valmistatud Hollandis. Spetsifikatsioon: L\u00e4bim\u00f5\u00f5t: 33 mm P\u00f5leb kuni 1 tund Sobib k\u00f5ikidele tassidele Hind on 1 rulli (10 tk, tabletid) kohta Kas teil on k\u00fcsimusi? V\u00f5tke meiega \u00fchendust kontaktide lehel v\u00f5i kirjutage meile Facebookis ja me vastame teie [\u2026]<\/p>","protected":false},"featured_media":43293,"comment_status":"closed","ping_status":"closed","template":"","meta":[],"_links":{"self":[{"href":"https:\/\/hookahshop.lt\/et\/wp-json\/wp\/v2\/product\/43291"}],"collection":[{"href":"https:\/\/hookahshop.lt\/et\/wp-json\/wp\/v2\/product"}],"about":[{"href":"https:\/\/hookahshop.lt\/et\/wp-json\/wp\/v2\/types\/product"}],"replies":[{"embeddable":true,"href":"https:\/\/hookahshop.lt\/et\/wp-json\/wp\/v2\/comments?post=43291"}],"version-history":[{"count":5,"href":"https:\/\/hookahshop.lt\/et\/wp-json\/wp\/v2\/product\/43291\/revisions"}],"predecessor-version":[{"id":45367,"href":"https:\/\/hookahshop.lt\/et\/wp-json\/wp\/v2\/product\/43291\/revisions\/45367"}],"wp:featuredmedia":[{"embeddable":true,"href":"https:\/\/hookahshop.lt\/et\/wp-json\/wp\/v2\/media\/43293"}],"wp:attachment":[{"href":"https:\/\/hookahshop.lt\/et\/wp-json\/wp\/v2\/media?parent=43291"}],"curies":[{"name":"wp","href":"https:\/\/api.w.org\/{rel}","templated":true}]}}