{"id":43534,"date":"2025-11-24T09:18:00","date_gmt":"2025-11-24T07:18:00","guid":{"rendered":"https:\/\/hookahshop.lt\/?post_type=product&#038;p=43534"},"modified":"2026-04-15T23:29:40","modified_gmt":"2026-04-15T20:29:40","slug":"taurele-kaljanui-thor-alien-tng-glaze","status":"publish","type":"product","link":"https:\/\/hookahshop.lt\/et\/toode\/vesipiibu-tass-thor-tulnukas-tng-glasuur\/","title":{"rendered":"Vesipiibu tops THOR Alien TNG Glaze"},"content":{"rendered":"<h2 data-start=\"46\" data-end=\"410\">Vesipiibu tops THOR Alien TNG Glaze<\/h2>\n<p data-start=\"412\" data-end=\"810\">Thor Alien TNG Glaze kauss sobib ideaalselt nii kange kui ka lahja tubaka jaoks. Kausi saab h\u00f5lpsasti ette valmistada, mille tulemuseks on suitsune ja maitsev vesipiip, mist\u00f5ttu sobib see algajatele. Kauss on kaetud glasuuriga, seega s\u00e4ilitab see oma suurep\u00e4rase v\u00e4limuse aastaid. V\u00e4ikese mahutavuse t\u00f5ttu sobib see \u00fcksikult suitsetamiseks.<\/p>\n<p data-start=\"896\" data-end=\"917\"><strong>Spetsifikatsioonid:<\/strong><\/p>\n<p data-start=\"920\" data-end=\"937\">K\u00f5rgus: 101 mm<\/p>\n<p data-start=\"920\" data-end=\"937\">L\u00e4bim\u00f5\u00f5t (v\u00e4limine): 70 mm<\/p>\n<p data-start=\"971\" data-end=\"998\">L\u00e4bim\u00f5\u00f5t (sisemine): 63mm<\/p>\n<p data-start=\"1001\" data-end=\"1015\">S\u00fcgavus: 11mm<\/p>\n<p data-start=\"1044\" data-end=\"1067\">Aukude arv: 1 tk.<\/p>\n<p data-start=\"1070\" data-end=\"1090\" data-is-last-node=\"\">Kaal: umbes 175 g<\/p>\n<p data-start=\"1070\" data-end=\"1090\" data-is-last-node=\"\">Kas teil on k\u00fcsimusi? v\u00f5ta meiega \u00fchendust\u00a0<a href=\"https:\/\/hookahshop.lt\/et\/kontaktid\/\">kontaktide leht<\/a>\u00a0v\u00f5i saatke meile e-kiri aadressil\u00a0<a href=\"https:\/\/facebook.com\/HookahShop.lt\/\" target=\"_blank\" rel=\"noopener\">Facebooki konto<\/a>\u00a0ja vastame teie taotlusele samal p\u00e4eval.<\/p>","protected":false},"excerpt":{"rendered":"<p>Vesipiibu kauss THOR Alien TNG Glaze Thor Alien TNG Glaze kauss sobib ideaalselt nii tugeva kui ka lahja tubaka jaoks. Kausi saab h\u00f5lpsasti ette valmistada suitsuse ja maitsva vesipiibu saamiseks, seega sobib see algajatele. Kauss on kaetud glasuuriga, nii et see s\u00e4ilitab oma suurep\u00e4rase v\u00e4limuse aastaid. V\u00e4ikese mahutavuse t\u00f5ttu sobib see \u00fcksi suitsetamiseks. Spetsifikatsioonid: K\u00f5rgus: 101mm L\u00e4bim\u00f5\u00f5t (v\u00e4limine): 70mm L\u00e4bim\u00f5\u00f5t (sisemine): [\u2026]<\/p>","protected":false},"featured_media":43539,"comment_status":"open","ping_status":"closed","template":"","meta":[],"_links":{"self":[{"href":"https:\/\/hookahshop.lt\/et\/wp-json\/wp\/v2\/product\/43534"}],"collection":[{"href":"https:\/\/hookahshop.lt\/et\/wp-json\/wp\/v2\/product"}],"about":[{"href":"https:\/\/hookahshop.lt\/et\/wp-json\/wp\/v2\/types\/product"}],"replies":[{"embeddable":true,"href":"https:\/\/hookahshop.lt\/et\/wp-json\/wp\/v2\/comments?post=43534"}],"version-history":[{"count":7,"href":"https:\/\/hookahshop.lt\/et\/wp-json\/wp\/v2\/product\/43534\/revisions"}],"predecessor-version":[{"id":45664,"href":"https:\/\/hookahshop.lt\/et\/wp-json\/wp\/v2\/product\/43534\/revisions\/45664"}],"wp:featuredmedia":[{"embeddable":true,"href":"https:\/\/hookahshop.lt\/et\/wp-json\/wp\/v2\/media\/43539"}],"wp:attachment":[{"href":"https:\/\/hookahshop.lt\/et\/wp-json\/wp\/v2\/media?parent=43534"}],"curies":[{"name":"wp","href":"https:\/\/api.w.org\/{rel}","templated":true}]}}